{"id":83300,"date":"2020-06-04T13:07:16","date_gmt":"2020-06-04T13:07:16","guid":{"rendered":"http:\/\/amel-manai.com\/redesign\/?page_id=83300"},"modified":"2026-03-19T09:14:34","modified_gmt":"2026-03-19T09:14:34","slug":"schwerpunkte-traumatherapie","status":"publish","type":"page","link":"https:\/\/amel-paulukat.com\/en\/schwerpunkte-traumatherapie\/","title":{"rendered":"Schwerpunkte"},"content":{"rendered":"<div class=\"wpb-content-wrapper\"><p>[vc_row row_height_percent=&#8221;0&#8243; override_padding=&#8221;yes&#8221; h_padding=&#8221;2&#8243; top_padding=&#8221;5&#8243; bottom_padding=&#8221;5&#8243; overlay_alpha=&#8221;0&#8243; equal_height=&#8221;yes&#8221; gutter_size=&#8221;3&#8243; column_width_percent=&#8221;100&#8243; shift_y=&#8221;0&#8243; z_index=&#8221;0&#8243; bottom_divider=&#8221;gradient&#8221; el_class=&#8221;row-letaral section-lateral row-horizontal-display overflow-hidden shape-bg additions schwerpunkte-text-block&#8221; css=&#8221;.vc_custom_1593674453133{padding-bottom: 88px !important;}&#8221;][vc_column column_width_use_pixel=&#8221;yes&#8221; position_vertical=&#8221;middle&#8221; align_horizontal=&#8221;align_center&#8221; gutter_size=&#8221;3&#8243; overlay_alpha=&#8221;50&#8243; shift_x=&#8221;0&#8243; shift_y=&#8221;0&#8243; shift_y_down=&#8221;0&#8243; z_index=&#8221;0&#8243; medium_width=&#8221;0&#8243; mobile_width=&#8221;0&#8243; width=&#8221;1\/1&#8243; css=&#8221;.vc_custom_1591956870541{padding-bottom: 0px !important;}&#8221;][vc_row_inner row_inner_height_percent=&#8221;0&#8243; force_width_grid=&#8221;yes&#8221; overlay_alpha=&#8221;50&#8243; gutter_size=&#8221;3&#8243; shift_y=&#8221;-1&#8243; z_index=&#8221;0&#8243; css=&#8221;.vc_custom_1591962059954{border-bottom-width: 0px !important;}&#8221;][vc_column_inner column_width_use_pixel=&#8221;yes&#8221; align_horizontal=&#8221;align_center&#8221; gutter_size=&#8221;2&#8243; overlay_alpha=&#8221;50&#8243; shift_x=&#8221;0&#8243; shift_y=&#8221;0&#8243; shift_y_down=&#8221;0&#8243; z_index=&#8221;0&#8243; medium_width=&#8221;0&#8243; mobile_width=&#8221;0&#8243; width=&#8221;1\/1&#8243; column_width_pixel=&#8221;800&#8243; css=&#8221;.vc_custom_1591956914165{padding-bottom: 0px !important;}&#8221;][vc_custom_heading text_color=&#8221;accent&#8221;]Schwerpunkte[\/vc_custom_heading][vc_empty_space empty_h=&#8221;2&#8243;][vc_column_text]In meiner bisherigen Beratungs-, Coaching und Therapiearbeit konnte ich meine Klienten und Patienten auf folgenden Gebieten erfolgreich unterst\u00fctzen:[\/vc_column_text][vc_column_text el_class=&#8221;schwerpunkte-labels&#8221;]<\/p>\n<ul>\n<li>Trauma im pers\u00f6nlichen und famili\u00e4ren System<\/li>\n<li>Traumafolgest\u00f6rungen und komplexe Traumadynamiken.<\/li>\n<li>Trauma aus der Herkunftsfamilie und transgenerationale Belastungen.<\/li>\n<li>Traumafolgest\u00f6rungen und komplexe Traumadynamiken.<\/li>\n<li>Bindungs- und Entwicklungstrauma.<\/li>\n<li>Traumabedingte St\u00f6rungen der Affektregulation.<\/li>\n<li>Dissoziative Reaktionen und emotionale Taubheit.<\/li>\n<li>Intrusionen, Flashbacks und belastende Erinnerungsfragmente.<\/li>\n<li>Somatische Stressreaktionen und psychosomatische Belastungen.<\/li>\n<li>Trauerreaktionen im Kontext von Trauma.<\/li>\n<li>\u00a0Prolongierte Trauerst\u00f6rung \/ komplizierte Trauerverl\u00e4ufe.<\/li>\n<li>\u00a0Blockierte Trauerprozesse durch traumatische Vorerfahrungen.<\/li>\n<li>Transgenerationale Traumamuster und systemische Verstrickungen.<\/li>\n<li>\u00a0Famili\u00e4re Loyalit\u00e4ten und verdeckte Bindungsabbr\u00fcche.<\/li>\n<li>\u00a0Kollektive und generationen\u00fcbergreifende Trauerbelastungen.<\/li>\n<li>Schuld- und Schamkonflikte nach Verlusten.<\/li>\n<li>Emotionale \u00dcberforderung, Ersch\u00f6pfung und chronische Stresszust\u00e4nde.<\/li>\n<li>St\u00f6rungen der Selbstanbindung und Identit\u00e4tsverunsicherung.<\/li>\n<li>Verlust von innerer Sicherheit und Orientierung.<\/li>\n<li>Familiensystemische Verstrickungen und verdeckte Loyalit\u00e4ten.<\/li>\n<li>Beziehungs- und Bindungsdynamiken.<\/li>\n<li>Psychische Belastungen wie Angst, Ersch\u00f6pfung, \u00dcberforderung.<\/li>\n<li>Identit\u00e4ts- und Selbstwertkonflikte.<\/li>\n<li>Angst- und Zwangssymptomatik im Kontext von Trauma.<\/li>\n<li>Emotionale \u00dcberlastung in Arbeits- und Organisationssystemen.<\/li>\n<li>Organisations\u2011 und Kollektivtrauma<\/li>\n<li>Organisations- und Systemtrauma.<\/li>\n<li>Kollektive Traumadynamiken in Gruppen und Organisationen.<\/li>\n<li>Transgenerationale und organisationale Traumamuster.<\/li>\n<\/ul>\n<p>&nbsp;<\/p>\n<p>&nbsp;<\/p>\n<div class=\"uncode_text_column display-block\">\n<p>&nbsp;<\/p>\n<\/div>\n<p>[\/vc_column_text][\/vc_column_inner][\/vc_row_inner][vc_empty_space empty_h=&#8221;3&#8243;][\/vc_column][\/vc_row][vc_row unlock_row_content=&#8221;yes&#8221; row_height_percent=&#8221;0&#8243; back_color=&#8221;color-lxmt&#8221; overlay_alpha=&#8221;50&#8243; gutter_size=&#8221;3&#8243; column_width_percent=&#8221;100&#8243; shift_y=&#8221;0&#8243; z_index=&#8221;0&#8243; el_class=&#8221;full-section-with-bg hidden&#8221; css=&#8221;.vc_custom_1707486220885{padding-top: 80px !important;padding-bottom: 80px !important;}&#8221;][vc_column width=&#8221;1\/1&#8243;][vc_row_inner row_inner_height_percent=&#8221;0&#8243; back_image=&#8221;83463&#8243; back_repeat=&#8221;no-repeat&#8221; back_attachment=&#8221;scroll&#8221; back_position=&#8221;right center&#8221; overlay_alpha=&#8221;50&#8243; gutter_size=&#8221;3&#8243; shift_y=&#8221;0&#8243; z_index=&#8221;0&#8243; back_size=&#8221;664px 432px&#8221;][vc_column_inner width=&#8221;1\/1&#8243;][vc_empty_space empty_h=&#8221;2&#8243;][vc_custom_heading text_color=&#8221;accent&#8221;]Kontext Mensch[\/vc_custom_heading][vc_column_text]\u2981 \u00c4ngsten und Phobien (Pr\u00fcfungs- u. Vortragsangst, Lernblockaden, Angst vor Tieren \/ H\u00f6hen\/ Flug)<br \/>\n\u2981 Psychosomatischen Beschwerden<br \/>\n\u2981 Entwicklungsprobleme in der Pubert\u00e4t<br \/>\n\u2981 Beziehungsst\u00f6rungen und Trennungskonflikten<br \/>\n\u2981 Unerf\u00fclltem Kinderwunsch<br \/>\n\u2981 Unerf\u00fclltem Beziehungswunsch<br \/>\n\u2981 Zwangsst\u00f6rungen<br \/>\n\u2981 Blockaden und negativen Verhaltensmuster<br \/>\n\u2981 Depressionen<br \/>\n\u2981 Schlafst\u00f6rungen<br \/>\n\u2981 K\u00f6rperliche Symptome wie Allergien, Bluthochdruck, Gewichtsprobleme, Kopfschmerzen, Panikattacken, Tinnitus<br \/>\n\u2981 Suchtst\u00f6rungen<br \/>\n\u2981 Anpassungsst\u00f6rungen<br \/>\n\u2981 Stresssymptome<br \/>\n\u2981 Trauerprozesse<br \/>\n\u2981 Seelische Verletzungen<br \/>\n\u2981 Trauma und Traumafolgest\u00f6rung<br \/>\n\u2981 Alte Partnerschaften nicht loslassen k\u00f6nnen<br \/>\n\u2981 Negative Glaubenss\u00e4tze[\/vc_column_text][vc_column_text]Es kann notwendig sein, vor Beginn einer Therapie die jeweiligen Symptome auf eine evtl. k\u00f6rperliche Entstehung durch den Facharzt pr\u00fcfen zu lassen. Gerne bespreche ich diese oder weitere Vorgehensweisen mit Ihnen.[\/vc_column_text][vc_empty_space empty_h=&#8221;2&#8243;][\/vc_column_inner][\/vc_row_inner][\/vc_column][\/vc_row]<\/p>\n<\/div>","protected":false},"excerpt":{"rendered":"<p>[vc_row row_height_percent=&#8221;0&#8243; override_padding=&#8221;yes&#8221; h_padding=&#8221;2&#8243; top_padding=&#8221;5&#8243; bottom_padding=&#8221;5&#8243; overlay_alpha=&#8221;0&#8243; equal_height=&#8221;yes&#8221; gutter_size=&#8221;3&#8243; column_width_percent=&#8221;100&#8243; shift_y=&#8221;0&#8243; z_index=&#8221;0&#8243; bottom_divider=&#8221;gradient&#8221; el_class=&#8221;row-letaral section-lateral row-horizontal-display overflow-hidden shape-bg additions schwerpunkte-text-block&#8221; [&hellip;]<\/p>\n","protected":false},"author":1,"featured_media":83574,"parent":0,"menu_order":0,"comment_status":"closed","ping_status":"closed","template":"","meta":{"footnotes":""},"class_list":["post-83300","page","type-page","status-publish","has-post-thumbnail","hentry"],"yoast_head":"<!-- This site is optimized with the Yoast SEO plugin v26.3 - https:\/\/yoast.com\/wordpress\/plugins\/seo\/ -->\n<title>Schwerpunkte<\/title>\n<meta name=\"description\" content=\"Traumatherapie &amp; Systemische Therapie in Essen. Ich begleite Menschen dabei, die Folgen belastender Erfahrungen zu verarbeiten und innere Stabilit\u00e4t zur\u00fcckzugewinnen. Mein Schwerpunkt liegt auf systemischer Traumatherapie, EMDR und der systemischen Traumaaufstellung. Diese integrativen Methoden unterst\u00fctzen dabei, traumatische Erinnerungen zu entlasten, innere Anteile zu ordnen und neue, st\u00e4rkende Perspektiven zu entwickeln \u2013 f\u00fcr mehr Klarheit, Selbstbestimmung und Lebensqualit\u00e4t.\" \/>\n<meta name=\"robots\" content=\"index, follow, max-snippet:-1, max-image-preview:large, max-video-preview:-1\" \/>\n<link rel=\"canonical\" href=\"https:\/\/amel-paulukat.com\/en\/schwerpunkte-traumatherapie\/\" \/>\n<meta property=\"og:locale\" content=\"en_US\" \/>\n<meta property=\"og:locale:alternate\" content=\"de_DE\" \/>\n<meta property=\"og:type\" content=\"article\" \/>\n<meta property=\"og:title\" content=\"Schwerpunkte\" \/>\n<meta property=\"og:description\" content=\"Traumatherapie &amp; Systemische Therapie in Essen. Ich begleite Menschen dabei, die Folgen belastender Erfahrungen zu verarbeiten und innere Stabilit\u00e4t zur\u00fcckzugewinnen. Mein Schwerpunkt liegt auf systemischer Traumatherapie, EMDR und der systemischen Traumaaufstellung. Diese integrativen Methoden unterst\u00fctzen dabei, traumatische Erinnerungen zu entlasten, innere Anteile zu ordnen und neue, st\u00e4rkende Perspektiven zu entwickeln \u2013 f\u00fcr mehr Klarheit, Selbstbestimmung und Lebensqualit\u00e4t.\" \/>\n<meta property=\"og:url\" content=\"https:\/\/amel-paulukat.com\/en\/schwerpunkte-traumatherapie\/\" \/>\n<meta property=\"og:site_name\" content=\"Amel Paulukat\" \/>\n<meta property=\"article:modified_time\" content=\"2026-03-19T09:14:34+00:00\" \/>\n<meta property=\"og:image\" content=\"https:\/\/amel-paulukat.com\/wp-content\/uploads\/2020\/06\/schwerpunkte-bg3.jpg\" \/>\n\t<meta property=\"og:image:width\" content=\"1500\" \/>\n\t<meta property=\"og:image:height\" content=\"634\" \/>\n\t<meta property=\"og:image:type\" content=\"image\/jpeg\" \/>\n<meta name=\"twitter:card\" content=\"summary_large_image\" \/>\n<meta name=\"twitter:label1\" content=\"Est. reading time\" \/>\n\t<meta name=\"twitter:data1\" content=\"3 minutes\" \/>\n<script type=\"application\/ld+json\" class=\"yoast-schema-graph\">{\"@context\":\"https:\/\/schema.org\",\"@graph\":[{\"@type\":\"Article\",\"@id\":\"https:\/\/amel-paulukat.com\/schwerpunkte-traumatherapie\/#article\",\"isPartOf\":{\"@id\":\"https:\/\/amel-paulukat.com\/schwerpunkte-traumatherapie\/\"},\"author\":{\"name\":\"amelmanai\",\"@id\":\"https:\/\/amel-paulukat.com\/#\/schema\/person\/303911a0a3caefa54e5d969718b921a6\"},\"headline\":\"Schwerpunkte\",\"datePublished\":\"2020-06-04T13:07:16+00:00\",\"dateModified\":\"2026-03-19T09:14:34+00:00\",\"mainEntityOfPage\":{\"@id\":\"https:\/\/amel-paulukat.com\/schwerpunkte-traumatherapie\/\"},\"wordCount\":597,\"publisher\":{\"@id\":\"https:\/\/amel-paulukat.com\/#\/schema\/person\/cd05944b0f597d1839ccee7266348297\"},\"image\":{\"@id\":\"https:\/\/amel-paulukat.com\/schwerpunkte-traumatherapie\/#primaryimage\"},\"thumbnailUrl\":\"https:\/\/amel-paulukat.com\/wp-content\/uploads\/2020\/06\/schwerpunkte-bg3.jpg\",\"inLanguage\":\"en-US\"},{\"@type\":\"WebPage\",\"@id\":\"https:\/\/amel-paulukat.com\/schwerpunkte-traumatherapie\/\",\"url\":\"https:\/\/amel-paulukat.com\/schwerpunkte-traumatherapie\/\",\"name\":\"Schwerpunkte\",\"isPartOf\":{\"@id\":\"https:\/\/amel-paulukat.com\/#website\"},\"primaryImageOfPage\":{\"@id\":\"https:\/\/amel-paulukat.com\/schwerpunkte-traumatherapie\/#primaryimage\"},\"image\":{\"@id\":\"https:\/\/amel-paulukat.com\/schwerpunkte-traumatherapie\/#primaryimage\"},\"thumbnailUrl\":\"https:\/\/amel-paulukat.com\/wp-content\/uploads\/2020\/06\/schwerpunkte-bg3.jpg\",\"datePublished\":\"2020-06-04T13:07:16+00:00\",\"dateModified\":\"2026-03-19T09:14:34+00:00\",\"description\":\"Traumatherapie & Systemische Therapie in Essen. Ich begleite Menschen dabei, die Folgen belastender Erfahrungen zu verarbeiten und innere Stabilit\u00e4t zur\u00fcckzugewinnen. Mein Schwerpunkt liegt auf systemischer Traumatherapie, EMDR und der systemischen Traumaaufstellung. Diese integrativen Methoden unterst\u00fctzen dabei, traumatische Erinnerungen zu entlasten, innere Anteile zu ordnen und neue, st\u00e4rkende Perspektiven zu entwickeln \u2013 f\u00fcr mehr Klarheit, Selbstbestimmung und Lebensqualit\u00e4t.\",\"breadcrumb\":{\"@id\":\"https:\/\/amel-paulukat.com\/schwerpunkte-traumatherapie\/#breadcrumb\"},\"inLanguage\":\"en-US\",\"potentialAction\":[{\"@type\":\"ReadAction\",\"target\":[\"https:\/\/amel-paulukat.com\/schwerpunkte-traumatherapie\/\"]}]},{\"@type\":\"ImageObject\",\"inLanguage\":\"en-US\",\"@id\":\"https:\/\/amel-paulukat.com\/schwerpunkte-traumatherapie\/#primaryimage\",\"url\":\"https:\/\/amel-paulukat.com\/wp-content\/uploads\/2020\/06\/schwerpunkte-bg3.jpg\",\"contentUrl\":\"https:\/\/amel-paulukat.com\/wp-content\/uploads\/2020\/06\/schwerpunkte-bg3.jpg\",\"width\":1500,\"height\":634},{\"@type\":\"BreadcrumbList\",\"@id\":\"https:\/\/amel-paulukat.com\/schwerpunkte-traumatherapie\/#breadcrumb\",\"itemListElement\":[{\"@type\":\"ListItem\",\"position\":1,\"name\":\"Home\",\"item\":\"https:\/\/amel-paulukat.com\/\"},{\"@type\":\"ListItem\",\"position\":2,\"name\":\"Schwerpunkte\"}]},{\"@type\":\"WebSite\",\"@id\":\"https:\/\/amel-paulukat.com\/#website\",\"url\":\"https:\/\/amel-paulukat.com\/\",\"name\":\"Amel Paulukat\",\"description\":\"Therapeutische Beratung Konfliktl\u00f6sung & Meditation\",\"publisher\":{\"@id\":\"https:\/\/amel-paulukat.com\/#\/schema\/person\/cd05944b0f597d1839ccee7266348297\"},\"potentialAction\":[{\"@type\":\"SearchAction\",\"target\":{\"@type\":\"EntryPoint\",\"urlTemplate\":\"https:\/\/amel-paulukat.com\/?s={search_term_string}\"},\"query-input\":{\"@type\":\"PropertyValueSpecification\",\"valueRequired\":true,\"valueName\":\"search_term_string\"}}],\"inLanguage\":\"en-US\"},{\"@type\":[\"Person\",\"Organization\"],\"@id\":\"https:\/\/amel-paulukat.com\/#\/schema\/person\/cd05944b0f597d1839ccee7266348297\",\"name\":\"Amel Paulukat\",\"image\":{\"@type\":\"ImageObject\",\"inLanguage\":\"en-US\",\"@id\":\"https:\/\/amel-paulukat.com\/#\/schema\/person\/image\/\",\"url\":\"https:\/\/amel-paulukat.com\/wp-content\/uploads\/2020\/05\/Amel-Manai_Logo.png\",\"contentUrl\":\"https:\/\/amel-paulukat.com\/wp-content\/uploads\/2020\/05\/Amel-Manai_Logo.png\",\"width\":507,\"height\":341,\"caption\":\"Amel Paulukat\"},\"logo\":{\"@id\":\"https:\/\/amel-paulukat.com\/#\/schema\/person\/image\/\"},\"sameAs\":[\"https:\/\/amel-paulukat.com\"]},{\"@type\":\"Person\",\"@id\":\"https:\/\/amel-paulukat.com\/#\/schema\/person\/303911a0a3caefa54e5d969718b921a6\",\"name\":\"amelmanai\",\"sameAs\":[\"http:\/\/amel-manai.com\",\"https:\/\/www.facebook.com\/amel.manai1\"],\"url\":\"https:\/\/amel-paulukat.com\/en\/author\/amelmanai\/\"}]}<\/script>\n<!-- \/ Yoast SEO plugin. -->","yoast_head_json":{"title":"Schwerpunkte","description":"Traumatherapie & Systemische Therapie in Essen. Ich begleite Menschen dabei, die Folgen belastender Erfahrungen zu verarbeiten und innere Stabilit\u00e4t zur\u00fcckzugewinnen. Mein Schwerpunkt liegt auf systemischer Traumatherapie, EMDR und der systemischen Traumaaufstellung. Diese integrativen Methoden unterst\u00fctzen dabei, traumatische Erinnerungen zu entlasten, innere Anteile zu ordnen und neue, st\u00e4rkende Perspektiven zu entwickeln \u2013 f\u00fcr mehr Klarheit, Selbstbestimmung und Lebensqualit\u00e4t.","robots":{"index":"index","follow":"follow","max-snippet":"max-snippet:-1","max-image-preview":"max-image-preview:large","max-video-preview":"max-video-preview:-1"},"canonical":"https:\/\/amel-paulukat.com\/en\/schwerpunkte-traumatherapie\/","og_locale":"en_US","og_type":"article","og_title":"[:de]Schwerpunkte[:] - Amel Paulukat","og_description":"[:de]Traumatherapie & Systemische Therapie in Essen. Ich begleite Menschen dabei, die Folgen belastender Erfahrungen zu verarbeiten und innere Stabilit\u00e4t zur\u00fcckzugewinnen. Mein Schwerpunkt liegt auf systemischer Traumatherapie, EMDR und der systemischen Traumaaufstellung. Diese integrativen Methoden unterst\u00fctzen dabei, traumatische Erinnerungen zu entlasten, innere Anteile zu ordnen und neue, st\u00e4rkende Perspektiven zu entwickeln \u2013 f\u00fcr mehr Klarheit, Selbstbestimmung und Lebensqualit\u00e4t.[:]","og_url":"https:\/\/amel-paulukat.com\/en\/schwerpunkte-traumatherapie\/","og_site_name":"Amel Paulukat","article_modified_time":"2026-03-19T09:14:34+00:00","og_image":[{"width":1500,"height":634,"url":"https:\/\/amel-paulukat.com\/wp-content\/uploads\/2020\/06\/schwerpunkte-bg3.jpg","type":"image\/jpeg"}],"twitter_card":"summary_large_image","twitter_misc":{"Est. reading time":"3 minutes"},"schema":{"@context":"https:\/\/schema.org","@graph":[{"@type":"Article","@id":"https:\/\/amel-paulukat.com\/schwerpunkte-traumatherapie\/#article","isPartOf":{"@id":"https:\/\/amel-paulukat.com\/schwerpunkte-traumatherapie\/"},"author":{"name":"amelmanai","@id":"https:\/\/amel-paulukat.com\/#\/schema\/person\/303911a0a3caefa54e5d969718b921a6"},"headline":"Schwerpunkte","datePublished":"2020-06-04T13:07:16+00:00","dateModified":"2026-03-19T09:14:34+00:00","mainEntityOfPage":{"@id":"https:\/\/amel-paulukat.com\/schwerpunkte-traumatherapie\/"},"wordCount":597,"publisher":{"@id":"https:\/\/amel-paulukat.com\/#\/schema\/person\/cd05944b0f597d1839ccee7266348297"},"image":{"@id":"https:\/\/amel-paulukat.com\/schwerpunkte-traumatherapie\/#primaryimage"},"thumbnailUrl":"https:\/\/amel-paulukat.com\/wp-content\/uploads\/2020\/06\/schwerpunkte-bg3.jpg","inLanguage":"en-US"},{"@type":"WebPage","@id":"https:\/\/amel-paulukat.com\/schwerpunkte-traumatherapie\/","url":"https:\/\/amel-paulukat.com\/schwerpunkte-traumatherapie\/","name":"Schwerpunkte","isPartOf":{"@id":"https:\/\/amel-paulukat.com\/#website"},"primaryImageOfPage":{"@id":"https:\/\/amel-paulukat.com\/schwerpunkte-traumatherapie\/#primaryimage"},"image":{"@id":"https:\/\/amel-paulukat.com\/schwerpunkte-traumatherapie\/#primaryimage"},"thumbnailUrl":"https:\/\/amel-paulukat.com\/wp-content\/uploads\/2020\/06\/schwerpunkte-bg3.jpg","datePublished":"2020-06-04T13:07:16+00:00","dateModified":"2026-03-19T09:14:34+00:00","description":"Traumatherapie & Systemische Therapie in Essen. Ich begleite Menschen dabei, die Folgen belastender Erfahrungen zu verarbeiten und innere Stabilit\u00e4t zur\u00fcckzugewinnen. Mein Schwerpunkt liegt auf systemischer Traumatherapie, EMDR und der systemischen Traumaaufstellung. Diese integrativen Methoden unterst\u00fctzen dabei, traumatische Erinnerungen zu entlasten, innere Anteile zu ordnen und neue, st\u00e4rkende Perspektiven zu entwickeln \u2013 f\u00fcr mehr Klarheit, Selbstbestimmung und Lebensqualit\u00e4t.","breadcrumb":{"@id":"https:\/\/amel-paulukat.com\/schwerpunkte-traumatherapie\/#breadcrumb"},"inLanguage":"en-US","potentialAction":[{"@type":"ReadAction","target":["https:\/\/amel-paulukat.com\/schwerpunkte-traumatherapie\/"]}]},{"@type":"ImageObject","inLanguage":"en-US","@id":"https:\/\/amel-paulukat.com\/schwerpunkte-traumatherapie\/#primaryimage","url":"https:\/\/amel-paulukat.com\/wp-content\/uploads\/2020\/06\/schwerpunkte-bg3.jpg","contentUrl":"https:\/\/amel-paulukat.com\/wp-content\/uploads\/2020\/06\/schwerpunkte-bg3.jpg","width":1500,"height":634},{"@type":"BreadcrumbList","@id":"https:\/\/amel-paulukat.com\/schwerpunkte-traumatherapie\/#breadcrumb","itemListElement":[{"@type":"ListItem","position":1,"name":"Home","item":"https:\/\/amel-paulukat.com\/"},{"@type":"ListItem","position":2,"name":"Schwerpunkte"}]},{"@type":"WebSite","@id":"https:\/\/amel-paulukat.com\/#website","url":"https:\/\/amel-paulukat.com\/","name":"Amel Paulukat","description":"Therapeutische Beratung Konfliktl\u00f6sung & Meditation","publisher":{"@id":"https:\/\/amel-paulukat.com\/#\/schema\/person\/cd05944b0f597d1839ccee7266348297"},"potentialAction":[{"@type":"SearchAction","target":{"@type":"EntryPoint","urlTemplate":"https:\/\/amel-paulukat.com\/?s={search_term_string}"},"query-input":{"@type":"PropertyValueSpecification","valueRequired":true,"valueName":"search_term_string"}}],"inLanguage":"en-US"},{"@type":["Person","Organization"],"@id":"https:\/\/amel-paulukat.com\/#\/schema\/person\/cd05944b0f597d1839ccee7266348297","name":"Amel Paulukat","image":{"@type":"ImageObject","inLanguage":"en-US","@id":"https:\/\/amel-paulukat.com\/#\/schema\/person\/image\/","url":"https:\/\/amel-paulukat.com\/wp-content\/uploads\/2020\/05\/Amel-Manai_Logo.png","contentUrl":"https:\/\/amel-paulukat.com\/wp-content\/uploads\/2020\/05\/Amel-Manai_Logo.png","width":507,"height":341,"caption":"Amel Paulukat"},"logo":{"@id":"https:\/\/amel-paulukat.com\/#\/schema\/person\/image\/"},"sameAs":["https:\/\/amel-paulukat.com"]},{"@type":"Person","@id":"https:\/\/amel-paulukat.com\/#\/schema\/person\/303911a0a3caefa54e5d969718b921a6","name":"amelmanai","sameAs":["http:\/\/amel-manai.com","https:\/\/www.facebook.com\/amel.manai1"],"url":"https:\/\/amel-paulukat.com\/en\/author\/amelmanai\/"}]}},"_links":{"self":[{"href":"https:\/\/amel-paulukat.com\/en\/wp-json\/wp\/v2\/pages\/83300","targetHints":{"allow":["GET"]}}],"collection":[{"href":"https:\/\/amel-paulukat.com\/en\/wp-json\/wp\/v2\/pages"}],"about":[{"href":"https:\/\/amel-paulukat.com\/en\/wp-json\/wp\/v2\/types\/page"}],"author":[{"embeddable":true,"href":"https:\/\/amel-paulukat.com\/en\/wp-json\/wp\/v2\/users\/1"}],"replies":[{"embeddable":true,"href":"https:\/\/amel-paulukat.com\/en\/wp-json\/wp\/v2\/comments?post=83300"}],"version-history":[{"count":34,"href":"https:\/\/amel-paulukat.com\/en\/wp-json\/wp\/v2\/pages\/83300\/revisions"}],"predecessor-version":[{"id":86437,"href":"https:\/\/amel-paulukat.com\/en\/wp-json\/wp\/v2\/pages\/83300\/revisions\/86437"}],"wp:featuredmedia":[{"embeddable":true,"href":"https:\/\/amel-paulukat.com\/en\/wp-json\/wp\/v2\/media\/83574"}],"wp:attachment":[{"href":"https:\/\/amel-paulukat.com\/en\/wp-json\/wp\/v2\/media?parent=83300"}],"curies":[{"name":"wp","href":"https:\/\/api.w.org\/{rel}","templated":true}]}}