{"id":83304,"date":"2020-06-04T13:14:01","date_gmt":"2020-06-04T13:14:01","guid":{"rendered":"http:\/\/amel-manai.com\/redesign\/?page_id=83304"},"modified":"2026-04-10T06:23:28","modified_gmt":"2026-04-10T06:23:28","slug":"termine-und-honorare-familienaufstellung-in-essen","status":"publish","type":"page","link":"https:\/\/amel-paulukat.com\/en\/termine-und-honorare-familienaufstellung-in-essen\/","title":{"rendered":"Termine &#038; Honorare"},"content":{"rendered":"<div class=\"wpb-content-wrapper\"><p>[vc_row row_height_percent=&#8221;0&#8243; override_padding=&#8221;yes&#8221; h_padding=&#8221;2&#8243; top_padding=&#8221;5&#8243; bottom_padding=&#8221;5&#8243; overlay_alpha=&#8221;0&#8243; equal_height=&#8221;yes&#8221; gutter_size=&#8221;3&#8243; column_width_percent=&#8221;100&#8243; shift_y=&#8221;0&#8243; z_index=&#8221;0&#8243; bottom_divider=&#8221;gradient&#8221; el_class=&#8221;row-letaral section-lateral row-horizontal-display overflow-hidden shape-bg additions&#8221; css=&#8221;.vc_custom_1616182016110{margin-bottom: -60px !important;}&#8221;][vc_column column_width_use_pixel=&#8221;yes&#8221; position_vertical=&#8221;middle&#8221; align_horizontal=&#8221;align_center&#8221; gutter_size=&#8221;3&#8243; overlay_alpha=&#8221;50&#8243; shift_x=&#8221;0&#8243; shift_y=&#8221;0&#8243; shift_y_down=&#8221;0&#8243; z_index=&#8221;0&#8243; medium_width=&#8221;0&#8243; mobile_width=&#8221;0&#8243; width=&#8221;1\/1&#8243;][vc_row_inner row_inner_height_percent=&#8221;0&#8243; force_width_grid=&#8221;yes&#8221; overlay_alpha=&#8221;50&#8243; gutter_size=&#8221;3&#8243; shift_y=&#8221;-1&#8243; z_index=&#8221;0&#8243; css=&#8221;.vc_custom_1595344174345{margin-bottom: -70px !important;}&#8221; limit_content=&#8221;&#8221;][vc_column_inner column_width_use_pixel=&#8221;yes&#8221; align_horizontal=&#8221;align_center&#8221; gutter_size=&#8221;2&#8243; overlay_alpha=&#8221;50&#8243; shift_x=&#8221;0&#8243; shift_y=&#8221;0&#8243; shift_y_down=&#8221;0&#8243; z_index=&#8221;0&#8243; medium_width=&#8221;0&#8243; mobile_width=&#8221;0&#8243; width=&#8221;1\/1&#8243; column_width_pixel=&#8221;800&#8243;][vc_custom_heading text_color=&#8221;accent&#8221;]Honorare[\/vc_custom_heading][vc_empty_space empty_h=&#8221;2&#8243;][vc_column_text el_class=&#8221;termine-txt-spacer&#8221;]Wenn du hier bist, suchst du wahrscheinlich einen Ort, an dem du dich sortieren, zur Ruhe kommen und wieder n\u00e4her zu dir selbst finden kannst.<br \/>\nIn meiner Arbeit geht es um Klarheit, innere Ordnung und einen sicheren Rahmen, in dem du dich selbst wahrnehmen darfst \u2013 ohne Druck, ohne Erwartungen.<\/p>\n<p>Ich begleite dich mit Ruhe, Pr\u00e4senz und einer Haltung, die auf Achtung, Respekt und echter Begegnung basiert.[\/vc_column_text][\/vc_column_inner][\/vc_row_inner][vc_empty_space empty_h=&#8221;3&#8243;][\/vc_column][\/vc_row][vc_row row_height_percent=&#8221;0&#8243; override_padding=&#8221;yes&#8221; h_padding=&#8221;2&#8243; top_padding=&#8221;2&#8243; bottom_padding=&#8221;5&#8243; back_color=&#8221;color-lxmt&#8221; overlay_alpha=&#8221;50&#8243; gutter_size=&#8221;3&#8243; column_width_percent=&#8221;100&#8243; shift_y=&#8221;0&#8243; z_index=&#8221;3&#8243; enable_top_divider=&#8221;default&#8221; top_divider=&#8221;step_2_3&#8243; shape_top_h_use_pixel=&#8221;&#8221; shape_top_height=&#8221;18&#8243; shape_top_opacity=&#8221;100&#8243; shape_top_index=&#8221;0&#8243; bottom_divider=&#8221;step_3_4&#8243;][vc_column column_width_percent=&#8221;100&#8243; gutter_size=&#8221;4&#8243; overlay_alpha=&#8221;50&#8243; shift_x=&#8221;0&#8243; shift_y=&#8221;0&#8243; shift_y_down=&#8221;0&#8243; z_index=&#8221;0&#8243; medium_width=&#8221;0&#8243; mobile_width=&#8221;0&#8243; css_animation=&#8221;bottom-t-top&#8221; animation_speed=&#8221;1000&#8243; width=&#8221;1\/1&#8243;][vc_row_inner row_inner_height_percent=&#8221;0&#8243; overlay_alpha=&#8221;50&#8243; gutter_size=&#8221;3&#8243; shift_y=&#8221;0&#8243; z_index=&#8221;0&#8243; limit_content=&#8221;&#8221; el_class=&#8221;hidden&#8221;][vc_column_inner width=&#8221;1\/1&#8243;][vc_custom_heading heading_semantic=&#8221;h6&#8243; text_size=&#8221;&#8221; text_transform=&#8221;uppercase&#8221; text_color=&#8221;accent&#8221;]Honorare[\/vc_custom_heading][\/vc_column_inner][\/vc_row_inner][vc_row_inner row_inner_height_percent=&#8221;0&#8243; overlay_alpha=&#8221;50&#8243; gutter_size=&#8221;4&#8243; shift_y=&#8221;0&#8243; z_index=&#8221;0&#8243; limit_content=&#8221;&#8221;][vc_column_inner column_width_percent=&#8221;100&#8243; gutter_size=&#8221;2&#8243; font_family=&#8221;font-175345&#8243; overlay_alpha=&#8221;50&#8243; shift_x=&#8221;0&#8243; shift_y=&#8221;0&#8243; shift_y_down=&#8221;0&#8243; z_index=&#8221;0&#8243; medium_width=&#8221;0&#8243; mobile_width=&#8221;0&#8243; width=&#8221;2\/3&#8243;][vc_custom_heading heading_semantic=&#8221;h4&#8243; text_size=&#8221;h4&#8243; text_color=&#8221;accent&#8221;]<strong>Kennenlerngespr\u00e4ch \u2013 <a href=\"\/amel-paulukat-kontakt\/\">30 Minuten kostenlos<\/a><\/strong><\/p>\n<p>[\/vc_custom_heading][vc_column_text]In einem unverbindlichen, kostenfreien 30\u2011min\u00fctigen Kennenlerngespr\u00e4ch haben Sie die M\u00f6glichkeit, mich und meinen therapeutischen Ansatz kennenzulernen und Ihr Anliegen in Ruhe zu schildern. So entsteht eine vertrauensvolle Basis f\u00fcr alles Weitere.<\/p>\n<p>&nbsp;<\/p>\n<p><strong>\u2022 Psychotherapie<\/strong><\/p>\n<p>Einzelsitzung (50\u201360 Minuten): 100 Euro<\/p>\n<p>Paartherapie inkl. systemischer Paaraufstellung (1,5\u20132 Stunden): 250 Euro<\/p>\n<p><strong>\u2022 Traumasensibles Yoga<\/strong><\/p>\n<p>Individuelle Einzelstunde (60 Minuten): 100 Euro<\/p>\n<p><strong>\u2022 Mediation<\/strong><\/p>\n<p>Familien oder Organisationen (2\u20133 Stunden): 450 Euro<\/p>\n<p>&nbsp;<\/p>\n<p><strong>Privatversicherte<\/strong><\/p>\n<p>Als Heilpraktikerin f\u00fcr Psychotherapie rechne ich nach der Geb\u00fchrenordnung f\u00fcr Heilpraktiker (Geb\u00fcH) ab.<\/p>\n<p>Private Kranken\u2011 und Zusatzversicherungen orientieren sich h\u00e4ufig an der Geb\u00fcH.<\/p>\n<p>Bitte kl\u00e4ren Sie die Erstattung vorab mit Ihrer Versicherung.<\/p>\n<p><strong>Beihilfe<\/strong><\/p>\n<p>F\u00fcr beihilfeberechtigte Personen \u2013 wie Beamte, Anw\u00e4rterinnen, Pension\u00e4rinnen und deren Angeh\u00f6rige \u2013 \u00fcbernimmt die Beihilfe h\u00e4ufig einen Teil der Kosten f\u00fcr Leistungen von HeilpraktikerInnen f\u00fcr Psychotherapie. Die Erstattung richtet sich nach den jeweiligen Beihilfevorschriften des Bundeslandes.<\/p>\n<p><strong>Terminbuchung<\/strong><\/p>\n<p>Du kannst deinen Termin <a href=\"tel:+49 15566443975\">telefonisch<\/a>, per <a href=\"mailto:amel.paulukat@outlook.de\" target=\"_blank\" rel=\"noopener\">E\u2011Mail<\/a> oder \u00fcber das <a href=\"https:\/\/amel-paulukat.com\/amel-paulukat-kontakt\/\">Kontaktformular<\/a> vereinbaren.<\/p>\n<p><strong>Terminabsage<\/strong><\/p>\n<p>Termine, die weniger als 24 Stunden vorher abgesagt werden, werden vollst\u00e4ndig berechnet.[\/vc_column_text][vc_empty_space empty_h=&#8221;1&#8243;][vc_button button_color=&#8221;accent&#8221; border_width=&#8221;0&#8243; link=&#8221;url:https%3A%2F%2Famel-paulukat.com%2Famel-paulukat-kontakt%2F|title:Kontakt&#8221; el_class=&#8221;mobile-btn-large&#8221;]Kontakt aufnehmen[\/vc_button][\/vc_column_inner][vc_column_inner width=&#8221;1\/3&#8243;][vc_raw_html]JTNDaWZyYW1lJTIwc3JjJTNEJTIyaHR0cHMlM0ElMkYlMkZ3d3cuZ29vZ2xlLmNvbSUyRm1hcHMlMkZlbWJlZCUzRnBiJTNEJTIxMW0xOCUyMTFtMTIlMjExbTMlMjExZDI0ODcuOTc4MTk4NTM1MDUzJTIxMmQ3LjAyMzg5NjY3ODcxNzY3JTIxM2Q1MS40MjE4MjcxMTk0OTQyMyUyMTJtMyUyMTFmMCUyMTJmMCUyMTNmMCUyMTNtMiUyMTFpMTAyNCUyMTJpNzY4JTIxNGYxMy4xJTIxM20zJTIxMW0yJTIxMXMweDQ3YjhkY2RhZWFiMjM5NzElMjUzQTB4NWE0MTcwYTcyNzg1MWZlMCUyMTJzRnJhbmtlbnN0cmElMjVDMyUyNTlGZSUyNTIwMjU2JTI1MkMlMjUyMDQ1MTM0JTI1MjBFc3NlbiUyNTJDJTI1MjBHZXJtYW55JTIxNWUwJTIxM20yJTIxMXNlbiUyMTJzcm8lMjE0djE3Mjc3MDMxNTYyNDQlMjE1bTIlMjExc2VuJTIxMnNybyUyMiUyMHdpZHRoJTNEJTIyNjAwJTIyJTIwaGVpZ2h0JTNEJTIyNDAwJTIyJTIwc3R5bGUlM0QlMjJib3JkZXIlM0Fzb2xpZCUyMDRweCUyMCUyM2ZmZiUzQiUyMiUyMGFsbG93ZnVsbHNjcmVlbiUzRCUyMiUyMiUyMGxvYWRpbmclM0QlMjJsYXp5JTIyJTIwcmVmZXJyZXJwb2xpY3klM0QlMjJuby1yZWZlcnJlci13aGVuLWRvd25ncmFkZSUyMiUzRSUzQyUyRmlmcmFtZSUzRQ==[\/vc_raw_html][vc_column_text]<\/p>\n<div class=\"uncode_text_column amelmanai-beratung-txt\">\n<div><strong>Systemische Therapie Praxis\u00a0<\/strong><\/div>\n<div><strong>Frankenstra\u00dfe 256<\/strong><\/div>\n<div><strong>45134 Essen<\/strong><\/div>\n<p>Telefon: <a href=\"tel:+49 15566443975\">0155 664 439 75<\/a><\/p>\n<p>E-Mail:\u00a0<a href=\"mailto:amel.paulukat@outlook.de\">Amel.Paulukat@outlook.de<\/a><\/p>\n<\/div>\n<p>[\/vc_column_text][\/vc_column_inner][\/vc_row_inner][vc_empty_space empty_h=&#8221;3&#8243;][\/vc_column][\/vc_row]<\/p>\n<\/div>","protected":false},"excerpt":{"rendered":"<p>[vc_row row_height_percent=&#8221;0&#8243; override_padding=&#8221;yes&#8221; h_padding=&#8221;2&#8243; top_padding=&#8221;5&#8243; bottom_padding=&#8221;5&#8243; overlay_alpha=&#8221;0&#8243; equal_height=&#8221;yes&#8221; gutter_size=&#8221;3&#8243; column_width_percent=&#8221;100&#8243; shift_y=&#8221;0&#8243; z_index=&#8221;0&#8243; bottom_divider=&#8221;gradient&#8221; el_class=&#8221;row-letaral section-lateral row-horizontal-display overflow-hidden shape-bg additions&#8221; css=&#8221;.vc_custom_1616182016110{margin-bottom: [&hellip;]<\/p>\n","protected":false},"author":1,"featured_media":0,"parent":0,"menu_order":0,"comment_status":"closed","ping_status":"closed","template":"","meta":{"footnotes":""},"class_list":["post-83304","page","type-page","status-publish","hentry"],"yoast_head":"<!-- This site is optimized with the Yoast SEO plugin v26.3 - https:\/\/yoast.com\/wordpress\/plugins\/seo\/ -->\n<title>Termine &amp; Honorare<\/title>\n<meta name=\"description\" content=\"Kostenlose 30\u2011min\u00fctige Kennenlernsitzung: Lerne meine traumasensible und systemische Arbeitsweise unverbindlich kennen. Gewinne einen ersten Eindruck, ob mein Ansatz dich auf deinem Weg unterst\u00fctzen kann, und entdecke neue Perspektiven f\u00fcr deine pers\u00f6nliche Entwicklung.\" \/>\n<meta name=\"robots\" content=\"index, follow, max-snippet:-1, max-image-preview:large, max-video-preview:-1\" \/>\n<link rel=\"canonical\" href=\"https:\/\/amel-paulukat.com\/en\/termine-und-honorare-familienaufstellung-in-essen\/\" \/>\n<meta property=\"og:locale\" content=\"en_US\" \/>\n<meta property=\"og:locale:alternate\" content=\"de_DE\" \/>\n<meta property=\"og:type\" content=\"article\" \/>\n<meta property=\"og:title\" content=\"Termine &amp; Honorare\" \/>\n<meta property=\"og:description\" content=\"Kostenlose 30\u2011min\u00fctige Kennenlernsitzung: Lerne meine traumasensible und systemische Arbeitsweise unverbindlich kennen. Gewinne einen ersten Eindruck, ob mein Ansatz dich auf deinem Weg unterst\u00fctzen kann, und entdecke neue Perspektiven f\u00fcr deine pers\u00f6nliche Entwicklung.\" \/>\n<meta property=\"og:url\" content=\"https:\/\/amel-paulukat.com\/en\/termine-und-honorare-familienaufstellung-in-essen\/\" \/>\n<meta property=\"og:site_name\" content=\"Amel Paulukat\" \/>\n<meta property=\"article:modified_time\" content=\"2026-04-10T06:23:28+00:00\" \/>\n<meta property=\"og:image\" content=\"https:\/\/amel-paulukat.com\/wp-content\/uploads\/2024\/06\/amel-paulukat-social-ing.jpg\" \/>\n\t<meta property=\"og:image:width\" content=\"1200\" \/>\n\t<meta property=\"og:image:height\" content=\"675\" \/>\n\t<meta property=\"og:image:type\" content=\"image\/jpeg\" \/>\n<meta name=\"twitter:card\" content=\"summary_large_image\" \/>\n<meta name=\"twitter:label1\" content=\"Est. reading time\" \/>\n\t<meta name=\"twitter:data1\" content=\"2 minutes\" \/>\n<script type=\"application\/ld+json\" class=\"yoast-schema-graph\">{\"@context\":\"https:\/\/schema.org\",\"@graph\":[{\"@type\":\"Article\",\"@id\":\"https:\/\/amel-paulukat.com\/termine-und-honorare-familienaufstellung-in-essen\/#article\",\"isPartOf\":{\"@id\":\"https:\/\/amel-paulukat.com\/termine-und-honorare-familienaufstellung-in-essen\/\"},\"author\":{\"name\":\"amelmanai\",\"@id\":\"https:\/\/amel-paulukat.com\/#\/schema\/person\/303911a0a3caefa54e5d969718b921a6\"},\"headline\":\"Termine &#038; Honorare\",\"datePublished\":\"2020-06-04T13:14:01+00:00\",\"dateModified\":\"2026-04-10T06:23:28+00:00\",\"mainEntityOfPage\":{\"@id\":\"https:\/\/amel-paulukat.com\/termine-und-honorare-familienaufstellung-in-essen\/\"},\"wordCount\":760,\"publisher\":{\"@id\":\"https:\/\/amel-paulukat.com\/#\/schema\/person\/cd05944b0f597d1839ccee7266348297\"},\"inLanguage\":\"en-US\"},{\"@type\":\"WebPage\",\"@id\":\"https:\/\/amel-paulukat.com\/termine-und-honorare-familienaufstellung-in-essen\/\",\"url\":\"https:\/\/amel-paulukat.com\/termine-und-honorare-familienaufstellung-in-essen\/\",\"name\":\"Termine & Honorare\",\"isPartOf\":{\"@id\":\"https:\/\/amel-paulukat.com\/#website\"},\"datePublished\":\"2020-06-04T13:14:01+00:00\",\"dateModified\":\"2026-04-10T06:23:28+00:00\",\"description\":\"Kostenlose 30\u2011min\u00fctige Kennenlernsitzung: Lerne meine traumasensible und systemische Arbeitsweise unverbindlich kennen. Gewinne einen ersten Eindruck, ob mein Ansatz dich auf deinem Weg unterst\u00fctzen kann, und entdecke neue Perspektiven f\u00fcr deine pers\u00f6nliche Entwicklung.\",\"breadcrumb\":{\"@id\":\"https:\/\/amel-paulukat.com\/termine-und-honorare-familienaufstellung-in-essen\/#breadcrumb\"},\"inLanguage\":\"en-US\",\"potentialAction\":[{\"@type\":\"ReadAction\",\"target\":[\"https:\/\/amel-paulukat.com\/termine-und-honorare-familienaufstellung-in-essen\/\"]}]},{\"@type\":\"BreadcrumbList\",\"@id\":\"https:\/\/amel-paulukat.com\/termine-und-honorare-familienaufstellung-in-essen\/#breadcrumb\",\"itemListElement\":[{\"@type\":\"ListItem\",\"position\":1,\"name\":\"Home\",\"item\":\"https:\/\/amel-paulukat.com\/\"},{\"@type\":\"ListItem\",\"position\":2,\"name\":\"Termine &#038; Honorare\"}]},{\"@type\":\"WebSite\",\"@id\":\"https:\/\/amel-paulukat.com\/#website\",\"url\":\"https:\/\/amel-paulukat.com\/\",\"name\":\"Amel Paulukat\",\"description\":\"Therapeutische Beratung Konfliktl\u00f6sung & Meditation\",\"publisher\":{\"@id\":\"https:\/\/amel-paulukat.com\/#\/schema\/person\/cd05944b0f597d1839ccee7266348297\"},\"potentialAction\":[{\"@type\":\"SearchAction\",\"target\":{\"@type\":\"EntryPoint\",\"urlTemplate\":\"https:\/\/amel-paulukat.com\/?s={search_term_string}\"},\"query-input\":{\"@type\":\"PropertyValueSpecification\",\"valueRequired\":true,\"valueName\":\"search_term_string\"}}],\"inLanguage\":\"en-US\"},{\"@type\":[\"Person\",\"Organization\"],\"@id\":\"https:\/\/amel-paulukat.com\/#\/schema\/person\/cd05944b0f597d1839ccee7266348297\",\"name\":\"Amel Paulukat\",\"image\":{\"@type\":\"ImageObject\",\"inLanguage\":\"en-US\",\"@id\":\"https:\/\/amel-paulukat.com\/#\/schema\/person\/image\/\",\"url\":\"https:\/\/amel-paulukat.com\/wp-content\/uploads\/2020\/05\/Amel-Manai_Logo.png\",\"contentUrl\":\"https:\/\/amel-paulukat.com\/wp-content\/uploads\/2020\/05\/Amel-Manai_Logo.png\",\"width\":507,\"height\":341,\"caption\":\"Amel Paulukat\"},\"logo\":{\"@id\":\"https:\/\/amel-paulukat.com\/#\/schema\/person\/image\/\"},\"sameAs\":[\"https:\/\/amel-paulukat.com\"]},{\"@type\":\"Person\",\"@id\":\"https:\/\/amel-paulukat.com\/#\/schema\/person\/303911a0a3caefa54e5d969718b921a6\",\"name\":\"amelmanai\",\"sameAs\":[\"http:\/\/amel-manai.com\",\"https:\/\/www.facebook.com\/amel.manai1\"],\"url\":\"https:\/\/amel-paulukat.com\/en\/author\/amelmanai\/\"}]}<\/script>\n<!-- \/ Yoast SEO plugin. -->","yoast_head_json":{"title":"Termine & Honorare","description":"Kostenlose 30\u2011min\u00fctige Kennenlernsitzung: Lerne meine traumasensible und systemische Arbeitsweise unverbindlich kennen. Gewinne einen ersten Eindruck, ob mein Ansatz dich auf deinem Weg unterst\u00fctzen kann, und entdecke neue Perspektiven f\u00fcr deine pers\u00f6nliche Entwicklung.","robots":{"index":"index","follow":"follow","max-snippet":"max-snippet:-1","max-image-preview":"max-image-preview:large","max-video-preview":"max-video-preview:-1"},"canonical":"https:\/\/amel-paulukat.com\/en\/termine-und-honorare-familienaufstellung-in-essen\/","og_locale":"en_US","og_type":"article","og_title":"[:de]Termine & Honorare[:] - Amel Paulukat","og_description":"[:de]Kostenlose 30\u2011min\u00fctige Kennenlernsitzung: Lerne meine traumasensible und systemische Arbeitsweise unverbindlich kennen. Gewinne einen ersten Eindruck, ob mein Ansatz dich auf deinem Weg unterst\u00fctzen kann, und entdecke neue Perspektiven f\u00fcr deine pers\u00f6nliche Entwicklung.[:]","og_url":"https:\/\/amel-paulukat.com\/en\/termine-und-honorare-familienaufstellung-in-essen\/","og_site_name":"Amel Paulukat","article_modified_time":"2026-04-10T06:23:28+00:00","og_image":[{"width":1200,"height":675,"url":"https:\/\/amel-paulukat.com\/wp-content\/uploads\/2024\/06\/amel-paulukat-social-ing.jpg","type":"image\/jpeg"}],"twitter_card":"summary_large_image","twitter_misc":{"Est. reading time":"2 minutes"},"schema":{"@context":"https:\/\/schema.org","@graph":[{"@type":"Article","@id":"https:\/\/amel-paulukat.com\/termine-und-honorare-familienaufstellung-in-essen\/#article","isPartOf":{"@id":"https:\/\/amel-paulukat.com\/termine-und-honorare-familienaufstellung-in-essen\/"},"author":{"name":"amelmanai","@id":"https:\/\/amel-paulukat.com\/#\/schema\/person\/303911a0a3caefa54e5d969718b921a6"},"headline":"Termine &#038; Honorare","datePublished":"2020-06-04T13:14:01+00:00","dateModified":"2026-04-10T06:23:28+00:00","mainEntityOfPage":{"@id":"https:\/\/amel-paulukat.com\/termine-und-honorare-familienaufstellung-in-essen\/"},"wordCount":760,"publisher":{"@id":"https:\/\/amel-paulukat.com\/#\/schema\/person\/cd05944b0f597d1839ccee7266348297"},"inLanguage":"en-US"},{"@type":"WebPage","@id":"https:\/\/amel-paulukat.com\/termine-und-honorare-familienaufstellung-in-essen\/","url":"https:\/\/amel-paulukat.com\/termine-und-honorare-familienaufstellung-in-essen\/","name":"Termine & Honorare","isPartOf":{"@id":"https:\/\/amel-paulukat.com\/#website"},"datePublished":"2020-06-04T13:14:01+00:00","dateModified":"2026-04-10T06:23:28+00:00","description":"Kostenlose 30\u2011min\u00fctige Kennenlernsitzung: Lerne meine traumasensible und systemische Arbeitsweise unverbindlich kennen. Gewinne einen ersten Eindruck, ob mein Ansatz dich auf deinem Weg unterst\u00fctzen kann, und entdecke neue Perspektiven f\u00fcr deine pers\u00f6nliche Entwicklung.","breadcrumb":{"@id":"https:\/\/amel-paulukat.com\/termine-und-honorare-familienaufstellung-in-essen\/#breadcrumb"},"inLanguage":"en-US","potentialAction":[{"@type":"ReadAction","target":["https:\/\/amel-paulukat.com\/termine-und-honorare-familienaufstellung-in-essen\/"]}]},{"@type":"BreadcrumbList","@id":"https:\/\/amel-paulukat.com\/termine-und-honorare-familienaufstellung-in-essen\/#breadcrumb","itemListElement":[{"@type":"ListItem","position":1,"name":"Home","item":"https:\/\/amel-paulukat.com\/"},{"@type":"ListItem","position":2,"name":"Termine &#038; Honorare"}]},{"@type":"WebSite","@id":"https:\/\/amel-paulukat.com\/#website","url":"https:\/\/amel-paulukat.com\/","name":"Amel Paulukat","description":"Therapeutische Beratung Konfliktl\u00f6sung & Meditation","publisher":{"@id":"https:\/\/amel-paulukat.com\/#\/schema\/person\/cd05944b0f597d1839ccee7266348297"},"potentialAction":[{"@type":"SearchAction","target":{"@type":"EntryPoint","urlTemplate":"https:\/\/amel-paulukat.com\/?s={search_term_string}"},"query-input":{"@type":"PropertyValueSpecification","valueRequired":true,"valueName":"search_term_string"}}],"inLanguage":"en-US"},{"@type":["Person","Organization"],"@id":"https:\/\/amel-paulukat.com\/#\/schema\/person\/cd05944b0f597d1839ccee7266348297","name":"Amel Paulukat","image":{"@type":"ImageObject","inLanguage":"en-US","@id":"https:\/\/amel-paulukat.com\/#\/schema\/person\/image\/","url":"https:\/\/amel-paulukat.com\/wp-content\/uploads\/2020\/05\/Amel-Manai_Logo.png","contentUrl":"https:\/\/amel-paulukat.com\/wp-content\/uploads\/2020\/05\/Amel-Manai_Logo.png","width":507,"height":341,"caption":"Amel Paulukat"},"logo":{"@id":"https:\/\/amel-paulukat.com\/#\/schema\/person\/image\/"},"sameAs":["https:\/\/amel-paulukat.com"]},{"@type":"Person","@id":"https:\/\/amel-paulukat.com\/#\/schema\/person\/303911a0a3caefa54e5d969718b921a6","name":"amelmanai","sameAs":["http:\/\/amel-manai.com","https:\/\/www.facebook.com\/amel.manai1"],"url":"https:\/\/amel-paulukat.com\/en\/author\/amelmanai\/"}]}},"_links":{"self":[{"href":"https:\/\/amel-paulukat.com\/en\/wp-json\/wp\/v2\/pages\/83304","targetHints":{"allow":["GET"]}}],"collection":[{"href":"https:\/\/amel-paulukat.com\/en\/wp-json\/wp\/v2\/pages"}],"about":[{"href":"https:\/\/amel-paulukat.com\/en\/wp-json\/wp\/v2\/types\/page"}],"author":[{"embeddable":true,"href":"https:\/\/amel-paulukat.com\/en\/wp-json\/wp\/v2\/users\/1"}],"replies":[{"embeddable":true,"href":"https:\/\/amel-paulukat.com\/en\/wp-json\/wp\/v2\/comments?post=83304"}],"version-history":[{"count":83,"href":"https:\/\/amel-paulukat.com\/en\/wp-json\/wp\/v2\/pages\/83304\/revisions"}],"predecessor-version":[{"id":84293,"href":"https:\/\/amel-paulukat.com\/en\/wp-json\/wp\/v2\/pages\/83304\/revisions\/84293"}],"wp:attachment":[{"href":"https:\/\/amel-paulukat.com\/en\/wp-json\/wp\/v2\/media?parent=83304"}],"curies":[{"name":"wp","href":"https:\/\/api.w.org\/{rel}","templated":true}]}}