{"id":83884,"date":"2020-07-02T08:09:29","date_gmt":"2020-07-02T08:09:29","guid":{"rendered":"http:\/\/amel-manai.com\/redesign\/?page_id=83884"},"modified":"2024-08-15T10:12:54","modified_gmt":"2024-08-15T10:12:54","slug":"mediation-konfliktlosung","status":"publish","type":"page","link":"https:\/\/amel-paulukat.com\/en\/mediation-konfliktlosung\/","title":{"rendered":"Mediation \u2013 Konfliktl\u00f6sung"},"content":{"rendered":"<div class=\"wpb-content-wrapper\"><p>[vc_row row_height_percent=&#8221;0&#8243; override_padding=&#8221;yes&#8221; h_padding=&#8221;2&#8243; top_padding=&#8221;5&#8243; bottom_padding=&#8221;5&#8243; overlay_alpha=&#8221;0&#8243; equal_height=&#8221;yes&#8221; gutter_size=&#8221;3&#8243; column_width_percent=&#8221;100&#8243; shift_y=&#8221;0&#8243; z_index=&#8221;0&#8243; bottom_divider=&#8221;gradient&#8221; el_class=&#8221;row-letaral section-lateral row-horizontal-display overflow-hidden shape-bg additions&#8221;][vc_column column_width_use_pixel=&#8221;yes&#8221; position_vertical=&#8221;middle&#8221; align_horizontal=&#8221;align_center&#8221; gutter_size=&#8221;3&#8243; overlay_alpha=&#8221;50&#8243; shift_x=&#8221;0&#8243; shift_y=&#8221;0&#8243; shift_y_down=&#8221;0&#8243; z_index=&#8221;0&#8243; medium_width=&#8221;0&#8243; mobile_width=&#8221;0&#8243; width=&#8221;1\/1&#8243;][vc_row_inner row_inner_height_percent=&#8221;0&#8243; force_width_grid=&#8221;yes&#8221; overlay_alpha=&#8221;50&#8243; gutter_size=&#8221;3&#8243; shift_y=&#8221;-1&#8243; z_index=&#8221;0&#8243;][vc_column_inner column_width_use_pixel=&#8221;yes&#8221; align_horizontal=&#8221;align_center&#8221; gutter_size=&#8221;2&#8243; overlay_alpha=&#8221;50&#8243; shift_x=&#8221;0&#8243; shift_y=&#8221;0&#8243; shift_y_down=&#8221;0&#8243; z_index=&#8221;0&#8243; medium_width=&#8221;0&#8243; mobile_width=&#8221;0&#8243; width=&#8221;1\/1&#8243; column_width_pixel=&#8221;800&#8243;][vc_custom_heading text_color=&#8221;accent&#8221;]Mediation \u2013 Konfliktl\u00f6sung[\/vc_custom_heading][vc_empty_space empty_h=&#8221;2&#8243;][vc_column_text]Ein strukturiertes Verfahren zur au\u00dfergerichtlichen Konfliktl\u00f6sung. Laufende Gerichtsverhandlungen k\u00f6nnen f\u00fcr die Dauer des Mediationsverfahrens einvernehmlich ausgesetzt werden.<\/p>\n<p>Als Mediatorin, Unternehmensjuristin, Datenschutzbeauftragte, Compliance Officer und Therapeutin mit langj\u00e4hriger Erfahrung in juristischer sowie psychologischer Beratung gestalte ich das Gespr\u00e4ch l\u00f6sungsorientiert und in einer Atmosph\u00e4re gegenseitiger Achtung und Respekt. So wird der Weg zu einer fairen L\u00f6sung geebnet.<\/p>\n<p>Die Kosten und die Dauer des Verfahrens lassen sich meistens bereits im Erstgespr\u00e4ch konkretisieren und orientieren sich am Umfang der Angelegenheit und an der Anzahl der Beteiligten.<\/p>\n<p>&nbsp;<\/p>\n<h4>Ressourcen der Mediation<\/h4>\n<p>Grundlage des Handelns in der Mediation ist das Wissen um die L\u00f6sungskompetenz derjenigen, die in einen Konflikt geraten sind. Sie sind als Beteiligte die Experten des Konfliktes \u2013 und somit auch die Experten f\u00fcr die richtige gewinnbringende L\u00f6sung. Unterst\u00fctzt der Mediator die Konfliktbeteiligten ihre L\u00f6sungskompetenz zu entfalten, k\u00f6nnen auch langj\u00e4hrige, hocheskalierte und emotionale Konflikte konstruktiv gel\u00f6st werden.<\/p>\n<p>Die Bereitschaft diese L\u00f6sungen auch eigenst\u00e4ndig umzusetzen ist dabei weitaus h\u00f6her als bei hierarchisch gesetzten Entscheidungen, zum Beispiel durch eine F\u00fchrungskraft oder einen Richter.<\/p>\n<p>&nbsp;<\/p>\n<h4>Die Rolle des Mediators<\/h4>\n<p>Der Mediator verh\u00e4lt sich den Konfliktparteien gegen\u00fcber v\u00f6llig neutral, oder anders gesagt: Er ist f\u00fcr beide Seiten in gleicher Weise parteilich.<\/p>\n<p>Er achtet darauf, dass beide Gespr\u00e4chspartner angemessen zu Wort kommen, und moderiert die Verhandlungen.<\/p>\n<p>Er zeigt m\u00f6gliche Richtungen auf und stellt hilfreiche Fragen, durch die es den Konfliktparteien gelingen kann, neue und einvernehmliche L\u00f6sungen zu (er)finden.<\/p>\n<p>Er unterst\u00fctzt beide Seiten in ihrer Autonomie und<br \/>\nSelbstverantwortung. Nach au\u00dfen ist er zur Verschwiegenheit verpflichtet.<\/p>\n<p>Der Mediator stellt den geeigneten Rahmen zur Verf\u00fcgung und ist f\u00fcr den Verlauf der Gespr\u00e4che verantwortlich, nicht f\u00fcr deren Inhalt. Den Inhalt bestimmen die Konfliktparteien. Sie entscheiden am Ende selbst, welche L\u00f6sungen sie annehmen und welche Vereinbarungen sie treffen.<\/p>\n<p>&nbsp;<\/p>\n<h4>Wann sollte Mediation eingesetzt werden?<\/h4>\n<p>Mediation sollte eingesetzt werden in schwelenden oder offen zutage getretenen Konflikten, die Ressourcen wie Zeit, Energie und Kosten binden, insbesondere bei:<\/p>\n<p>\u2026 schwieriger Rechtslage mit unsicherem Prozessrisiko<br \/>\n\u2026 hoher Emotionalit\u00e4t aufgrund pers\u00f6nlicher Beziehungen zwischen den Beteiligten<br \/>\n\u2026 Zeitdruck<br \/>\n\u2026 innerbetrieblichen Konflikten und Tarifkonflikten<br \/>\n\u2026 Hohe Fluktuationsrate im Unternehmen<br \/>\n\u2026 Differenzen zwischen Gesch\u00e4ftspartnern, Unternehmen, Konzernschwestern, etc.<br \/>\n\u2026 internationalen Bez\u00fcgen und verschiedenen Rechtsordnungen<br \/>\n\u2026 Partnerschafts-, Familien- und Trennungskonflikte<\/p>\n<p>&nbsp;<\/p>\n<h4>Mediation ist auch vorsorglich anzuwenden in folgenden Bereichen:<\/h4>\n<ul>\n<li>Begleitung von Teams, Projekten<\/li>\n<li>Begleitung von unternehmensinterne Ver\u00e4nderungsprozessen<\/li>\n<li>Vertragsgestaltungen, um die Ziele und Interessen der Gesch\u00e4ftspartner umfassend zu<br \/>\nbeleuchten<\/li>\n<li>Bei sich anbahnenden Gesch\u00e4ftsbeziehungen zwischen internationalen Gesch\u00e4ftspartner, um interkulturelle Hindernisse zu vermeiden<\/li>\n<\/ul>\n<p>&nbsp;<\/p>\n<h2 class=\"text-accent-color\">Der Ablauf der Mediation<\/h2>\n<h4><\/h4>\n<h4>1. Erstkontakt und Mediationskontrakt<\/h4>\n<p>Die Konfliktparteien schildern, worum es in ihrem Konflikt geht. Der Mediator informiert \u00fcber Prinzipien, Ablauf und Ziel der Mediation. Nachdem die Grundregeln besprochen sind und beide Parteien ihre Bereitschaft zur Mediation erkl\u00e4rt haben, wird ein Kontrakt geschlossen.<\/p>\n<h4>2. Sammlung der strittigen Themen<\/h4>\n<p>In dieser Phase werden die zu verhandelnden Themen gesammelt und \u00dcbereinstimmungen sowie Streitpunkte deutlich gemacht. Die einzelnen Punkte werden gewichtet und in eine Rangfolge gebracht, die das weitere Vorgehen bestimmt.<\/p>\n<h4>3. Bearbeitung des Konflikts<\/h4>\n<p>Hier werden die Interessen und Beweggr\u00fcnde beider Seiten herausgearbeitet und die Ziele formuliert, welche die Konfliktparteien in der Zukunft erreichen wollen.<\/p>\n<h4>4. Entwicklung, Bewertung und Verhandlung von L\u00f6sungsm\u00f6glichkeiten<\/h4>\n<p>Die Konfliktparteien suchen nach Wegen, wie sie das erreichen k\u00f6nnen, was sie erreichen wollen. Dabei sind h\u00e4ufig auch rechtliche Rahmenbedingungen zu ber\u00fccksichtigen, \u00fcber die sich die Konfliktparteien \u2013 gemeinsam oder getrennt \u2013 bei einem Beratungsanwalt informieren k\u00f6nnen.<\/p>\n<p>Die rechtlichen Aspekte werden gemeinsam besprochen und m\u00f6gliche Konsequenzen f\u00fcr das Ergebnis der Mediation diskutiert.<\/p>\n<h4>5.Entscheidung und Vereinbarung<\/h4>\n<p>Die Konfliktparteien verhandeln, entscheiden und einigen sich. Beide Seiten \u00fcberpr\u00fcfen, ob sie die gefundenen L\u00f6sungen als fair empfinden und annehmen k\u00f6nnen. In einer verbindlichen Form werden die Ergebnisse der Mediation zusammengefasst und eine Vereinbarung getroffen. Dies kann z. B. durch eine schriftliche Absichtserkl\u00e4rung geschehen, die als Vorlage f\u00fcr eine rechtsverbindliche notarielle Vereinbarung dient.<\/p>\n<p>&nbsp;<\/p>\n<h2 class=\"text-accent-color\">Dauer und Kosten der Mediation<\/h2>\n<p>Die Anzahl der Stunden h\u00e4ngt von den Bed\u00fcrfnissen der beteiligten Personen ab und von Umfang und Komplexit\u00e4t der Konfliktthemen. In den meisten F\u00e4llen reichen vier bis zehn Sitzungen von ca. 90 Minuten Dauer aus.<\/p>\n<p>Bei \u00fcberschaubaren, auf wenige Streitpunkte<br \/>\nbegrenzten Konflikten kann man im Rahmen einer Kurzmediation schon in einer oder zwei Sitzungen zu einem Ergebnis kommen. Die Kosten der Mediation richten sich nach der Anzahl der Sitzungen und werden meist von beiden Konfliktparteien gemeinsam getragen. Weil durch die Mediation h\u00e4ufig zerm\u00fcrbende und lang dauernde Gerichtsverfahren vermieden werden, ist<br \/>\nsie kosteng\u00fcnstig und effizient.<\/p>\n<p>Bei der Kostengestaltung k\u00f6nnen die Einkommensverh\u00e4ltnisse ber\u00fccksichtigt werden. Wenn eine faire L\u00f6sung dem Kindeswohl dient und wenn Kinder oder Jugendliche am Konflikt beteiligt sind (z. B. bei Eltern-Kind-Konflikten), k\u00f6nnen die Kosten der<br \/>\nMediation auch vom Jugendamt \u00fcbernommen werden.<\/p>\n<p>All dies wird vor Beginn der Mediation gekl\u00e4rt.[\/vc_column_text][\/vc_column_inner][\/vc_row_inner][vc_empty_space empty_h=&#8221;3&#8243;][\/vc_column][\/vc_row][vc_row row_height_percent=&#8221;0&#8243; override_padding=&#8221;yes&#8221; h_padding=&#8221;2&#8243; top_padding=&#8221;5&#8243; bottom_padding=&#8221;5&#8243; overlay_alpha=&#8221;50&#8243; gutter_size=&#8221;3&#8243; column_width_percent=&#8221;100&#8243; shift_y=&#8221;0&#8243; z_index=&#8221;0&#8243; bottom_divider=&#8221;step_3_4&#8243; css=&#8221;.vc_custom_1707409881621{margin-top: -125px !important;}&#8221; el_class=&#8221;hidden&#8221;][vc_column column_width_percent=&#8221;100&#8243; gutter_size=&#8221;4&#8243; overlay_alpha=&#8221;50&#8243; shift_x=&#8221;0&#8243; shift_y=&#8221;0&#8243; shift_y_down=&#8221;0&#8243; z_index=&#8221;0&#8243; medium_width=&#8221;0&#8243; mobile_width=&#8221;0&#8243; css_animation=&#8221;bottom-t-top&#8221; animation_speed=&#8221;1000&#8243; width=&#8221;1\/1&#8243;][vc_row_inner row_inner_height_percent=&#8221;0&#8243; overlay_alpha=&#8221;50&#8243; gutter_size=&#8221;4&#8243; shift_y=&#8221;0&#8243; z_index=&#8221;0&#8243; limit_content=&#8221;&#8221;][vc_column_inner column_width_percent=&#8221;100&#8243; gutter_size=&#8221;3&#8243; overlay_alpha=&#8221;50&#8243; shift_x=&#8221;0&#8243; shift_y=&#8221;0&#8243; shift_y_down=&#8221;0&#8243; z_index=&#8221;0&#8243; medium_width=&#8221;4&#8243; mobile_width=&#8221;0&#8243; width=&#8221;1\/2&#8243;][vc_custom_heading text_size=&#8221;&#8221; text_weight=&#8221;400&#8243;]Privatpersonen &#038; Gruppen[\/vc_custom_heading][vc_single_image media=&#8221;83584&#8243; media_width_percent=&#8221;100&#8243; media_link=&#8221;url:http%3A%2F%2Famel-manai.com%2Fprivatpersonen-und-gruppen%2F|title:Privatpersonen%20und%20Gruppen&#8221;][vc_column_text text_lead=&#8221;yes&#8221;]Einzelpersonen, die ihre pers\u00f6nliche Entwicklung und Wachstum in den Mittelpunkt stellen, sind herzlich willkommen bei mir.[\/vc_column_text][vc_button button_color=&#8221;accent&#8221; border_width=&#8221;0&#8243; link=&#8221;url:https%3A%2F%2Famel-paulukat.com%2Fprivatpersonen-und-gruppen%2F|title:Privatpersonen%20und%20Gruppen&#8221;]Mehr erfahren[\/vc_button][\/vc_column_inner][vc_column_inner column_width_percent=&#8221;100&#8243; gutter_size=&#8221;3&#8243; font_family=&#8221;font-175345&#8243; overlay_alpha=&#8221;50&#8243; shift_x=&#8221;0&#8243; shift_y=&#8221;0&#8243; shift_y_down=&#8221;0&#8243; z_index=&#8221;0&#8243; medium_width=&#8221;2&#8243; mobile_width=&#8221;0&#8243; width=&#8221;1\/2&#8243;][vc_custom_heading text_size=&#8221;&#8221; text_weight=&#8221;400&#8243;]Unternehmen[\/vc_custom_heading][vc_single_image media=&#8221;83583&#8243; media_width_percent=&#8221;100&#8243; media_link=&#8221;url:http%3A%2F%2Famel-manai.com%2Funternehmen%2F|title:Unternehmen&#8221;][vc_column_text text_lead=&#8221;yes&#8221;]Ich berate Unternehmen, die Coaching als Teil ihrer Personal- und F\u00fchrungskr\u00e4fteentwicklung in Form von Coachingprogrammen oder Begleitung von Ver\u00e4nderungsprozessen einsetzen.[\/vc_column_text][vc_button button_color=&#8221;accent&#8221; border_width=&#8221;0&#8243; link=&#8221;url:https%3A%2F%2Famel-paulukat.com%2Funternehmen%2F|title:Unternehmen&#8221;]Mehr erfahren[\/vc_button][\/vc_column_inner][\/vc_row_inner][vc_empty_space empty_h=&#8221;3&#8243;][\/vc_column][\/vc_row]<\/p>\n<\/div>","protected":false},"excerpt":{"rendered":"<p>[vc_row row_height_percent=&#8221;0&#8243; override_padding=&#8221;yes&#8221; h_padding=&#8221;2&#8243; top_padding=&#8221;5&#8243; bottom_padding=&#8221;5&#8243; overlay_alpha=&#8221;0&#8243; equal_height=&#8221;yes&#8221; gutter_size=&#8221;3&#8243; column_width_percent=&#8221;100&#8243; shift_y=&#8221;0&#8243; z_index=&#8221;0&#8243; bottom_divider=&#8221;gradient&#8221; el_class=&#8221;row-letaral section-lateral row-horizontal-display overflow-hidden shape-bg additions&#8221;][vc_column column_width_use_pixel=&#8221;yes&#8221; [&hellip;]<\/p>\n","protected":false},"author":1,"featured_media":83980,"parent":0,"menu_order":0,"comment_status":"closed","ping_status":"closed","template":"","meta":{"footnotes":""},"class_list":["post-83884","page","type-page","status-publish","has-post-thumbnail","hentry"],"yoast_head":"<!-- This site is optimized with the Yoast SEO plugin v26.3 - https:\/\/yoast.com\/wordpress\/plugins\/seo\/ -->\n<title>Mediation \u2013 Konfliktl\u00f6sung<\/title>\n<meta name=\"description\" content=\"Mediation bezeichnet ein strukturiertes, freiwilliges Verfahren zur au\u00dfergerichtlichen Konfliktbeilegung, bei dem ich als eine neutrale dritte Person (Mediatorin) die Konfliktparteien unterst\u00fctze. Ich helfe Ihnen dabei, in einem geleiteten Prozess gemeinsam L\u00f6sungen zu finden, die die Bed\u00fcrfnisse beider Seiten ber\u00fccksichtigen.\" \/>\n<meta name=\"robots\" content=\"index, follow, max-snippet:-1, max-image-preview:large, max-video-preview:-1\" \/>\n<link rel=\"canonical\" href=\"https:\/\/amel-paulukat.com\/en\/mediation-konfliktlosung\/\" \/>\n<meta property=\"og:locale\" content=\"en_US\" \/>\n<meta property=\"og:locale:alternate\" content=\"de_DE\" \/>\n<meta property=\"og:type\" content=\"article\" \/>\n<meta property=\"og:title\" content=\"Mediation \u2013 Konfliktl\u00f6sung\" \/>\n<meta property=\"og:description\" content=\"Mediation bezeichnet ein strukturiertes, freiwilliges Verfahren zur au\u00dfergerichtlichen Konfliktbeilegung, bei dem ich als eine neutrale dritte Person (Mediatorin) die Konfliktparteien unterst\u00fctze. Ich helfe Ihnen dabei, in einem geleiteten Prozess gemeinsam L\u00f6sungen zu finden, die die Bed\u00fcrfnisse beider Seiten ber\u00fccksichtigen.\" \/>\n<meta property=\"og:url\" content=\"https:\/\/amel-paulukat.com\/en\/mediation-konfliktlosung\/\" \/>\n<meta property=\"og:site_name\" content=\"Amel Paulukat\" \/>\n<meta property=\"article:modified_time\" content=\"2024-08-15T10:12:54+00:00\" \/>\n<meta property=\"og:image\" content=\"https:\/\/amel-paulukat.com\/wp-content\/uploads\/2020\/07\/Amel-Manai-mediation-cover3.jpg\" \/>\n\t<meta property=\"og:image:width\" content=\"1500\" \/>\n\t<meta property=\"og:image:height\" content=\"634\" \/>\n\t<meta property=\"og:image:type\" content=\"image\/jpeg\" \/>\n<meta name=\"twitter:card\" content=\"summary_large_image\" \/>\n<meta name=\"twitter:label1\" content=\"Est. reading time\" \/>\n\t<meta name=\"twitter:data1\" content=\"6 minutes\" \/>\n<script type=\"application\/ld+json\" class=\"yoast-schema-graph\">{\"@context\":\"https:\/\/schema.org\",\"@graph\":[{\"@type\":\"Article\",\"@id\":\"https:\/\/amel-paulukat.com\/mediation-konfliktlosung\/#article\",\"isPartOf\":{\"@id\":\"https:\/\/amel-paulukat.com\/mediation-konfliktlosung\/\"},\"author\":{\"name\":\"amelmanai\",\"@id\":\"https:\/\/amel-paulukat.com\/#\/schema\/person\/303911a0a3caefa54e5d969718b921a6\"},\"headline\":\"Mediation \u2013 Konfliktl\u00f6sung\",\"datePublished\":\"2020-07-02T08:09:29+00:00\",\"dateModified\":\"2024-08-15T10:12:54+00:00\",\"mainEntityOfPage\":{\"@id\":\"https:\/\/amel-paulukat.com\/mediation-konfliktlosung\/\"},\"wordCount\":1306,\"publisher\":{\"@id\":\"https:\/\/amel-paulukat.com\/#\/schema\/person\/cd05944b0f597d1839ccee7266348297\"},\"image\":{\"@id\":\"https:\/\/amel-paulukat.com\/mediation-konfliktlosung\/#primaryimage\"},\"thumbnailUrl\":\"https:\/\/amel-paulukat.com\/wp-content\/uploads\/2020\/07\/Amel-Manai-mediation-cover3.jpg\",\"inLanguage\":\"en-US\"},{\"@type\":\"WebPage\",\"@id\":\"https:\/\/amel-paulukat.com\/mediation-konfliktlosung\/\",\"url\":\"https:\/\/amel-paulukat.com\/mediation-konfliktlosung\/\",\"name\":\"Mediation \u2013 Konfliktl\u00f6sung\",\"isPartOf\":{\"@id\":\"https:\/\/amel-paulukat.com\/#website\"},\"primaryImageOfPage\":{\"@id\":\"https:\/\/amel-paulukat.com\/mediation-konfliktlosung\/#primaryimage\"},\"image\":{\"@id\":\"https:\/\/amel-paulukat.com\/mediation-konfliktlosung\/#primaryimage\"},\"thumbnailUrl\":\"https:\/\/amel-paulukat.com\/wp-content\/uploads\/2020\/07\/Amel-Manai-mediation-cover3.jpg\",\"datePublished\":\"2020-07-02T08:09:29+00:00\",\"dateModified\":\"2024-08-15T10:12:54+00:00\",\"description\":\"Mediation bezeichnet ein strukturiertes, freiwilliges Verfahren zur au\u00dfergerichtlichen Konfliktbeilegung, bei dem ich als eine neutrale dritte Person (Mediatorin) die Konfliktparteien unterst\u00fctze. Ich helfe Ihnen dabei, in einem geleiteten Prozess gemeinsam L\u00f6sungen zu finden, die die Bed\u00fcrfnisse beider Seiten ber\u00fccksichtigen.\",\"breadcrumb\":{\"@id\":\"https:\/\/amel-paulukat.com\/mediation-konfliktlosung\/#breadcrumb\"},\"inLanguage\":\"en-US\",\"potentialAction\":[{\"@type\":\"ReadAction\",\"target\":[\"https:\/\/amel-paulukat.com\/mediation-konfliktlosung\/\"]}]},{\"@type\":\"ImageObject\",\"inLanguage\":\"en-US\",\"@id\":\"https:\/\/amel-paulukat.com\/mediation-konfliktlosung\/#primaryimage\",\"url\":\"https:\/\/amel-paulukat.com\/wp-content\/uploads\/2020\/07\/Amel-Manai-mediation-cover3.jpg\",\"contentUrl\":\"https:\/\/amel-paulukat.com\/wp-content\/uploads\/2020\/07\/Amel-Manai-mediation-cover3.jpg\",\"width\":1500,\"height\":634,\"caption\":\"Amel Manai mediation\"},{\"@type\":\"BreadcrumbList\",\"@id\":\"https:\/\/amel-paulukat.com\/mediation-konfliktlosung\/#breadcrumb\",\"itemListElement\":[{\"@type\":\"ListItem\",\"position\":1,\"name\":\"Home\",\"item\":\"https:\/\/amel-paulukat.com\/\"},{\"@type\":\"ListItem\",\"position\":2,\"name\":\"Mediation \u2013 Konfliktl\u00f6sung\"}]},{\"@type\":\"WebSite\",\"@id\":\"https:\/\/amel-paulukat.com\/#website\",\"url\":\"https:\/\/amel-paulukat.com\/\",\"name\":\"Amel Paulukat\",\"description\":\"Therapeutische Beratung Konfliktl\u00f6sung & Meditation\",\"publisher\":{\"@id\":\"https:\/\/amel-paulukat.com\/#\/schema\/person\/cd05944b0f597d1839ccee7266348297\"},\"potentialAction\":[{\"@type\":\"SearchAction\",\"target\":{\"@type\":\"EntryPoint\",\"urlTemplate\":\"https:\/\/amel-paulukat.com\/?s={search_term_string}\"},\"query-input\":{\"@type\":\"PropertyValueSpecification\",\"valueRequired\":true,\"valueName\":\"search_term_string\"}}],\"inLanguage\":\"en-US\"},{\"@type\":[\"Person\",\"Organization\"],\"@id\":\"https:\/\/amel-paulukat.com\/#\/schema\/person\/cd05944b0f597d1839ccee7266348297\",\"name\":\"Amel Paulukat\",\"image\":{\"@type\":\"ImageObject\",\"inLanguage\":\"en-US\",\"@id\":\"https:\/\/amel-paulukat.com\/#\/schema\/person\/image\/\",\"url\":\"https:\/\/amel-paulukat.com\/wp-content\/uploads\/2020\/05\/Amel-Manai_Logo.png\",\"contentUrl\":\"https:\/\/amel-paulukat.com\/wp-content\/uploads\/2020\/05\/Amel-Manai_Logo.png\",\"width\":507,\"height\":341,\"caption\":\"Amel Paulukat\"},\"logo\":{\"@id\":\"https:\/\/amel-paulukat.com\/#\/schema\/person\/image\/\"},\"sameAs\":[\"https:\/\/amel-paulukat.com\"]},{\"@type\":\"Person\",\"@id\":\"https:\/\/amel-paulukat.com\/#\/schema\/person\/303911a0a3caefa54e5d969718b921a6\",\"name\":\"amelmanai\",\"sameAs\":[\"http:\/\/amel-manai.com\",\"https:\/\/www.facebook.com\/amel.manai1\"],\"url\":\"https:\/\/amel-paulukat.com\/en\/author\/amelmanai\/\"}]}<\/script>\n<!-- \/ Yoast SEO plugin. -->","yoast_head_json":{"title":"Mediation \u2013 Konfliktl\u00f6sung","description":"Mediation bezeichnet ein strukturiertes, freiwilliges Verfahren zur au\u00dfergerichtlichen Konfliktbeilegung, bei dem ich als eine neutrale dritte Person (Mediatorin) die Konfliktparteien unterst\u00fctze. Ich helfe Ihnen dabei, in einem geleiteten Prozess gemeinsam L\u00f6sungen zu finden, die die Bed\u00fcrfnisse beider Seiten ber\u00fccksichtigen.","robots":{"index":"index","follow":"follow","max-snippet":"max-snippet:-1","max-image-preview":"max-image-preview:large","max-video-preview":"max-video-preview:-1"},"canonical":"https:\/\/amel-paulukat.com\/en\/mediation-konfliktlosung\/","og_locale":"en_US","og_type":"article","og_title":"[:de]Mediation \u2013 Konfliktl\u00f6sung[:] - Amel Paulukat","og_description":"[:de]Mediation bezeichnet ein strukturiertes, freiwilliges Verfahren zur au\u00dfergerichtlichen Konfliktbeilegung, bei dem ich als eine neutrale dritte Person (Mediatorin) die Konfliktparteien unterst\u00fctze. Ich helfe Ihnen dabei, in einem geleiteten Prozess gemeinsam L\u00f6sungen zu finden, die die Bed\u00fcrfnisse beider Seiten ber\u00fccksichtigen.[:]","og_url":"https:\/\/amel-paulukat.com\/en\/mediation-konfliktlosung\/","og_site_name":"Amel Paulukat","article_modified_time":"2024-08-15T10:12:54+00:00","og_image":[{"width":1500,"height":634,"url":"https:\/\/amel-paulukat.com\/wp-content\/uploads\/2020\/07\/Amel-Manai-mediation-cover3.jpg","type":"image\/jpeg"}],"twitter_card":"summary_large_image","twitter_misc":{"Est. reading time":"6 minutes"},"schema":{"@context":"https:\/\/schema.org","@graph":[{"@type":"Article","@id":"https:\/\/amel-paulukat.com\/mediation-konfliktlosung\/#article","isPartOf":{"@id":"https:\/\/amel-paulukat.com\/mediation-konfliktlosung\/"},"author":{"name":"amelmanai","@id":"https:\/\/amel-paulukat.com\/#\/schema\/person\/303911a0a3caefa54e5d969718b921a6"},"headline":"Mediation \u2013 Konfliktl\u00f6sung","datePublished":"2020-07-02T08:09:29+00:00","dateModified":"2024-08-15T10:12:54+00:00","mainEntityOfPage":{"@id":"https:\/\/amel-paulukat.com\/mediation-konfliktlosung\/"},"wordCount":1306,"publisher":{"@id":"https:\/\/amel-paulukat.com\/#\/schema\/person\/cd05944b0f597d1839ccee7266348297"},"image":{"@id":"https:\/\/amel-paulukat.com\/mediation-konfliktlosung\/#primaryimage"},"thumbnailUrl":"https:\/\/amel-paulukat.com\/wp-content\/uploads\/2020\/07\/Amel-Manai-mediation-cover3.jpg","inLanguage":"en-US"},{"@type":"WebPage","@id":"https:\/\/amel-paulukat.com\/mediation-konfliktlosung\/","url":"https:\/\/amel-paulukat.com\/mediation-konfliktlosung\/","name":"Mediation \u2013 Konfliktl\u00f6sung","isPartOf":{"@id":"https:\/\/amel-paulukat.com\/#website"},"primaryImageOfPage":{"@id":"https:\/\/amel-paulukat.com\/mediation-konfliktlosung\/#primaryimage"},"image":{"@id":"https:\/\/amel-paulukat.com\/mediation-konfliktlosung\/#primaryimage"},"thumbnailUrl":"https:\/\/amel-paulukat.com\/wp-content\/uploads\/2020\/07\/Amel-Manai-mediation-cover3.jpg","datePublished":"2020-07-02T08:09:29+00:00","dateModified":"2024-08-15T10:12:54+00:00","description":"Mediation bezeichnet ein strukturiertes, freiwilliges Verfahren zur au\u00dfergerichtlichen Konfliktbeilegung, bei dem ich als eine neutrale dritte Person (Mediatorin) die Konfliktparteien unterst\u00fctze. Ich helfe Ihnen dabei, in einem geleiteten Prozess gemeinsam L\u00f6sungen zu finden, die die Bed\u00fcrfnisse beider Seiten ber\u00fccksichtigen.","breadcrumb":{"@id":"https:\/\/amel-paulukat.com\/mediation-konfliktlosung\/#breadcrumb"},"inLanguage":"en-US","potentialAction":[{"@type":"ReadAction","target":["https:\/\/amel-paulukat.com\/mediation-konfliktlosung\/"]}]},{"@type":"ImageObject","inLanguage":"en-US","@id":"https:\/\/amel-paulukat.com\/mediation-konfliktlosung\/#primaryimage","url":"https:\/\/amel-paulukat.com\/wp-content\/uploads\/2020\/07\/Amel-Manai-mediation-cover3.jpg","contentUrl":"https:\/\/amel-paulukat.com\/wp-content\/uploads\/2020\/07\/Amel-Manai-mediation-cover3.jpg","width":1500,"height":634,"caption":"Amel Manai mediation"},{"@type":"BreadcrumbList","@id":"https:\/\/amel-paulukat.com\/mediation-konfliktlosung\/#breadcrumb","itemListElement":[{"@type":"ListItem","position":1,"name":"Home","item":"https:\/\/amel-paulukat.com\/"},{"@type":"ListItem","position":2,"name":"Mediation \u2013 Konfliktl\u00f6sung"}]},{"@type":"WebSite","@id":"https:\/\/amel-paulukat.com\/#website","url":"https:\/\/amel-paulukat.com\/","name":"Amel Paulukat","description":"Therapeutische Beratung Konfliktl\u00f6sung & Meditation","publisher":{"@id":"https:\/\/amel-paulukat.com\/#\/schema\/person\/cd05944b0f597d1839ccee7266348297"},"potentialAction":[{"@type":"SearchAction","target":{"@type":"EntryPoint","urlTemplate":"https:\/\/amel-paulukat.com\/?s={search_term_string}"},"query-input":{"@type":"PropertyValueSpecification","valueRequired":true,"valueName":"search_term_string"}}],"inLanguage":"en-US"},{"@type":["Person","Organization"],"@id":"https:\/\/amel-paulukat.com\/#\/schema\/person\/cd05944b0f597d1839ccee7266348297","name":"Amel Paulukat","image":{"@type":"ImageObject","inLanguage":"en-US","@id":"https:\/\/amel-paulukat.com\/#\/schema\/person\/image\/","url":"https:\/\/amel-paulukat.com\/wp-content\/uploads\/2020\/05\/Amel-Manai_Logo.png","contentUrl":"https:\/\/amel-paulukat.com\/wp-content\/uploads\/2020\/05\/Amel-Manai_Logo.png","width":507,"height":341,"caption":"Amel Paulukat"},"logo":{"@id":"https:\/\/amel-paulukat.com\/#\/schema\/person\/image\/"},"sameAs":["https:\/\/amel-paulukat.com"]},{"@type":"Person","@id":"https:\/\/amel-paulukat.com\/#\/schema\/person\/303911a0a3caefa54e5d969718b921a6","name":"amelmanai","sameAs":["http:\/\/amel-manai.com","https:\/\/www.facebook.com\/amel.manai1"],"url":"https:\/\/amel-paulukat.com\/en\/author\/amelmanai\/"}]}},"_links":{"self":[{"href":"https:\/\/amel-paulukat.com\/en\/wp-json\/wp\/v2\/pages\/83884","targetHints":{"allow":["GET"]}}],"collection":[{"href":"https:\/\/amel-paulukat.com\/en\/wp-json\/wp\/v2\/pages"}],"about":[{"href":"https:\/\/amel-paulukat.com\/en\/wp-json\/wp\/v2\/types\/page"}],"author":[{"embeddable":true,"href":"https:\/\/amel-paulukat.com\/en\/wp-json\/wp\/v2\/users\/1"}],"replies":[{"embeddable":true,"href":"https:\/\/amel-paulukat.com\/en\/wp-json\/wp\/v2\/comments?post=83884"}],"version-history":[{"count":19,"href":"https:\/\/amel-paulukat.com\/en\/wp-json\/wp\/v2\/pages\/83884\/revisions"}],"predecessor-version":[{"id":85404,"href":"https:\/\/amel-paulukat.com\/en\/wp-json\/wp\/v2\/pages\/83884\/revisions\/85404"}],"wp:featuredmedia":[{"embeddable":true,"href":"https:\/\/amel-paulukat.com\/en\/wp-json\/wp\/v2\/media\/83980"}],"wp:attachment":[{"href":"https:\/\/amel-paulukat.com\/en\/wp-json\/wp\/v2\/media?parent=83884"}],"curies":[{"name":"wp","href":"https:\/\/api.w.org\/{rel}","templated":true}]}}