{"id":84951,"date":"2024-02-09T09:44:21","date_gmt":"2024-02-09T09:44:21","guid":{"rendered":"https:\/\/amel-paulukat.com\/?page_id=84951"},"modified":"2026-04-04T12:23:02","modified_gmt":"2026-04-04T12:23:02","slug":"systemische-aufstellungen","status":"publish","type":"page","link":"https:\/\/amel-paulukat.com\/en\/systemische-aufstellungen\/","title":{"rendered":"Systemische Aufstellungen"},"content":{"rendered":"<div class=\"wpb-content-wrapper\"><p>[vc_row row_height_percent=&#8221;0&#8243; override_padding=&#8221;yes&#8221; h_padding=&#8221;2&#8243; top_padding=&#8221;5&#8243; bottom_padding=&#8221;5&#8243; overlay_alpha=&#8221;0&#8243; equal_height=&#8221;yes&#8221; gutter_size=&#8221;3&#8243; column_width_percent=&#8221;100&#8243; shift_y=&#8221;0&#8243; z_index=&#8221;0&#8243; bottom_divider=&#8221;gradient&#8221; el_class=&#8221;row-letaral section-lateral row-horizontal-display overflow-hidden shape-bg additions&#8221;][vc_column column_width_use_pixel=&#8221;yes&#8221; position_vertical=&#8221;middle&#8221; align_horizontal=&#8221;align_center&#8221; gutter_size=&#8221;3&#8243; overlay_alpha=&#8221;50&#8243; shift_x=&#8221;0&#8243; shift_y=&#8221;0&#8243; shift_y_down=&#8221;0&#8243; z_index=&#8221;0&#8243; medium_width=&#8221;0&#8243; mobile_width=&#8221;0&#8243; width=&#8221;1\/1&#8243;][vc_row_inner row_inner_height_percent=&#8221;0&#8243; force_width_grid=&#8221;yes&#8221; overlay_alpha=&#8221;50&#8243; gutter_size=&#8221;3&#8243; shift_y=&#8221;-1&#8243; z_index=&#8221;0&#8243;][vc_column_inner column_width_use_pixel=&#8221;yes&#8221; align_horizontal=&#8221;align_center&#8221; gutter_size=&#8221;2&#8243; overlay_alpha=&#8221;50&#8243; shift_x=&#8221;0&#8243; shift_y=&#8221;0&#8243; shift_y_down=&#8221;0&#8243; z_index=&#8221;0&#8243; medium_width=&#8221;0&#8243; mobile_width=&#8221;0&#8243; width=&#8221;1\/1&#8243; column_width_pixel=&#8221;800&#8243;][vc_custom_heading text_color=&#8221;accent&#8221;]Systemische Aufstellungen[\/vc_custom_heading][vc_empty_space empty_h=&#8221;0&#8243;][vc_column_text el_class=&#8221;display-block&#8221;]<strong>Systemische Aufstellungen<\/strong><\/p>\n<p>Systemische Aufstellungen machen sichtbar, was im Hintergrund wirkt: die verborgenen Dynamiken, Verstrickungen und Ursachen f\u00fcr Belastungen, die sich im Alltag oft unerkl\u00e4rlich anf\u00fchlen. Durch eine klare psychologische Vorgehensweise werden diese Muster erkennbar und k\u00f6nnen neu geordnet werden.<br \/>\nIch arbeite mit Familienaufstellungen\u00a0 sowie mit systemischen Aufstellungen Beide Formen geh\u00f6ren zu den wirkungsvollen Tools der Kurzzeittherapie und erm\u00f6glichen in kurzer Zeit Einsichten, die sonst oft erst nach vielen Gespr\u00e4chen entstehen.<\/p>\n<p>In einer Aufstellung werden verstrickte Situationen innerhalb eines privaten Systems \u2014 Familie, Herkunft, Partnerschaft oder pers\u00f6nliche Lebensbereiche \u2014 sichtbar und sp\u00fcrbar.<\/p>\n<p>Viele Belastungen entstehen dort, wo Menschen unbewusst Rollen \u00fcbernehmen, die nicht zu ihnen geh\u00f6ren \u2014 aus Loyalit\u00e4t, aus Liebe oder aus der Not des Familiensystems heraus.<br \/>\nIn der Aufstellungsarbeit wird diese Symbiose durch Autonomie ersetzt:<br \/>\n\u2022 ein klareres Gesp\u00fcr f\u00fcr den eigenen Platz<br \/>\n\u2022 Zugang zu den eigenen Ressourcen<br \/>\n\u2022 gesunde Grenzen<br \/>\n\u2022 eine stimmige Balance zwischen N\u00e4he und Distanz<br \/>\nSo entsteht innere Freiheit, Klarheit und ein neuer Zugang zur eigenen Handlungsf\u00e4higkeit \u2014 privat wie beruflich.<\/p>\n<p><strong>Das Familiensystem<\/strong><br \/>\nJede Familie bildet ein eigenes System mit eigenen Ordnungen, Rollen und Bindungen.<br \/>\nGer\u00e4t dieses System aus dem Gleichgewicht \u2014 etwa durch Krankheit, Trennung, Abwesenheit oder ungel\u00f6ste Konflikte \u2014 \u00fcbernehmen Kinder oft unbewusst Aufgaben oder Pl\u00e4tze, die nicht zu ihnen geh\u00f6ren.<br \/>\nDiese fr\u00fchen Dynamiken pr\u00e4gen sp\u00e4ter:<br \/>\n\u2022 Beziehungen<br \/>\n\u2022 Selbstwert<br \/>\n\u2022 Grenzen<br \/>\n\u2022 Entscheidungen<br \/>\n\u2022 berufliche Orientierung<br \/>\n\u2022 innere Stabilit\u00e4t<br \/>\nViele Schwierigkeiten im Erwachsenenleben haben ihren Ursprung in solchen \u201ever-r\u00fcckten\u201c Ordnungen.<\/p>\n<p>Typische Folgen eines verrutschten Familiensystems zeigen sich oft in wiederkehrenden Beziehungskonflikten, dem Gef\u00fchl, keinen eigenen Platz im Leben zu finden, beruflichen Blockaden oder Orientierungslosigkeit. Viele Menschen erleben Ohnmacht, \u00dcberforderung oder ein inneres Opfergef\u00fchl, haben Schwierigkeiten, Grenzen zu setzen, passen sich st\u00e4ndig an oder tragen hindernde Glaubenss\u00e4tze wie \u201eIch bin nicht gut genug\u201c oder \u201eIch schaffe das nicht.\u201c<\/p>\n<p>Ich biete systemische Aufstellungsarbeit in Einzelsitzungen an \u2013 f\u00fcr private, famili\u00e4re und pers\u00f6nliche berufliche Anliegen. Gruppenseminare f\u00fchre ich auf Anfrage durch, wenn ich daf\u00fcr eingeladen werde.<\/p>\n<p><strong>Wenn du sp\u00fcrst, dass es Zeit f\u00fcr Klarheit, Orientierung und innere Ordnung ist, kannst du den n\u00e4chsten Schritt jetzt gehen.<\/strong>[\/vc_column_text][\/vc_column_inner][\/vc_row_inner][\/vc_column][\/vc_row][vc_row row_height_percent=&#8221;50&#8243; override_padding=&#8221;yes&#8221; h_padding=&#8221;2&#8243; top_padding=&#8221;0&#8243; bottom_padding=&#8221;0&#8243; back_color=&#8221;accent&#8221; overlay_alpha=&#8221;50&#8243; gutter_size=&#8221;3&#8243; column_width_percent=&#8221;100&#8243; shift_y=&#8221;0&#8243; z_index=&#8221;0&#8243; el_class=&#8221;attend-now-last-sec hidden&#8221;][vc_column column_width_use_pixel=&#8221;yes&#8221; position_vertical=&#8221;middle&#8221; align_horizontal=&#8221;align_center&#8221; gutter_size=&#8221;1&#8243; style=&#8221;dark&#8221; overlay_alpha=&#8221;50&#8243; shift_x=&#8221;0&#8243; shift_y=&#8221;0&#8243; shift_y_down=&#8221;0&#8243; z_index=&#8221;0&#8243; medium_width=&#8221;0&#8243; align_mobile=&#8221;align_left_mobile&#8221; mobile_width=&#8221;0&#8243; width=&#8221;1\/1&#8243; column_width_pixel=&#8221;900&#8243; mobile_height=&#8221;150&#8243;][vc_custom_heading]Seminar f\u00fcr Familienaufstellung in Essen[\/vc_custom_heading][vc_empty_space empty_h=&#8221;1&#8243;][vc_button button_color=&#8221;color-xsdn&#8221; size=&#8221;btn-lg&#8221; hover_fx=&#8221;outlined&#8221; outline=&#8221;yes&#8221; text_skin=&#8221;yes&#8221; border_width=&#8221;0&#8243; css_animation=&#8221;bottom-t-top&#8221; link=&#8221;url:https%3A%2F%2Famel-paulukat.com%2Fseminar-fur-familienaufstellung-in-essen%2F|title:Seminar%20f%C3%BCr%20Familienaufstellung%20in%20Essen|target:_blank&#8221; el_class=&#8221;amel-event-cta&#8221;]Reserviere jetzt deinen Platz![\/vc_button][\/vc_column][\/vc_row]<\/p>\n<\/div>","protected":false},"excerpt":{"rendered":"<p>[vc_row row_height_percent=&#8221;0&#8243; override_padding=&#8221;yes&#8221; h_padding=&#8221;2&#8243; top_padding=&#8221;5&#8243; bottom_padding=&#8221;5&#8243; overlay_alpha=&#8221;0&#8243; equal_height=&#8221;yes&#8221; gutter_size=&#8221;3&#8243; column_width_percent=&#8221;100&#8243; shift_y=&#8221;0&#8243; z_index=&#8221;0&#8243; bottom_divider=&#8221;gradient&#8221; el_class=&#8221;row-letaral section-lateral row-horizontal-display overflow-hidden shape-bg additions&#8221;][vc_column column_width_use_pixel=&#8221;yes&#8221; [&hellip;]<\/p>\n","protected":false},"author":3,"featured_media":84370,"parent":0,"menu_order":0,"comment_status":"closed","ping_status":"closed","template":"","meta":{"footnotes":""},"class_list":["post-84951","page","type-page","status-publish","has-post-thumbnail","hentry"],"yoast_head":"<!-- This site is optimized with the Yoast SEO plugin v26.3 - https:\/\/yoast.com\/wordpress\/plugins\/seo\/ -->\n<title>Systemische Aufstellungen<\/title>\n<meta name=\"description\" content=\"Eine systemische Aufstellung ist urspr\u00fcnglich eine Methode aus der Psychotherapie und Organisationsentwicklung, bei der Beziehungen, Dynamiken und Konflikte in Systemen wie Familien oder Unternehmen sichtbar gemacht werden. Diese Technik wird genutzt, um Blockaden zu l\u00f6sen oder tiefere Einsichten in komplexe Strukturen zu gewinnen. In meiner Praxis in Essen kommen sowohl die Systemische Aufstellung als auch spezielle Formen dieser Methode regelm\u00e4\u00dfig zur Anwendung, wie die Selbstintegration-Aufstellung und die Traumaaufstellung.\" \/>\n<meta name=\"robots\" content=\"index, follow, max-snippet:-1, max-image-preview:large, max-video-preview:-1\" \/>\n<link rel=\"canonical\" href=\"https:\/\/amel-paulukat.com\/en\/systemische-aufstellungen\/\" \/>\n<meta property=\"og:locale\" content=\"en_US\" \/>\n<meta property=\"og:locale:alternate\" content=\"de_DE\" \/>\n<meta property=\"og:type\" content=\"article\" \/>\n<meta property=\"og:title\" content=\"Systemische Aufstellungen\" \/>\n<meta property=\"og:description\" content=\"Eine systemische Aufstellung ist urspr\u00fcnglich eine Methode aus der Psychotherapie und Organisationsentwicklung, bei der Beziehungen, Dynamiken und Konflikte in Systemen wie Familien oder Unternehmen sichtbar gemacht werden. Diese Technik wird genutzt, um Blockaden zu l\u00f6sen oder tiefere Einsichten in komplexe Strukturen zu gewinnen. In meiner Praxis in Essen kommen sowohl die Systemische Aufstellung als auch spezielle Formen dieser Methode regelm\u00e4\u00dfig zur Anwendung, wie die Selbstintegration-Aufstellung und die Traumaaufstellung.\" \/>\n<meta property=\"og:url\" content=\"https:\/\/amel-paulukat.com\/en\/systemische-aufstellungen\/\" \/>\n<meta property=\"og:site_name\" content=\"Amel Paulukat\" \/>\n<meta property=\"article:modified_time\" content=\"2026-04-04T12:23:02+00:00\" \/>\n<meta property=\"og:image\" content=\"https:\/\/amel-paulukat.com\/wp-content\/uploads\/2024\/01\/Privatpersonen-Gruppen-new.jpg\" \/>\n\t<meta property=\"og:image:width\" content=\"1500\" \/>\n\t<meta property=\"og:image:height\" content=\"634\" \/>\n\t<meta property=\"og:image:type\" content=\"image\/jpeg\" \/>\n<meta name=\"twitter:card\" content=\"summary_large_image\" \/>\n<meta name=\"twitter:label1\" content=\"Est. reading time\" \/>\n\t<meta name=\"twitter:data1\" content=\"3 minutes\" \/>\n<script type=\"application\/ld+json\" class=\"yoast-schema-graph\">{\"@context\":\"https:\/\/schema.org\",\"@graph\":[{\"@type\":\"Article\",\"@id\":\"https:\/\/amel-paulukat.com\/systemische-aufstellungen\/#article\",\"isPartOf\":{\"@id\":\"https:\/\/amel-paulukat.com\/systemische-aufstellungen\/\"},\"author\":{\"name\":\"Iulia Constantinescu\",\"@id\":\"https:\/\/amel-paulukat.com\/#\/schema\/person\/2c32c3b1567bfea1878f29f33dec9a68\"},\"headline\":\"Systemische Aufstellungen\",\"datePublished\":\"2024-02-09T09:44:21+00:00\",\"dateModified\":\"2026-04-04T12:23:02+00:00\",\"mainEntityOfPage\":{\"@id\":\"https:\/\/amel-paulukat.com\/systemische-aufstellungen\/\"},\"wordCount\":669,\"publisher\":{\"@id\":\"https:\/\/amel-paulukat.com\/#\/schema\/person\/cd05944b0f597d1839ccee7266348297\"},\"image\":{\"@id\":\"https:\/\/amel-paulukat.com\/systemische-aufstellungen\/#primaryimage\"},\"thumbnailUrl\":\"https:\/\/amel-paulukat.com\/wp-content\/uploads\/2024\/01\/Privatpersonen-Gruppen-new.jpg\",\"inLanguage\":\"en-US\"},{\"@type\":\"WebPage\",\"@id\":\"https:\/\/amel-paulukat.com\/systemische-aufstellungen\/\",\"url\":\"https:\/\/amel-paulukat.com\/systemische-aufstellungen\/\",\"name\":\"Systemische Aufstellungen\",\"isPartOf\":{\"@id\":\"https:\/\/amel-paulukat.com\/#website\"},\"primaryImageOfPage\":{\"@id\":\"https:\/\/amel-paulukat.com\/systemische-aufstellungen\/#primaryimage\"},\"image\":{\"@id\":\"https:\/\/amel-paulukat.com\/systemische-aufstellungen\/#primaryimage\"},\"thumbnailUrl\":\"https:\/\/amel-paulukat.com\/wp-content\/uploads\/2024\/01\/Privatpersonen-Gruppen-new.jpg\",\"datePublished\":\"2024-02-09T09:44:21+00:00\",\"dateModified\":\"2026-04-04T12:23:02+00:00\",\"description\":\"Eine systemische Aufstellung ist urspr\u00fcnglich eine Methode aus der Psychotherapie und Organisationsentwicklung, bei der Beziehungen, Dynamiken und Konflikte in Systemen wie Familien oder Unternehmen sichtbar gemacht werden. Diese Technik wird genutzt, um Blockaden zu l\u00f6sen oder tiefere Einsichten in komplexe Strukturen zu gewinnen. In meiner Praxis in Essen kommen sowohl die Systemische Aufstellung als auch spezielle Formen dieser Methode regelm\u00e4\u00dfig zur Anwendung, wie die Selbstintegration-Aufstellung und die Traumaaufstellung.\",\"breadcrumb\":{\"@id\":\"https:\/\/amel-paulukat.com\/systemische-aufstellungen\/#breadcrumb\"},\"inLanguage\":\"en-US\",\"potentialAction\":[{\"@type\":\"ReadAction\",\"target\":[\"https:\/\/amel-paulukat.com\/systemische-aufstellungen\/\"]}]},{\"@type\":\"ImageObject\",\"inLanguage\":\"en-US\",\"@id\":\"https:\/\/amel-paulukat.com\/systemische-aufstellungen\/#primaryimage\",\"url\":\"https:\/\/amel-paulukat.com\/wp-content\/uploads\/2024\/01\/Privatpersonen-Gruppen-new.jpg\",\"contentUrl\":\"https:\/\/amel-paulukat.com\/wp-content\/uploads\/2024\/01\/Privatpersonen-Gruppen-new.jpg\",\"width\":1500,\"height\":634,\"caption\":\"Systemische Aufstellungen\"},{\"@type\":\"BreadcrumbList\",\"@id\":\"https:\/\/amel-paulukat.com\/systemische-aufstellungen\/#breadcrumb\",\"itemListElement\":[{\"@type\":\"ListItem\",\"position\":1,\"name\":\"Home\",\"item\":\"https:\/\/amel-paulukat.com\/\"},{\"@type\":\"ListItem\",\"position\":2,\"name\":\"Systemische Aufstellungen\"}]},{\"@type\":\"WebSite\",\"@id\":\"https:\/\/amel-paulukat.com\/#website\",\"url\":\"https:\/\/amel-paulukat.com\/\",\"name\":\"Amel Paulukat\",\"description\":\"Therapeutische Beratung Konfliktl\u00f6sung & Meditation\",\"publisher\":{\"@id\":\"https:\/\/amel-paulukat.com\/#\/schema\/person\/cd05944b0f597d1839ccee7266348297\"},\"potentialAction\":[{\"@type\":\"SearchAction\",\"target\":{\"@type\":\"EntryPoint\",\"urlTemplate\":\"https:\/\/amel-paulukat.com\/?s={search_term_string}\"},\"query-input\":{\"@type\":\"PropertyValueSpecification\",\"valueRequired\":true,\"valueName\":\"search_term_string\"}}],\"inLanguage\":\"en-US\"},{\"@type\":[\"Person\",\"Organization\"],\"@id\":\"https:\/\/amel-paulukat.com\/#\/schema\/person\/cd05944b0f597d1839ccee7266348297\",\"name\":\"Amel Paulukat\",\"image\":{\"@type\":\"ImageObject\",\"inLanguage\":\"en-US\",\"@id\":\"https:\/\/amel-paulukat.com\/#\/schema\/person\/image\/\",\"url\":\"https:\/\/amel-paulukat.com\/wp-content\/uploads\/2020\/05\/Amel-Manai_Logo.png\",\"contentUrl\":\"https:\/\/amel-paulukat.com\/wp-content\/uploads\/2020\/05\/Amel-Manai_Logo.png\",\"width\":507,\"height\":341,\"caption\":\"Amel Paulukat\"},\"logo\":{\"@id\":\"https:\/\/amel-paulukat.com\/#\/schema\/person\/image\/\"},\"sameAs\":[\"https:\/\/amel-paulukat.com\"]},{\"@type\":\"Person\",\"@id\":\"https:\/\/amel-paulukat.com\/#\/schema\/person\/2c32c3b1567bfea1878f29f33dec9a68\",\"name\":\"Iulia Constantinescu\",\"url\":\"https:\/\/amel-paulukat.com\/en\/author\/iulia\/\"}]}<\/script>\n<!-- \/ Yoast SEO plugin. -->","yoast_head_json":{"title":"Systemische Aufstellungen","description":"Eine systemische Aufstellung ist urspr\u00fcnglich eine Methode aus der Psychotherapie und Organisationsentwicklung, bei der Beziehungen, Dynamiken und Konflikte in Systemen wie Familien oder Unternehmen sichtbar gemacht werden. Diese Technik wird genutzt, um Blockaden zu l\u00f6sen oder tiefere Einsichten in komplexe Strukturen zu gewinnen. In meiner Praxis in Essen kommen sowohl die Systemische Aufstellung als auch spezielle Formen dieser Methode regelm\u00e4\u00dfig zur Anwendung, wie die Selbstintegration-Aufstellung und die Traumaaufstellung.","robots":{"index":"index","follow":"follow","max-snippet":"max-snippet:-1","max-image-preview":"max-image-preview:large","max-video-preview":"max-video-preview:-1"},"canonical":"https:\/\/amel-paulukat.com\/en\/systemische-aufstellungen\/","og_locale":"en_US","og_type":"article","og_title":"Systemische Aufstellungen","og_description":"[:de]Eine systemische Aufstellung ist urspr\u00fcnglich eine Methode aus der Psychotherapie und Organisationsentwicklung, bei der Beziehungen, Dynamiken und Konflikte in Systemen wie Familien oder Unternehmen sichtbar gemacht werden. Diese Technik wird genutzt, um Blockaden zu l\u00f6sen oder tiefere Einsichten in komplexe Strukturen zu gewinnen. In meiner Praxis in Essen kommen sowohl die Systemische Aufstellung als auch spezielle Formen dieser Methode regelm\u00e4\u00dfig zur Anwendung, wie die Selbstintegration-Aufstellung und die Traumaaufstellung.[:]","og_url":"https:\/\/amel-paulukat.com\/en\/systemische-aufstellungen\/","og_site_name":"Amel Paulukat","article_modified_time":"2026-04-04T12:23:02+00:00","og_image":[{"width":1500,"height":634,"url":"https:\/\/amel-paulukat.com\/wp-content\/uploads\/2024\/01\/Privatpersonen-Gruppen-new.jpg","type":"image\/jpeg"}],"twitter_card":"summary_large_image","twitter_misc":{"Est. reading time":"3 minutes"},"schema":{"@context":"https:\/\/schema.org","@graph":[{"@type":"Article","@id":"https:\/\/amel-paulukat.com\/systemische-aufstellungen\/#article","isPartOf":{"@id":"https:\/\/amel-paulukat.com\/systemische-aufstellungen\/"},"author":{"name":"Iulia Constantinescu","@id":"https:\/\/amel-paulukat.com\/#\/schema\/person\/2c32c3b1567bfea1878f29f33dec9a68"},"headline":"Systemische Aufstellungen","datePublished":"2024-02-09T09:44:21+00:00","dateModified":"2026-04-04T12:23:02+00:00","mainEntityOfPage":{"@id":"https:\/\/amel-paulukat.com\/systemische-aufstellungen\/"},"wordCount":669,"publisher":{"@id":"https:\/\/amel-paulukat.com\/#\/schema\/person\/cd05944b0f597d1839ccee7266348297"},"image":{"@id":"https:\/\/amel-paulukat.com\/systemische-aufstellungen\/#primaryimage"},"thumbnailUrl":"https:\/\/amel-paulukat.com\/wp-content\/uploads\/2024\/01\/Privatpersonen-Gruppen-new.jpg","inLanguage":"en-US"},{"@type":"WebPage","@id":"https:\/\/amel-paulukat.com\/systemische-aufstellungen\/","url":"https:\/\/amel-paulukat.com\/systemische-aufstellungen\/","name":"Systemische Aufstellungen","isPartOf":{"@id":"https:\/\/amel-paulukat.com\/#website"},"primaryImageOfPage":{"@id":"https:\/\/amel-paulukat.com\/systemische-aufstellungen\/#primaryimage"},"image":{"@id":"https:\/\/amel-paulukat.com\/systemische-aufstellungen\/#primaryimage"},"thumbnailUrl":"https:\/\/amel-paulukat.com\/wp-content\/uploads\/2024\/01\/Privatpersonen-Gruppen-new.jpg","datePublished":"2024-02-09T09:44:21+00:00","dateModified":"2026-04-04T12:23:02+00:00","description":"Eine systemische Aufstellung ist urspr\u00fcnglich eine Methode aus der Psychotherapie und Organisationsentwicklung, bei der Beziehungen, Dynamiken und Konflikte in Systemen wie Familien oder Unternehmen sichtbar gemacht werden. Diese Technik wird genutzt, um Blockaden zu l\u00f6sen oder tiefere Einsichten in komplexe Strukturen zu gewinnen. In meiner Praxis in Essen kommen sowohl die Systemische Aufstellung als auch spezielle Formen dieser Methode regelm\u00e4\u00dfig zur Anwendung, wie die Selbstintegration-Aufstellung und die Traumaaufstellung.","breadcrumb":{"@id":"https:\/\/amel-paulukat.com\/systemische-aufstellungen\/#breadcrumb"},"inLanguage":"en-US","potentialAction":[{"@type":"ReadAction","target":["https:\/\/amel-paulukat.com\/systemische-aufstellungen\/"]}]},{"@type":"ImageObject","inLanguage":"en-US","@id":"https:\/\/amel-paulukat.com\/systemische-aufstellungen\/#primaryimage","url":"https:\/\/amel-paulukat.com\/wp-content\/uploads\/2024\/01\/Privatpersonen-Gruppen-new.jpg","contentUrl":"https:\/\/amel-paulukat.com\/wp-content\/uploads\/2024\/01\/Privatpersonen-Gruppen-new.jpg","width":1500,"height":634,"caption":"Systemische Aufstellungen"},{"@type":"BreadcrumbList","@id":"https:\/\/amel-paulukat.com\/systemische-aufstellungen\/#breadcrumb","itemListElement":[{"@type":"ListItem","position":1,"name":"Home","item":"https:\/\/amel-paulukat.com\/"},{"@type":"ListItem","position":2,"name":"Systemische Aufstellungen"}]},{"@type":"WebSite","@id":"https:\/\/amel-paulukat.com\/#website","url":"https:\/\/amel-paulukat.com\/","name":"Amel Paulukat","description":"Therapeutische Beratung Konfliktl\u00f6sung & Meditation","publisher":{"@id":"https:\/\/amel-paulukat.com\/#\/schema\/person\/cd05944b0f597d1839ccee7266348297"},"potentialAction":[{"@type":"SearchAction","target":{"@type":"EntryPoint","urlTemplate":"https:\/\/amel-paulukat.com\/?s={search_term_string}"},"query-input":{"@type":"PropertyValueSpecification","valueRequired":true,"valueName":"search_term_string"}}],"inLanguage":"en-US"},{"@type":["Person","Organization"],"@id":"https:\/\/amel-paulukat.com\/#\/schema\/person\/cd05944b0f597d1839ccee7266348297","name":"Amel Paulukat","image":{"@type":"ImageObject","inLanguage":"en-US","@id":"https:\/\/amel-paulukat.com\/#\/schema\/person\/image\/","url":"https:\/\/amel-paulukat.com\/wp-content\/uploads\/2020\/05\/Amel-Manai_Logo.png","contentUrl":"https:\/\/amel-paulukat.com\/wp-content\/uploads\/2020\/05\/Amel-Manai_Logo.png","width":507,"height":341,"caption":"Amel Paulukat"},"logo":{"@id":"https:\/\/amel-paulukat.com\/#\/schema\/person\/image\/"},"sameAs":["https:\/\/amel-paulukat.com"]},{"@type":"Person","@id":"https:\/\/amel-paulukat.com\/#\/schema\/person\/2c32c3b1567bfea1878f29f33dec9a68","name":"Iulia Constantinescu","url":"https:\/\/amel-paulukat.com\/en\/author\/iulia\/"}]}},"_links":{"self":[{"href":"https:\/\/amel-paulukat.com\/en\/wp-json\/wp\/v2\/pages\/84951","targetHints":{"allow":["GET"]}}],"collection":[{"href":"https:\/\/amel-paulukat.com\/en\/wp-json\/wp\/v2\/pages"}],"about":[{"href":"https:\/\/amel-paulukat.com\/en\/wp-json\/wp\/v2\/types\/page"}],"author":[{"embeddable":true,"href":"https:\/\/amel-paulukat.com\/en\/wp-json\/wp\/v2\/users\/3"}],"replies":[{"embeddable":true,"href":"https:\/\/amel-paulukat.com\/en\/wp-json\/wp\/v2\/comments?post=84951"}],"version-history":[{"count":12,"href":"https:\/\/amel-paulukat.com\/en\/wp-json\/wp\/v2\/pages\/84951\/revisions"}],"predecessor-version":[{"id":86660,"href":"https:\/\/amel-paulukat.com\/en\/wp-json\/wp\/v2\/pages\/84951\/revisions\/86660"}],"wp:featuredmedia":[{"embeddable":true,"href":"https:\/\/amel-paulukat.com\/en\/wp-json\/wp\/v2\/media\/84370"}],"wp:attachment":[{"href":"https:\/\/amel-paulukat.com\/en\/wp-json\/wp\/v2\/media?parent=84951"}],"curies":[{"name":"wp","href":"https:\/\/api.w.org\/{rel}","templated":true}]}}