{"id":84959,"date":"2024-02-09T10:00:13","date_gmt":"2024-02-09T10:00:13","guid":{"rendered":"https:\/\/amel-paulukat.com\/?page_id=84959"},"modified":"2026-04-04T12:34:26","modified_gmt":"2026-04-04T12:34:26","slug":"emdr-eye-movement-desensitization-and-reprocessing","status":"publish","type":"page","link":"https:\/\/amel-paulukat.com\/en\/emdr-eye-movement-desensitization-and-reprocessing\/","title":{"rendered":"EMDR"},"content":{"rendered":"<div class=\"wpb-content-wrapper\"><p>[vc_row row_height_percent=&#8221;0&#8243; override_padding=&#8221;yes&#8221; h_padding=&#8221;2&#8243; top_padding=&#8221;5&#8243; bottom_padding=&#8221;5&#8243; overlay_alpha=&#8221;0&#8243; equal_height=&#8221;yes&#8221; gutter_size=&#8221;3&#8243; column_width_percent=&#8221;100&#8243; shift_y=&#8221;0&#8243; z_index=&#8221;0&#8243; bottom_divider=&#8221;gradient&#8221; el_class=&#8221;row-letaral section-lateral row-horizontal-display overflow-hidden shape-bg additions&#8221;][vc_column column_width_use_pixel=&#8221;yes&#8221; position_vertical=&#8221;middle&#8221; align_horizontal=&#8221;align_center&#8221; gutter_size=&#8221;3&#8243; overlay_alpha=&#8221;50&#8243; shift_x=&#8221;0&#8243; shift_y=&#8221;0&#8243; shift_y_down=&#8221;0&#8243; z_index=&#8221;0&#8243; medium_width=&#8221;0&#8243; mobile_width=&#8221;0&#8243; width=&#8221;1\/1&#8243;][vc_row_inner row_inner_height_percent=&#8221;0&#8243; force_width_grid=&#8221;yes&#8221; overlay_alpha=&#8221;50&#8243; gutter_size=&#8221;3&#8243; shift_y=&#8221;-1&#8243; z_index=&#8221;0&#8243;][vc_column_inner column_width_use_pixel=&#8221;yes&#8221; align_horizontal=&#8221;align_center&#8221; gutter_size=&#8221;2&#8243; overlay_alpha=&#8221;50&#8243; shift_x=&#8221;0&#8243; shift_y=&#8221;0&#8243; shift_y_down=&#8221;0&#8243; z_index=&#8221;0&#8243; medium_width=&#8221;0&#8243; mobile_width=&#8221;0&#8243; width=&#8221;1\/1&#8243; column_width_pixel=&#8221;800&#8243;][vc_custom_heading text_color=&#8221;accent&#8221;]EMDR[\/vc_custom_heading][vc_empty_space empty_h=&#8221;0&#8243;][vc_column_text el_class=&#8221;display-block&#8221;]<strong> EMDR \u2013 Eye Movement Desensitization and Reprocessing<\/strong><\/p>\n<p>EMDR ist eine wissenschaftlich anerkannte Methode zur Verarbeitung belastender Erfahrungen. Sie wurde 1987 von Dr. Francine Shapiro entwickelt und geh\u00f6rt heute zu den wirksamsten Verfahren bei posttraumatischen Belastungsreaktionen. Auch bei Angst, innerer Unsicherheit, Selbstzweifeln oder emotionalen Blockaden zeigt EMDR in Studien gute Ergebnisse.<\/p>\n<p>Der Ansatz beruht auf bilateraler Stimulation, also der abwechselnden Aktivierung beider Gehirnh\u00e4lften. Dadurch werden neuronale Netzwerke angeregt, die bei \u00fcberw\u00e4ltigenden Erlebnissen oft unvollst\u00e4ndig verarbeitet wurden. Solche Erinnerungen k\u00f6nnen wie \u201eeingefroren\u201c im Nervensystem liegen und Gef\u00fchle oder K\u00f6rperreaktionen ausl\u00f6sen, die nicht mehr zur Gegenwart passen.<br \/>\nIm strukturierten 8\u2011Phasen\u2011Prozess wird das belastende Material behutsam neu verarbeitet. Die Person bleibt dabei gleichzeitig im inneren Erleben und in einer sicheren, beobachtenden Distanz. Diese Kombination erm\u00f6glicht eine neue emotionale und kognitive Einordnung. Neben Augenbewegungen k\u00f6nnen auch taktile oder akustische Reize eingesetzt werden.<\/p>\n<p>Viele Menschen erleben im Verlauf der EMDRTherapie\u00a0 mehr innere Ordnung, Klarheit und Beruhigung.<\/p>\n<p>EMDR ist f\u00fcr mich ein Weg, den Zugang freizulegen \u2014 nicht durch ein \u201eEinsetzen\u201c einer Technik, sondern durch ein begleitendes L\u00f6sen, Ordnen und Neu\u2011Verbinden.<br \/>\nEs ist ein Prozess, der Menschen zur\u00fcck zu sich selbst f\u00fchrt.[\/vc_column_text][\/vc_column_inner][\/vc_row_inner][\/vc_column][\/vc_row]<\/p>\n<\/div>","protected":false},"excerpt":{"rendered":"<p>[vc_row row_height_percent=&#8221;0&#8243; override_padding=&#8221;yes&#8221; h_padding=&#8221;2&#8243; top_padding=&#8221;5&#8243; bottom_padding=&#8221;5&#8243; overlay_alpha=&#8221;0&#8243; equal_height=&#8221;yes&#8221; gutter_size=&#8221;3&#8243; column_width_percent=&#8221;100&#8243; shift_y=&#8221;0&#8243; z_index=&#8221;0&#8243; bottom_divider=&#8221;gradient&#8221; el_class=&#8221;row-letaral section-lateral row-horizontal-display overflow-hidden shape-bg additions&#8221;][vc_column column_width_use_pixel=&#8221;yes&#8221; [&hellip;]<\/p>\n","protected":false},"author":3,"featured_media":83976,"parent":0,"menu_order":0,"comment_status":"closed","ping_status":"closed","template":"","meta":{"footnotes":""},"class_list":["post-84959","page","type-page","status-publish","has-post-thumbnail","hentry"],"yoast_head":"<!-- This site is optimized with the Yoast SEO plugin v26.3 - https:\/\/yoast.com\/wordpress\/plugins\/seo\/ -->\n<title>EMDR<\/title>\n<meta name=\"description\" content=\"EMDR ist eine psychotherapeutische Methode zur Behandlung von schweren Traumata, bei der kontrollierte Augenbewegungen eingesetzt werden, um belastende Erinnerungen zu verarbeiten und deren emotionale Wirkung zu reduzieren.\" \/>\n<meta name=\"robots\" content=\"index, follow, max-snippet:-1, max-image-preview:large, max-video-preview:-1\" \/>\n<link rel=\"canonical\" href=\"https:\/\/amel-paulukat.com\/en\/emdr-eye-movement-desensitization-and-reprocessing\/\" \/>\n<meta property=\"og:locale\" content=\"en_US\" \/>\n<meta property=\"og:locale:alternate\" content=\"de_DE\" \/>\n<meta property=\"og:type\" content=\"article\" \/>\n<meta property=\"og:title\" content=\"EMDR\" \/>\n<meta property=\"og:description\" content=\"EMDR ist eine psychotherapeutische Methode zur Behandlung von schweren Traumata, bei der kontrollierte Augenbewegungen eingesetzt werden, um belastende Erinnerungen zu verarbeiten und deren emotionale Wirkung zu reduzieren.\" \/>\n<meta property=\"og:url\" content=\"https:\/\/amel-paulukat.com\/en\/emdr-eye-movement-desensitization-and-reprocessing\/\" \/>\n<meta property=\"og:site_name\" content=\"Amel Paulukat\" \/>\n<meta property=\"article:modified_time\" content=\"2026-04-04T12:34:26+00:00\" \/>\n<meta property=\"og:image\" content=\"https:\/\/amel-paulukat.com\/wp-content\/uploads\/2020\/07\/Amel-Manai-Hypnosetherapie.jpg\" \/>\n\t<meta property=\"og:image:width\" content=\"1500\" \/>\n\t<meta property=\"og:image:height\" content=\"634\" \/>\n\t<meta property=\"og:image:type\" content=\"image\/jpeg\" \/>\n<meta name=\"twitter:card\" content=\"summary_large_image\" \/>\n<meta name=\"twitter:label1\" content=\"Est. reading time\" \/>\n\t<meta name=\"twitter:data1\" content=\"2 minutes\" \/>\n<script type=\"application\/ld+json\" class=\"yoast-schema-graph\">{\"@context\":\"https:\/\/schema.org\",\"@graph\":[{\"@type\":\"Article\",\"@id\":\"https:\/\/amel-paulukat.com\/emdr-eye-movement-desensitization-and-reprocessing\/#article\",\"isPartOf\":{\"@id\":\"https:\/\/amel-paulukat.com\/emdr-eye-movement-desensitization-and-reprocessing\/\"},\"author\":{\"name\":\"Iulia Constantinescu\",\"@id\":\"https:\/\/amel-paulukat.com\/#\/schema\/person\/2c32c3b1567bfea1878f29f33dec9a68\"},\"headline\":\"EMDR\",\"datePublished\":\"2024-02-09T10:00:13+00:00\",\"dateModified\":\"2026-04-04T12:34:26+00:00\",\"mainEntityOfPage\":{\"@id\":\"https:\/\/amel-paulukat.com\/emdr-eye-movement-desensitization-and-reprocessing\/\"},\"wordCount\":359,\"publisher\":{\"@id\":\"https:\/\/amel-paulukat.com\/#\/schema\/person\/cd05944b0f597d1839ccee7266348297\"},\"image\":{\"@id\":\"https:\/\/amel-paulukat.com\/emdr-eye-movement-desensitization-and-reprocessing\/#primaryimage\"},\"thumbnailUrl\":\"https:\/\/amel-paulukat.com\/wp-content\/uploads\/2020\/07\/Amel-Manai-Hypnosetherapie.jpg\",\"inLanguage\":\"en-US\"},{\"@type\":\"WebPage\",\"@id\":\"https:\/\/amel-paulukat.com\/emdr-eye-movement-desensitization-and-reprocessing\/\",\"url\":\"https:\/\/amel-paulukat.com\/emdr-eye-movement-desensitization-and-reprocessing\/\",\"name\":\"EMDR\",\"isPartOf\":{\"@id\":\"https:\/\/amel-paulukat.com\/#website\"},\"primaryImageOfPage\":{\"@id\":\"https:\/\/amel-paulukat.com\/emdr-eye-movement-desensitization-and-reprocessing\/#primaryimage\"},\"image\":{\"@id\":\"https:\/\/amel-paulukat.com\/emdr-eye-movement-desensitization-and-reprocessing\/#primaryimage\"},\"thumbnailUrl\":\"https:\/\/amel-paulukat.com\/wp-content\/uploads\/2020\/07\/Amel-Manai-Hypnosetherapie.jpg\",\"datePublished\":\"2024-02-09T10:00:13+00:00\",\"dateModified\":\"2026-04-04T12:34:26+00:00\",\"description\":\"EMDR ist eine psychotherapeutische Methode zur Behandlung von schweren Traumata, bei der kontrollierte Augenbewegungen eingesetzt werden, um belastende Erinnerungen zu verarbeiten und deren emotionale Wirkung zu reduzieren.\",\"breadcrumb\":{\"@id\":\"https:\/\/amel-paulukat.com\/emdr-eye-movement-desensitization-and-reprocessing\/#breadcrumb\"},\"inLanguage\":\"en-US\",\"potentialAction\":[{\"@type\":\"ReadAction\",\"target\":[\"https:\/\/amel-paulukat.com\/emdr-eye-movement-desensitization-and-reprocessing\/\"]}]},{\"@type\":\"ImageObject\",\"inLanguage\":\"en-US\",\"@id\":\"https:\/\/amel-paulukat.com\/emdr-eye-movement-desensitization-and-reprocessing\/#primaryimage\",\"url\":\"https:\/\/amel-paulukat.com\/wp-content\/uploads\/2020\/07\/Amel-Manai-Hypnosetherapie.jpg\",\"contentUrl\":\"https:\/\/amel-paulukat.com\/wp-content\/uploads\/2020\/07\/Amel-Manai-Hypnosetherapie.jpg\",\"width\":1500,\"height\":634,\"caption\":\"Amel Manai Hypnosetherapie\"},{\"@type\":\"BreadcrumbList\",\"@id\":\"https:\/\/amel-paulukat.com\/emdr-eye-movement-desensitization-and-reprocessing\/#breadcrumb\",\"itemListElement\":[{\"@type\":\"ListItem\",\"position\":1,\"name\":\"Home\",\"item\":\"https:\/\/amel-paulukat.com\/\"},{\"@type\":\"ListItem\",\"position\":2,\"name\":\"EMDR\"}]},{\"@type\":\"WebSite\",\"@id\":\"https:\/\/amel-paulukat.com\/#website\",\"url\":\"https:\/\/amel-paulukat.com\/\",\"name\":\"Amel Paulukat\",\"description\":\"Therapeutische Beratung Konfliktl\u00f6sung & Meditation\",\"publisher\":{\"@id\":\"https:\/\/amel-paulukat.com\/#\/schema\/person\/cd05944b0f597d1839ccee7266348297\"},\"potentialAction\":[{\"@type\":\"SearchAction\",\"target\":{\"@type\":\"EntryPoint\",\"urlTemplate\":\"https:\/\/amel-paulukat.com\/?s={search_term_string}\"},\"query-input\":{\"@type\":\"PropertyValueSpecification\",\"valueRequired\":true,\"valueName\":\"search_term_string\"}}],\"inLanguage\":\"en-US\"},{\"@type\":[\"Person\",\"Organization\"],\"@id\":\"https:\/\/amel-paulukat.com\/#\/schema\/person\/cd05944b0f597d1839ccee7266348297\",\"name\":\"Amel Paulukat\",\"image\":{\"@type\":\"ImageObject\",\"inLanguage\":\"en-US\",\"@id\":\"https:\/\/amel-paulukat.com\/#\/schema\/person\/image\/\",\"url\":\"https:\/\/amel-paulukat.com\/wp-content\/uploads\/2020\/05\/Amel-Manai_Logo.png\",\"contentUrl\":\"https:\/\/amel-paulukat.com\/wp-content\/uploads\/2020\/05\/Amel-Manai_Logo.png\",\"width\":507,\"height\":341,\"caption\":\"Amel Paulukat\"},\"logo\":{\"@id\":\"https:\/\/amel-paulukat.com\/#\/schema\/person\/image\/\"},\"sameAs\":[\"https:\/\/amel-paulukat.com\"]},{\"@type\":\"Person\",\"@id\":\"https:\/\/amel-paulukat.com\/#\/schema\/person\/2c32c3b1567bfea1878f29f33dec9a68\",\"name\":\"Iulia Constantinescu\",\"url\":\"https:\/\/amel-paulukat.com\/en\/author\/iulia\/\"}]}<\/script>\n<!-- \/ Yoast SEO plugin. -->","yoast_head_json":{"title":"EMDR","description":"EMDR ist eine psychotherapeutische Methode zur Behandlung von schweren Traumata, bei der kontrollierte Augenbewegungen eingesetzt werden, um belastende Erinnerungen zu verarbeiten und deren emotionale Wirkung zu reduzieren.","robots":{"index":"index","follow":"follow","max-snippet":"max-snippet:-1","max-image-preview":"max-image-preview:large","max-video-preview":"max-video-preview:-1"},"canonical":"https:\/\/amel-paulukat.com\/en\/emdr-eye-movement-desensitization-and-reprocessing\/","og_locale":"en_US","og_type":"article","og_title":"[:de]EMDR[:] - Amel Paulukat","og_description":"[:de]EMDR ist eine psychotherapeutische Methode zur Behandlung von schweren Traumata, bei der kontrollierte Augenbewegungen eingesetzt werden, um belastende Erinnerungen zu verarbeiten und deren emotionale Wirkung zu reduzieren.[:]","og_url":"https:\/\/amel-paulukat.com\/en\/emdr-eye-movement-desensitization-and-reprocessing\/","og_site_name":"Amel Paulukat","article_modified_time":"2026-04-04T12:34:26+00:00","og_image":[{"width":1500,"height":634,"url":"https:\/\/amel-paulukat.com\/wp-content\/uploads\/2020\/07\/Amel-Manai-Hypnosetherapie.jpg","type":"image\/jpeg"}],"twitter_card":"summary_large_image","twitter_misc":{"Est. reading time":"2 minutes"},"schema":{"@context":"https:\/\/schema.org","@graph":[{"@type":"Article","@id":"https:\/\/amel-paulukat.com\/emdr-eye-movement-desensitization-and-reprocessing\/#article","isPartOf":{"@id":"https:\/\/amel-paulukat.com\/emdr-eye-movement-desensitization-and-reprocessing\/"},"author":{"name":"Iulia Constantinescu","@id":"https:\/\/amel-paulukat.com\/#\/schema\/person\/2c32c3b1567bfea1878f29f33dec9a68"},"headline":"EMDR","datePublished":"2024-02-09T10:00:13+00:00","dateModified":"2026-04-04T12:34:26+00:00","mainEntityOfPage":{"@id":"https:\/\/amel-paulukat.com\/emdr-eye-movement-desensitization-and-reprocessing\/"},"wordCount":359,"publisher":{"@id":"https:\/\/amel-paulukat.com\/#\/schema\/person\/cd05944b0f597d1839ccee7266348297"},"image":{"@id":"https:\/\/amel-paulukat.com\/emdr-eye-movement-desensitization-and-reprocessing\/#primaryimage"},"thumbnailUrl":"https:\/\/amel-paulukat.com\/wp-content\/uploads\/2020\/07\/Amel-Manai-Hypnosetherapie.jpg","inLanguage":"en-US"},{"@type":"WebPage","@id":"https:\/\/amel-paulukat.com\/emdr-eye-movement-desensitization-and-reprocessing\/","url":"https:\/\/amel-paulukat.com\/emdr-eye-movement-desensitization-and-reprocessing\/","name":"EMDR","isPartOf":{"@id":"https:\/\/amel-paulukat.com\/#website"},"primaryImageOfPage":{"@id":"https:\/\/amel-paulukat.com\/emdr-eye-movement-desensitization-and-reprocessing\/#primaryimage"},"image":{"@id":"https:\/\/amel-paulukat.com\/emdr-eye-movement-desensitization-and-reprocessing\/#primaryimage"},"thumbnailUrl":"https:\/\/amel-paulukat.com\/wp-content\/uploads\/2020\/07\/Amel-Manai-Hypnosetherapie.jpg","datePublished":"2024-02-09T10:00:13+00:00","dateModified":"2026-04-04T12:34:26+00:00","description":"EMDR ist eine psychotherapeutische Methode zur Behandlung von schweren Traumata, bei der kontrollierte Augenbewegungen eingesetzt werden, um belastende Erinnerungen zu verarbeiten und deren emotionale Wirkung zu reduzieren.","breadcrumb":{"@id":"https:\/\/amel-paulukat.com\/emdr-eye-movement-desensitization-and-reprocessing\/#breadcrumb"},"inLanguage":"en-US","potentialAction":[{"@type":"ReadAction","target":["https:\/\/amel-paulukat.com\/emdr-eye-movement-desensitization-and-reprocessing\/"]}]},{"@type":"ImageObject","inLanguage":"en-US","@id":"https:\/\/amel-paulukat.com\/emdr-eye-movement-desensitization-and-reprocessing\/#primaryimage","url":"https:\/\/amel-paulukat.com\/wp-content\/uploads\/2020\/07\/Amel-Manai-Hypnosetherapie.jpg","contentUrl":"https:\/\/amel-paulukat.com\/wp-content\/uploads\/2020\/07\/Amel-Manai-Hypnosetherapie.jpg","width":1500,"height":634,"caption":"Amel Manai Hypnosetherapie"},{"@type":"BreadcrumbList","@id":"https:\/\/amel-paulukat.com\/emdr-eye-movement-desensitization-and-reprocessing\/#breadcrumb","itemListElement":[{"@type":"ListItem","position":1,"name":"Home","item":"https:\/\/amel-paulukat.com\/"},{"@type":"ListItem","position":2,"name":"EMDR"}]},{"@type":"WebSite","@id":"https:\/\/amel-paulukat.com\/#website","url":"https:\/\/amel-paulukat.com\/","name":"Amel Paulukat","description":"Therapeutische Beratung Konfliktl\u00f6sung & Meditation","publisher":{"@id":"https:\/\/amel-paulukat.com\/#\/schema\/person\/cd05944b0f597d1839ccee7266348297"},"potentialAction":[{"@type":"SearchAction","target":{"@type":"EntryPoint","urlTemplate":"https:\/\/amel-paulukat.com\/?s={search_term_string}"},"query-input":{"@type":"PropertyValueSpecification","valueRequired":true,"valueName":"search_term_string"}}],"inLanguage":"en-US"},{"@type":["Person","Organization"],"@id":"https:\/\/amel-paulukat.com\/#\/schema\/person\/cd05944b0f597d1839ccee7266348297","name":"Amel Paulukat","image":{"@type":"ImageObject","inLanguage":"en-US","@id":"https:\/\/amel-paulukat.com\/#\/schema\/person\/image\/","url":"https:\/\/amel-paulukat.com\/wp-content\/uploads\/2020\/05\/Amel-Manai_Logo.png","contentUrl":"https:\/\/amel-paulukat.com\/wp-content\/uploads\/2020\/05\/Amel-Manai_Logo.png","width":507,"height":341,"caption":"Amel Paulukat"},"logo":{"@id":"https:\/\/amel-paulukat.com\/#\/schema\/person\/image\/"},"sameAs":["https:\/\/amel-paulukat.com"]},{"@type":"Person","@id":"https:\/\/amel-paulukat.com\/#\/schema\/person\/2c32c3b1567bfea1878f29f33dec9a68","name":"Iulia Constantinescu","url":"https:\/\/amel-paulukat.com\/en\/author\/iulia\/"}]}},"_links":{"self":[{"href":"https:\/\/amel-paulukat.com\/en\/wp-json\/wp\/v2\/pages\/84959","targetHints":{"allow":["GET"]}}],"collection":[{"href":"https:\/\/amel-paulukat.com\/en\/wp-json\/wp\/v2\/pages"}],"about":[{"href":"https:\/\/amel-paulukat.com\/en\/wp-json\/wp\/v2\/types\/page"}],"author":[{"embeddable":true,"href":"https:\/\/amel-paulukat.com\/en\/wp-json\/wp\/v2\/users\/3"}],"replies":[{"embeddable":true,"href":"https:\/\/amel-paulukat.com\/en\/wp-json\/wp\/v2\/comments?post=84959"}],"version-history":[{"count":11,"href":"https:\/\/amel-paulukat.com\/en\/wp-json\/wp\/v2\/pages\/84959\/revisions"}],"predecessor-version":[{"id":85419,"href":"https:\/\/amel-paulukat.com\/en\/wp-json\/wp\/v2\/pages\/84959\/revisions\/85419"}],"wp:featuredmedia":[{"embeddable":true,"href":"https:\/\/amel-paulukat.com\/en\/wp-json\/wp\/v2\/media\/83976"}],"wp:attachment":[{"href":"https:\/\/amel-paulukat.com\/en\/wp-json\/wp\/v2\/media?parent=84959"}],"curies":[{"name":"wp","href":"https:\/\/api.w.org\/{rel}","templated":true}]}}