{"id":84966,"date":"2024-02-09T10:21:05","date_gmt":"2024-02-09T10:21:05","guid":{"rendered":"https:\/\/amel-paulukat.com\/?page_id=84966"},"modified":"2024-10-07T15:24:20","modified_gmt":"2024-10-07T15:24:20","slug":"rueckfuhrungstherapie-in-essen","status":"publish","type":"page","link":"https:\/\/amel-paulukat.com\/en\/rueckfuhrungstherapie-in-essen\/","title":{"rendered":"R\u00fcckf\u00fchrungstherapie"},"content":{"rendered":"<div class=\"wpb-content-wrapper\"><p>[vc_row row_height_percent=&#8221;0&#8243; override_padding=&#8221;yes&#8221; h_padding=&#8221;2&#8243; top_padding=&#8221;5&#8243; bottom_padding=&#8221;5&#8243; overlay_alpha=&#8221;0&#8243; equal_height=&#8221;yes&#8221; gutter_size=&#8221;3&#8243; column_width_percent=&#8221;100&#8243; shift_y=&#8221;0&#8243; z_index=&#8221;0&#8243; bottom_divider=&#8221;gradient&#8221; el_class=&#8221;row-letaral section-lateral row-horizontal-display overflow-hidden shape-bg additions&#8221;][vc_column column_width_use_pixel=&#8221;yes&#8221; position_vertical=&#8221;middle&#8221; align_horizontal=&#8221;align_center&#8221; gutter_size=&#8221;3&#8243; overlay_alpha=&#8221;50&#8243; shift_x=&#8221;0&#8243; shift_y=&#8221;0&#8243; shift_y_down=&#8221;0&#8243; z_index=&#8221;0&#8243; medium_width=&#8221;0&#8243; mobile_width=&#8221;0&#8243; width=&#8221;1\/1&#8243;][vc_row_inner row_inner_height_percent=&#8221;0&#8243; force_width_grid=&#8221;yes&#8221; overlay_alpha=&#8221;50&#8243; gutter_size=&#8221;3&#8243; shift_y=&#8221;-1&#8243; z_index=&#8221;0&#8243;][vc_column_inner column_width_use_pixel=&#8221;yes&#8221; align_horizontal=&#8221;align_center&#8221; gutter_size=&#8221;2&#8243; overlay_alpha=&#8221;50&#8243; shift_x=&#8221;0&#8243; shift_y=&#8221;0&#8243; shift_y_down=&#8221;0&#8243; z_index=&#8221;0&#8243; medium_width=&#8221;0&#8243; mobile_width=&#8221;0&#8243; width=&#8221;1\/1&#8243; column_width_pixel=&#8221;800&#8243;][vc_custom_heading text_color=&#8221;accent&#8221;]R\u00fcckf\u00fchrungstherapie[\/vc_custom_heading][vc_empty_space empty_h=&#8221;2&#8243;][vc_column_text]Wenn Sie auf der Suche sind nach einer ganzheitlichen Form der Heilung f\u00fcr K\u00f6rper, Geist und Seele, dann lassen Sie sich auf Ihren eigenen Weg, mit Ihren eigenen Erfahrungen und pers\u00f6nlichen Wahrheit von mir begleiten.<\/p>\n<p style=\"text-align: center;\"><em>\u201cThe shaman does not believe in a division between the body and the spirit or between the visible world of form and the invisible world of energy.\u201d<\/em><br \/>\n<em>Dr. Alberto Villoldo<\/em><\/p>\n<p><strong>M\u00f6chten Sie Ihre Lebensaufgabe erkennen?<\/strong><\/p>\n<p>. Sind Ihnen fremde Menschen begegnet, die Ihnen vertraut schienen?<\/p>\n<p>. Gibt es fremde Orte die Ihnen bekannt vorkommen?<\/p>\n<p>. Situationen die sich in Ihrem Leben immer wiederholen?<\/p>\n<p>. Oder sind Sie einfach Neugierig und interessiert?<\/p>\n<p>. Die Reise in die Kindheit und in fr\u00fchere Leben, ein besonderes Erlebn ist.<\/p>\n<p>Die F\u00e4higkeit des Menschen, sich an fr\u00fchere Existenzen zu erinnern, ist inzwischen seit fast 30 Jahren von namhaften Psychologen eingehend erforscht worden. Jedes Erleben, jedes Bild wird zu einer Erfahrung die im Hier und Jetzt passiert und somit ist es m\u00f6glich, ein Trauma, das in der Kindheit oder in einem fr\u00fcheren Leben geschehen ist, heute zu bearbeiten, zu verarbeiten und damit Verbesserungen der heutigen Lebensqualit\u00e4t zu erreichen.<br \/>\nR\u00fcckf\u00fchrungstherapie ist im Schamanismus seit jeher bekannt. Die durchlebten Inkarnationen haben f\u00fcr Ur-V\u00f6lker h\u00e4ufig eine gro\u00dfe Bedeutung. So nutzte man die R\u00fcckf\u00fchrung in Trance schon vor Jahrhunderten vergangene Leben zu besuchen. Im Bereich der Hypnose geh\u00f6rt die R\u00fcckf\u00fchrungstherapie zu den erst in den letzten Jahren popul\u00e4r gewordenen Verfahren, um mit den vergangenen Leben in Kontakt zu kommen.<\/p>\n<p>Dabei ist der Zugriff auf Ihre verschiedenen Inkarnationen h\u00e4ufig sehr hilfreich \u2013 besonders im Hinblick auf das HIER und JETZT. Denn nicht selten liegen dort auch Antworten, weshalb Ihr Leben so ist wie es ist. Und dort finden sich auch Antworten f\u00fcr Deinen weiteren Weg.<\/p>\n<p>Die Eindr\u00fccke aller ungel\u00f6sten Traumata, speziell diejenigen, die zu unserem Tod gef\u00fchrt haben, bleiben an unserem Energiek\u00f6rper \u00fcber unseren physischen Tod hinaus haften. Wenn wir uns wieder inkarnieren, pr\u00e4gen sich diese alten unerl\u00f6sten Traumata wieder auf unseren neuen K\u00f6rper. Wir wiederholen damit alte Verhaltensmuster, provozieren Situationen und Umst\u00e4nde, die mit unserem heutigen Leben nur scheinbar etwas zu tun haben und reagieren oft irrational und \u00fcberzogen auf Situationen in unserem heutigen Leben.<br \/>\nWenn wir aber w\u00e4hrend einer Reinkarnationssitzung zur\u00fcckgehen, das Trauma noch einmal emotional, mental und k\u00f6rperlich erleben, k\u00f6nnen wir es l\u00f6sen und heilen.<\/p>\n<p>&nbsp;<\/p>\n<p style=\"text-align: center;\">\u201eErlaube dir selbst zu sehen, was du dir selbst nicht erlaubst zu sehen.\u201c ~ Eric Milton<\/p>\n<p>[\/vc_column_text][\/vc_column_inner][\/vc_row_inner][\/vc_column][\/vc_row]<\/p>\n<\/div>","protected":false},"excerpt":{"rendered":"<p>[vc_row row_height_percent=&#8221;0&#8243; override_padding=&#8221;yes&#8221; h_padding=&#8221;2&#8243; top_padding=&#8221;5&#8243; bottom_padding=&#8221;5&#8243; overlay_alpha=&#8221;0&#8243; equal_height=&#8221;yes&#8221; gutter_size=&#8221;3&#8243; column_width_percent=&#8221;100&#8243; shift_y=&#8221;0&#8243; z_index=&#8221;0&#8243; bottom_divider=&#8221;gradient&#8221; el_class=&#8221;row-letaral section-lateral row-horizontal-display overflow-hidden shape-bg additions&#8221;][vc_column column_width_use_pixel=&#8221;yes&#8221; [&hellip;]<\/p>\n","protected":false},"author":3,"featured_media":83892,"parent":0,"menu_order":0,"comment_status":"closed","ping_status":"closed","template":"","meta":{"footnotes":""},"class_list":["post-84966","page","type-page","status-publish","has-post-thumbnail","hentry"],"yoast_head":"<!-- This site is optimized with the Yoast SEO plugin v26.3 - https:\/\/yoast.com\/wordpress\/plugins\/seo\/ -->\n<title>R\u00fcckf\u00fchrungstherapie<\/title>\n<meta name=\"description\" content=\"In meiner Praxis in Essen verwende ich die R\u00fcckf\u00fchrungstherapie. Die R\u00fcckf\u00fchrungstherapie ist eine therapeutische Methode, die darauf abzielt, Klienten in fr\u00fchere Lebensphasen oder sogar in vergangene Leben zur\u00fcckzuf\u00fchren, um ungel\u00f6ste Konflikte und emotionale Blockaden zu erkennen und zu bearbeiten. Sie wird oft eingesetzt, um traumatische Erlebnisse zu heilen, \u00c4ngste zu lindern und ein tieferes Verst\u00e4ndnis f\u00fcr eigene Verhaltensmuster zu erlangen. Diese Therapieform f\u00f6rdert die pers\u00f6nliche Entwicklung und hilft, emotionale Wunden zu schlie\u00dfen.\" \/>\n<meta name=\"robots\" content=\"index, follow, max-snippet:-1, max-image-preview:large, max-video-preview:-1\" \/>\n<link rel=\"canonical\" href=\"https:\/\/amel-paulukat.com\/en\/rueckfuhrungstherapie-in-essen\/\" \/>\n<meta property=\"og:locale\" content=\"en_US\" \/>\n<meta property=\"og:locale:alternate\" content=\"de_DE\" \/>\n<meta property=\"og:type\" content=\"article\" \/>\n<meta property=\"og:title\" content=\"R\u00fcckf\u00fchrungstherapie\" \/>\n<meta property=\"og:description\" content=\"In meiner Praxis in Essen verwende ich die R\u00fcckf\u00fchrungstherapie. Die R\u00fcckf\u00fchrungstherapie ist eine therapeutische Methode, die darauf abzielt, Klienten in fr\u00fchere Lebensphasen oder sogar in vergangene Leben zur\u00fcckzuf\u00fchren, um ungel\u00f6ste Konflikte und emotionale Blockaden zu erkennen und zu bearbeiten. Sie wird oft eingesetzt, um traumatische Erlebnisse zu heilen, \u00c4ngste zu lindern und ein tieferes Verst\u00e4ndnis f\u00fcr eigene Verhaltensmuster zu erlangen. Diese Therapieform f\u00f6rdert die pers\u00f6nliche Entwicklung und hilft, emotionale Wunden zu schlie\u00dfen.\" \/>\n<meta property=\"og:url\" content=\"https:\/\/amel-paulukat.com\/en\/rueckfuhrungstherapie-in-essen\/\" \/>\n<meta property=\"og:site_name\" content=\"Amel Paulukat\" \/>\n<meta property=\"article:modified_time\" content=\"2024-10-07T15:24:20+00:00\" \/>\n<meta property=\"og:image\" content=\"https:\/\/amel-paulukat.com\/wp-content\/uploads\/2020\/07\/hypnose-bg.jpg\" \/>\n\t<meta property=\"og:image:width\" content=\"1500\" \/>\n\t<meta property=\"og:image:height\" content=\"634\" \/>\n\t<meta property=\"og:image:type\" content=\"image\/jpeg\" \/>\n<meta name=\"twitter:card\" content=\"summary_large_image\" \/>\n<meta name=\"twitter:label1\" content=\"Est. reading time\" \/>\n\t<meta name=\"twitter:data1\" content=\"3 minutes\" \/>\n<script type=\"application\/ld+json\" class=\"yoast-schema-graph\">{\"@context\":\"https:\/\/schema.org\",\"@graph\":[{\"@type\":\"Article\",\"@id\":\"https:\/\/amel-paulukat.com\/rueckfuhrungstherapie-in-essen\/#article\",\"isPartOf\":{\"@id\":\"https:\/\/amel-paulukat.com\/rueckfuhrungstherapie-in-essen\/\"},\"author\":{\"name\":\"Iulia Constantinescu\",\"@id\":\"https:\/\/amel-paulukat.com\/#\/schema\/person\/2c32c3b1567bfea1878f29f33dec9a68\"},\"headline\":\"R\u00fcckf\u00fchrungstherapie\",\"datePublished\":\"2024-02-09T10:21:05+00:00\",\"dateModified\":\"2024-10-07T15:24:20+00:00\",\"mainEntityOfPage\":{\"@id\":\"https:\/\/amel-paulukat.com\/rueckfuhrungstherapie-in-essen\/\"},\"wordCount\":590,\"publisher\":{\"@id\":\"https:\/\/amel-paulukat.com\/#\/schema\/person\/cd05944b0f597d1839ccee7266348297\"},\"image\":{\"@id\":\"https:\/\/amel-paulukat.com\/rueckfuhrungstherapie-in-essen\/#primaryimage\"},\"thumbnailUrl\":\"https:\/\/amel-paulukat.com\/wp-content\/uploads\/2020\/07\/hypnose-bg.jpg\",\"inLanguage\":\"en-US\"},{\"@type\":\"WebPage\",\"@id\":\"https:\/\/amel-paulukat.com\/rueckfuhrungstherapie-in-essen\/\",\"url\":\"https:\/\/amel-paulukat.com\/rueckfuhrungstherapie-in-essen\/\",\"name\":\"R\u00fcckf\u00fchrungstherapie\",\"isPartOf\":{\"@id\":\"https:\/\/amel-paulukat.com\/#website\"},\"primaryImageOfPage\":{\"@id\":\"https:\/\/amel-paulukat.com\/rueckfuhrungstherapie-in-essen\/#primaryimage\"},\"image\":{\"@id\":\"https:\/\/amel-paulukat.com\/rueckfuhrungstherapie-in-essen\/#primaryimage\"},\"thumbnailUrl\":\"https:\/\/amel-paulukat.com\/wp-content\/uploads\/2020\/07\/hypnose-bg.jpg\",\"datePublished\":\"2024-02-09T10:21:05+00:00\",\"dateModified\":\"2024-10-07T15:24:20+00:00\",\"description\":\"In meiner Praxis in Essen verwende ich die R\u00fcckf\u00fchrungstherapie. Die R\u00fcckf\u00fchrungstherapie ist eine therapeutische Methode, die darauf abzielt, Klienten in fr\u00fchere Lebensphasen oder sogar in vergangene Leben zur\u00fcckzuf\u00fchren, um ungel\u00f6ste Konflikte und emotionale Blockaden zu erkennen und zu bearbeiten. Sie wird oft eingesetzt, um traumatische Erlebnisse zu heilen, \u00c4ngste zu lindern und ein tieferes Verst\u00e4ndnis f\u00fcr eigene Verhaltensmuster zu erlangen. Diese Therapieform f\u00f6rdert die pers\u00f6nliche Entwicklung und hilft, emotionale Wunden zu schlie\u00dfen.\",\"breadcrumb\":{\"@id\":\"https:\/\/amel-paulukat.com\/rueckfuhrungstherapie-in-essen\/#breadcrumb\"},\"inLanguage\":\"en-US\",\"potentialAction\":[{\"@type\":\"ReadAction\",\"target\":[\"https:\/\/amel-paulukat.com\/rueckfuhrungstherapie-in-essen\/\"]}]},{\"@type\":\"ImageObject\",\"inLanguage\":\"en-US\",\"@id\":\"https:\/\/amel-paulukat.com\/rueckfuhrungstherapie-in-essen\/#primaryimage\",\"url\":\"https:\/\/amel-paulukat.com\/wp-content\/uploads\/2020\/07\/hypnose-bg.jpg\",\"contentUrl\":\"https:\/\/amel-paulukat.com\/wp-content\/uploads\/2020\/07\/hypnose-bg.jpg\",\"width\":1500,\"height\":634,\"caption\":\"hypnose behandlung\"},{\"@type\":\"BreadcrumbList\",\"@id\":\"https:\/\/amel-paulukat.com\/rueckfuhrungstherapie-in-essen\/#breadcrumb\",\"itemListElement\":[{\"@type\":\"ListItem\",\"position\":1,\"name\":\"Home\",\"item\":\"https:\/\/amel-paulukat.com\/\"},{\"@type\":\"ListItem\",\"position\":2,\"name\":\"R\u00fcckf\u00fchrungstherapie\"}]},{\"@type\":\"WebSite\",\"@id\":\"https:\/\/amel-paulukat.com\/#website\",\"url\":\"https:\/\/amel-paulukat.com\/\",\"name\":\"Amel Paulukat\",\"description\":\"Therapeutische Beratung Konfliktl\u00f6sung & Meditation\",\"publisher\":{\"@id\":\"https:\/\/amel-paulukat.com\/#\/schema\/person\/cd05944b0f597d1839ccee7266348297\"},\"potentialAction\":[{\"@type\":\"SearchAction\",\"target\":{\"@type\":\"EntryPoint\",\"urlTemplate\":\"https:\/\/amel-paulukat.com\/?s={search_term_string}\"},\"query-input\":{\"@type\":\"PropertyValueSpecification\",\"valueRequired\":true,\"valueName\":\"search_term_string\"}}],\"inLanguage\":\"en-US\"},{\"@type\":[\"Person\",\"Organization\"],\"@id\":\"https:\/\/amel-paulukat.com\/#\/schema\/person\/cd05944b0f597d1839ccee7266348297\",\"name\":\"Amel Paulukat\",\"image\":{\"@type\":\"ImageObject\",\"inLanguage\":\"en-US\",\"@id\":\"https:\/\/amel-paulukat.com\/#\/schema\/person\/image\/\",\"url\":\"https:\/\/amel-paulukat.com\/wp-content\/uploads\/2020\/05\/Amel-Manai_Logo.png\",\"contentUrl\":\"https:\/\/amel-paulukat.com\/wp-content\/uploads\/2020\/05\/Amel-Manai_Logo.png\",\"width\":507,\"height\":341,\"caption\":\"Amel Paulukat\"},\"logo\":{\"@id\":\"https:\/\/amel-paulukat.com\/#\/schema\/person\/image\/\"},\"sameAs\":[\"https:\/\/amel-paulukat.com\"]},{\"@type\":\"Person\",\"@id\":\"https:\/\/amel-paulukat.com\/#\/schema\/person\/2c32c3b1567bfea1878f29f33dec9a68\",\"name\":\"Iulia Constantinescu\",\"url\":\"https:\/\/amel-paulukat.com\/en\/author\/iulia\/\"}]}<\/script>\n<!-- \/ Yoast SEO plugin. -->","yoast_head_json":{"title":"R\u00fcckf\u00fchrungstherapie","description":"In meiner Praxis in Essen verwende ich die R\u00fcckf\u00fchrungstherapie. Die R\u00fcckf\u00fchrungstherapie ist eine therapeutische Methode, die darauf abzielt, Klienten in fr\u00fchere Lebensphasen oder sogar in vergangene Leben zur\u00fcckzuf\u00fchren, um ungel\u00f6ste Konflikte und emotionale Blockaden zu erkennen und zu bearbeiten. Sie wird oft eingesetzt, um traumatische Erlebnisse zu heilen, \u00c4ngste zu lindern und ein tieferes Verst\u00e4ndnis f\u00fcr eigene Verhaltensmuster zu erlangen. Diese Therapieform f\u00f6rdert die pers\u00f6nliche Entwicklung und hilft, emotionale Wunden zu schlie\u00dfen.","robots":{"index":"index","follow":"follow","max-snippet":"max-snippet:-1","max-image-preview":"max-image-preview:large","max-video-preview":"max-video-preview:-1"},"canonical":"https:\/\/amel-paulukat.com\/en\/rueckfuhrungstherapie-in-essen\/","og_locale":"en_US","og_type":"article","og_title":"[:de]R\u00fcckf\u00fchrungstherapie[:] - Amel Paulukat","og_description":"[:de]In meiner Praxis in Essen verwende ich die R\u00fcckf\u00fchrungstherapie. Die R\u00fcckf\u00fchrungstherapie ist eine therapeutische Methode, die darauf abzielt, Klienten in fr\u00fchere Lebensphasen oder sogar in vergangene Leben zur\u00fcckzuf\u00fchren, um ungel\u00f6ste Konflikte und emotionale Blockaden zu erkennen und zu bearbeiten. Sie wird oft eingesetzt, um traumatische Erlebnisse zu heilen, \u00c4ngste zu lindern und ein tieferes Verst\u00e4ndnis f\u00fcr eigene Verhaltensmuster zu erlangen. Diese Therapieform f\u00f6rdert die pers\u00f6nliche Entwicklung und hilft, emotionale Wunden zu schlie\u00dfen.[:]","og_url":"https:\/\/amel-paulukat.com\/en\/rueckfuhrungstherapie-in-essen\/","og_site_name":"Amel Paulukat","article_modified_time":"2024-10-07T15:24:20+00:00","og_image":[{"width":1500,"height":634,"url":"https:\/\/amel-paulukat.com\/wp-content\/uploads\/2020\/07\/hypnose-bg.jpg","type":"image\/jpeg"}],"twitter_card":"summary_large_image","twitter_misc":{"Est. reading time":"3 minutes"},"schema":{"@context":"https:\/\/schema.org","@graph":[{"@type":"Article","@id":"https:\/\/amel-paulukat.com\/rueckfuhrungstherapie-in-essen\/#article","isPartOf":{"@id":"https:\/\/amel-paulukat.com\/rueckfuhrungstherapie-in-essen\/"},"author":{"name":"Iulia Constantinescu","@id":"https:\/\/amel-paulukat.com\/#\/schema\/person\/2c32c3b1567bfea1878f29f33dec9a68"},"headline":"R\u00fcckf\u00fchrungstherapie","datePublished":"2024-02-09T10:21:05+00:00","dateModified":"2024-10-07T15:24:20+00:00","mainEntityOfPage":{"@id":"https:\/\/amel-paulukat.com\/rueckfuhrungstherapie-in-essen\/"},"wordCount":590,"publisher":{"@id":"https:\/\/amel-paulukat.com\/#\/schema\/person\/cd05944b0f597d1839ccee7266348297"},"image":{"@id":"https:\/\/amel-paulukat.com\/rueckfuhrungstherapie-in-essen\/#primaryimage"},"thumbnailUrl":"https:\/\/amel-paulukat.com\/wp-content\/uploads\/2020\/07\/hypnose-bg.jpg","inLanguage":"en-US"},{"@type":"WebPage","@id":"https:\/\/amel-paulukat.com\/rueckfuhrungstherapie-in-essen\/","url":"https:\/\/amel-paulukat.com\/rueckfuhrungstherapie-in-essen\/","name":"R\u00fcckf\u00fchrungstherapie","isPartOf":{"@id":"https:\/\/amel-paulukat.com\/#website"},"primaryImageOfPage":{"@id":"https:\/\/amel-paulukat.com\/rueckfuhrungstherapie-in-essen\/#primaryimage"},"image":{"@id":"https:\/\/amel-paulukat.com\/rueckfuhrungstherapie-in-essen\/#primaryimage"},"thumbnailUrl":"https:\/\/amel-paulukat.com\/wp-content\/uploads\/2020\/07\/hypnose-bg.jpg","datePublished":"2024-02-09T10:21:05+00:00","dateModified":"2024-10-07T15:24:20+00:00","description":"In meiner Praxis in Essen verwende ich die R\u00fcckf\u00fchrungstherapie. Die R\u00fcckf\u00fchrungstherapie ist eine therapeutische Methode, die darauf abzielt, Klienten in fr\u00fchere Lebensphasen oder sogar in vergangene Leben zur\u00fcckzuf\u00fchren, um ungel\u00f6ste Konflikte und emotionale Blockaden zu erkennen und zu bearbeiten. Sie wird oft eingesetzt, um traumatische Erlebnisse zu heilen, \u00c4ngste zu lindern und ein tieferes Verst\u00e4ndnis f\u00fcr eigene Verhaltensmuster zu erlangen. Diese Therapieform f\u00f6rdert die pers\u00f6nliche Entwicklung und hilft, emotionale Wunden zu schlie\u00dfen.","breadcrumb":{"@id":"https:\/\/amel-paulukat.com\/rueckfuhrungstherapie-in-essen\/#breadcrumb"},"inLanguage":"en-US","potentialAction":[{"@type":"ReadAction","target":["https:\/\/amel-paulukat.com\/rueckfuhrungstherapie-in-essen\/"]}]},{"@type":"ImageObject","inLanguage":"en-US","@id":"https:\/\/amel-paulukat.com\/rueckfuhrungstherapie-in-essen\/#primaryimage","url":"https:\/\/amel-paulukat.com\/wp-content\/uploads\/2020\/07\/hypnose-bg.jpg","contentUrl":"https:\/\/amel-paulukat.com\/wp-content\/uploads\/2020\/07\/hypnose-bg.jpg","width":1500,"height":634,"caption":"hypnose behandlung"},{"@type":"BreadcrumbList","@id":"https:\/\/amel-paulukat.com\/rueckfuhrungstherapie-in-essen\/#breadcrumb","itemListElement":[{"@type":"ListItem","position":1,"name":"Home","item":"https:\/\/amel-paulukat.com\/"},{"@type":"ListItem","position":2,"name":"R\u00fcckf\u00fchrungstherapie"}]},{"@type":"WebSite","@id":"https:\/\/amel-paulukat.com\/#website","url":"https:\/\/amel-paulukat.com\/","name":"Amel Paulukat","description":"Therapeutische Beratung Konfliktl\u00f6sung & Meditation","publisher":{"@id":"https:\/\/amel-paulukat.com\/#\/schema\/person\/cd05944b0f597d1839ccee7266348297"},"potentialAction":[{"@type":"SearchAction","target":{"@type":"EntryPoint","urlTemplate":"https:\/\/amel-paulukat.com\/?s={search_term_string}"},"query-input":{"@type":"PropertyValueSpecification","valueRequired":true,"valueName":"search_term_string"}}],"inLanguage":"en-US"},{"@type":["Person","Organization"],"@id":"https:\/\/amel-paulukat.com\/#\/schema\/person\/cd05944b0f597d1839ccee7266348297","name":"Amel Paulukat","image":{"@type":"ImageObject","inLanguage":"en-US","@id":"https:\/\/amel-paulukat.com\/#\/schema\/person\/image\/","url":"https:\/\/amel-paulukat.com\/wp-content\/uploads\/2020\/05\/Amel-Manai_Logo.png","contentUrl":"https:\/\/amel-paulukat.com\/wp-content\/uploads\/2020\/05\/Amel-Manai_Logo.png","width":507,"height":341,"caption":"Amel Paulukat"},"logo":{"@id":"https:\/\/amel-paulukat.com\/#\/schema\/person\/image\/"},"sameAs":["https:\/\/amel-paulukat.com"]},{"@type":"Person","@id":"https:\/\/amel-paulukat.com\/#\/schema\/person\/2c32c3b1567bfea1878f29f33dec9a68","name":"Iulia Constantinescu","url":"https:\/\/amel-paulukat.com\/en\/author\/iulia\/"}]}},"_links":{"self":[{"href":"https:\/\/amel-paulukat.com\/en\/wp-json\/wp\/v2\/pages\/84966","targetHints":{"allow":["GET"]}}],"collection":[{"href":"https:\/\/amel-paulukat.com\/en\/wp-json\/wp\/v2\/pages"}],"about":[{"href":"https:\/\/amel-paulukat.com\/en\/wp-json\/wp\/v2\/types\/page"}],"author":[{"embeddable":true,"href":"https:\/\/amel-paulukat.com\/en\/wp-json\/wp\/v2\/users\/3"}],"replies":[{"embeddable":true,"href":"https:\/\/amel-paulukat.com\/en\/wp-json\/wp\/v2\/comments?post=84966"}],"version-history":[{"count":10,"href":"https:\/\/amel-paulukat.com\/en\/wp-json\/wp\/v2\/pages\/84966\/revisions"}],"predecessor-version":[{"id":85744,"href":"https:\/\/amel-paulukat.com\/en\/wp-json\/wp\/v2\/pages\/84966\/revisions\/85744"}],"wp:featuredmedia":[{"embeddable":true,"href":"https:\/\/amel-paulukat.com\/en\/wp-json\/wp\/v2\/media\/83892"}],"wp:attachment":[{"href":"https:\/\/amel-paulukat.com\/en\/wp-json\/wp\/v2\/media?parent=84966"}],"curies":[{"name":"wp","href":"https:\/\/api.w.org\/{rel}","templated":true}]}}