{"id":85282,"date":"2024-06-21T11:48:23","date_gmt":"2024-06-21T11:48:23","guid":{"rendered":"https:\/\/amel-paulukat.com\/?page_id=85282"},"modified":"2026-02-25T18:16:05","modified_gmt":"2026-02-25T18:16:05","slug":"online-sitzungen","status":"publish","type":"page","link":"https:\/\/amel-paulukat.com\/en\/online-sitzungen\/","title":{"rendered":"Online Sitzungen"},"content":{"rendered":"<div class=\"wpb-content-wrapper\"><p>[vc_row row_height_percent=&#8221;0&#8243; override_padding=&#8221;yes&#8221; h_padding=&#8221;2&#8243; top_padding=&#8221;5&#8243; bottom_padding=&#8221;5&#8243; overlay_alpha=&#8221;0&#8243; equal_height=&#8221;yes&#8221; gutter_size=&#8221;3&#8243; column_width_percent=&#8221;100&#8243; shift_y=&#8221;0&#8243; z_index=&#8221;0&#8243; bottom_divider=&#8221;gradient&#8221; el_class=&#8221;row-letaral section-lateral row-horizontal-display overflow-hidden shape-bg additions&#8221;][vc_column column_width_use_pixel=&#8221;yes&#8221; position_vertical=&#8221;middle&#8221; align_horizontal=&#8221;align_center&#8221; gutter_size=&#8221;3&#8243; overlay_alpha=&#8221;50&#8243; shift_x=&#8221;0&#8243; shift_y=&#8221;0&#8243; shift_y_down=&#8221;0&#8243; z_index=&#8221;0&#8243; medium_width=&#8221;0&#8243; mobile_width=&#8221;0&#8243; width=&#8221;1\/1&#8243;][vc_row_inner row_inner_height_percent=&#8221;0&#8243; force_width_grid=&#8221;yes&#8221; overlay_alpha=&#8221;50&#8243; gutter_size=&#8221;3&#8243; shift_y=&#8221;-1&#8243; z_index=&#8221;0&#8243;][vc_column_inner column_width_use_pixel=&#8221;yes&#8221; align_horizontal=&#8221;align_center&#8221; gutter_size=&#8221;2&#8243; overlay_alpha=&#8221;50&#8243; shift_x=&#8221;0&#8243; shift_y=&#8221;0&#8243; shift_y_down=&#8221;0&#8243; z_index=&#8221;0&#8243; medium_width=&#8221;0&#8243; mobile_width=&#8221;0&#8243; width=&#8221;1\/1&#8243; column_width_pixel=&#8221;800&#8243;][vc_custom_heading text_color=&#8221;accent&#8221;]Online\u2011Sitzungen \u2013 Traumatherapie &#038; Systemische Aufstellungen weltweit[\/vc_custom_heading][vc_empty_space][vc_column_text el_class=&#8221;schwerpunkte-labels&#8221;]<strong>Traumatherapie und systemische Aufstellungen<\/strong> lassen sich im Online\u2011Setting ebenso pr\u00e4zise, sicher und wirkungsvoll durchf\u00fchren wie in Pr\u00e4senz. Da meine Arbeit an den tiefen strukturellen Ebenen der Pers\u00f6nlichkeit ansetzt \u2013 vorgeburtliche und epigenetische Pr\u00e4gungen, fr\u00fche Bindungs- und Beziehungserfahrungen sowie sp\u00e4tere strukturbildende Ereignisse \u2013 ist die <strong>therapeutische Wirksamkeit unabh\u00e4ngig vom Ort<\/strong> gew\u00e4hrleistet.<\/p>\n<p>Online\u2011Sitzungen erm\u00f6glichen eine <strong>klare, konzentrierte und gesch\u00fctzte Arbeitsatmosph\u00e4re<\/strong>, in der die relevanten inneren Ebenen gut erreichbar sind. Die strukturelle Kl\u00e4rung, die traumatherapeutischen Prozesse und die systemischen Dynamiken entfalten sich im digitalen Raum genauso differenziert wie im pers\u00f6nlichen Kontakt.<\/p>\n<p>Ich arbeite nicht nur in Deutschland, sondern <strong>weltweit<\/strong>. Viele KlientInnen nutzen die M\u00f6glichkeit, unabh\u00e4ngig von Wohnort, Land oder Zeitzone kontinuierlich und stabil begleitet zu werden. Das Online\u2011Setting schafft dabei eine hohe Flexibilit\u00e4t, ohne an therapeutischer Tiefe oder Qualit\u00e4t einzub\u00fc\u00dfen.<\/p>\n<p>[\/vc_column_text][\/vc_column_inner][\/vc_row_inner][vc_empty_space empty_h=&#8221;1&#8243;][vc_button button_color=&#8221;accent&#8221; size=&#8221;btn-lg&#8221; hover_fx=&#8221;outlined&#8221; border_width=&#8221;0&#8243; link=&#8221;url:%2Famel-paulukat-kontakt%2F&#8221;]Kontakt aufnehmen[\/vc_button][\/vc_column][\/vc_row]<\/p>\n<\/div>","protected":false},"excerpt":{"rendered":"<p>[vc_row row_height_percent=&#8221;0&#8243; override_padding=&#8221;yes&#8221; h_padding=&#8221;2&#8243; top_padding=&#8221;5&#8243; bottom_padding=&#8221;5&#8243; overlay_alpha=&#8221;0&#8243; equal_height=&#8221;yes&#8221; gutter_size=&#8221;3&#8243; column_width_percent=&#8221;100&#8243; shift_y=&#8221;0&#8243; z_index=&#8221;0&#8243; bottom_divider=&#8221;gradient&#8221; el_class=&#8221;row-letaral section-lateral row-horizontal-display overflow-hidden shape-bg additions&#8221;][vc_column column_width_use_pixel=&#8221;yes&#8221; [&hellip;]<\/p>\n","protected":false},"author":3,"featured_media":85294,"parent":0,"menu_order":0,"comment_status":"closed","ping_status":"closed","template":"","meta":{"footnotes":""},"class_list":["post-85282","page","type-page","status-publish","has-post-thumbnail","hentry"],"yoast_head":"<!-- This site is optimized with the Yoast SEO plugin v26.3 - https:\/\/yoast.com\/wordpress\/plugins\/seo\/ -->\n<title>Online Sitzungen<\/title>\n<meta name=\"description\" content=\"Eine Online-Sitzung zur systemischen Familienaufstellung ist ein therapeutischer Prozess, bei dem famili\u00e4re Beziehungen und Dynamiken \u00fcber digitale Plattformen visualisiert und bearbeitet werden, um verborgene Konflikte und emotionale Verstrickungen aufzul\u00f6sen. Zahlreiche Studien haben gezeigt, dass Online-Psychotherapie ebenso wirksam ist wie traditionelle Psychotherapie und vergleichbare Ergebnisse liefert.\" \/>\n<meta name=\"robots\" content=\"index, follow, max-snippet:-1, max-image-preview:large, max-video-preview:-1\" \/>\n<link rel=\"canonical\" href=\"https:\/\/amel-paulukat.com\/en\/online-sitzungen\/\" \/>\n<meta property=\"og:locale\" content=\"en_US\" \/>\n<meta property=\"og:locale:alternate\" content=\"de_DE\" \/>\n<meta property=\"og:type\" content=\"article\" \/>\n<meta property=\"og:title\" content=\"Online Sitzungen\" \/>\n<meta property=\"og:description\" content=\"Eine Online-Sitzung zur systemischen Familienaufstellung ist ein therapeutischer Prozess, bei dem famili\u00e4re Beziehungen und Dynamiken \u00fcber digitale Plattformen visualisiert und bearbeitet werden, um verborgene Konflikte und emotionale Verstrickungen aufzul\u00f6sen. Zahlreiche Studien haben gezeigt, dass Online-Psychotherapie ebenso wirksam ist wie traditionelle Psychotherapie und vergleichbare Ergebnisse liefert.\" \/>\n<meta property=\"og:url\" content=\"https:\/\/amel-paulukat.com\/en\/online-sitzungen\/\" \/>\n<meta property=\"og:site_name\" content=\"Amel Paulukat\" \/>\n<meta property=\"article:modified_time\" content=\"2026-02-25T18:16:05+00:00\" \/>\n<meta property=\"og:image\" content=\"https:\/\/amel-paulukat.com\/wp-content\/uploads\/2024\/06\/Amel-Paulukat-online-sitzungent.jpg\" \/>\n\t<meta property=\"og:image:width\" content=\"1904\" \/>\n\t<meta property=\"og:image:height\" content=\"708\" \/>\n\t<meta property=\"og:image:type\" content=\"image\/jpeg\" \/>\n<meta name=\"twitter:card\" content=\"summary_large_image\" \/>\n<meta name=\"twitter:label1\" content=\"Est. reading time\" \/>\n\t<meta name=\"twitter:data1\" content=\"2 minutes\" \/>\n<script type=\"application\/ld+json\" class=\"yoast-schema-graph\">{\"@context\":\"https:\/\/schema.org\",\"@graph\":[{\"@type\":\"Article\",\"@id\":\"https:\/\/amel-paulukat.com\/online-sitzungen\/#article\",\"isPartOf\":{\"@id\":\"https:\/\/amel-paulukat.com\/online-sitzungen\/\"},\"author\":{\"name\":\"Iulia Constantinescu\",\"@id\":\"https:\/\/amel-paulukat.com\/#\/schema\/person\/2c32c3b1567bfea1878f29f33dec9a68\"},\"headline\":\"Online Sitzungen\",\"datePublished\":\"2024-06-21T11:48:23+00:00\",\"dateModified\":\"2026-02-25T18:16:05+00:00\",\"mainEntityOfPage\":{\"@id\":\"https:\/\/amel-paulukat.com\/online-sitzungen\/\"},\"wordCount\":338,\"publisher\":{\"@id\":\"https:\/\/amel-paulukat.com\/#\/schema\/person\/cd05944b0f597d1839ccee7266348297\"},\"image\":{\"@id\":\"https:\/\/amel-paulukat.com\/online-sitzungen\/#primaryimage\"},\"thumbnailUrl\":\"https:\/\/amel-paulukat.com\/wp-content\/uploads\/2024\/06\/Amel-Paulukat-online-sitzungent.jpg\",\"inLanguage\":\"en-US\"},{\"@type\":\"WebPage\",\"@id\":\"https:\/\/amel-paulukat.com\/online-sitzungen\/\",\"url\":\"https:\/\/amel-paulukat.com\/online-sitzungen\/\",\"name\":\"Online Sitzungen\",\"isPartOf\":{\"@id\":\"https:\/\/amel-paulukat.com\/#website\"},\"primaryImageOfPage\":{\"@id\":\"https:\/\/amel-paulukat.com\/online-sitzungen\/#primaryimage\"},\"image\":{\"@id\":\"https:\/\/amel-paulukat.com\/online-sitzungen\/#primaryimage\"},\"thumbnailUrl\":\"https:\/\/amel-paulukat.com\/wp-content\/uploads\/2024\/06\/Amel-Paulukat-online-sitzungent.jpg\",\"datePublished\":\"2024-06-21T11:48:23+00:00\",\"dateModified\":\"2026-02-25T18:16:05+00:00\",\"description\":\"Eine Online-Sitzung zur systemischen Familienaufstellung ist ein therapeutischer Prozess, bei dem famili\u00e4re Beziehungen und Dynamiken \u00fcber digitale Plattformen visualisiert und bearbeitet werden, um verborgene Konflikte und emotionale Verstrickungen aufzul\u00f6sen. Zahlreiche Studien haben gezeigt, dass Online-Psychotherapie ebenso wirksam ist wie traditionelle Psychotherapie und vergleichbare Ergebnisse liefert.\",\"breadcrumb\":{\"@id\":\"https:\/\/amel-paulukat.com\/online-sitzungen\/#breadcrumb\"},\"inLanguage\":\"en-US\",\"potentialAction\":[{\"@type\":\"ReadAction\",\"target\":[\"https:\/\/amel-paulukat.com\/online-sitzungen\/\"]}]},{\"@type\":\"ImageObject\",\"inLanguage\":\"en-US\",\"@id\":\"https:\/\/amel-paulukat.com\/online-sitzungen\/#primaryimage\",\"url\":\"https:\/\/amel-paulukat.com\/wp-content\/uploads\/2024\/06\/Amel-Paulukat-online-sitzungent.jpg\",\"contentUrl\":\"https:\/\/amel-paulukat.com\/wp-content\/uploads\/2024\/06\/Amel-Paulukat-online-sitzungent.jpg\",\"width\":1904,\"height\":708},{\"@type\":\"BreadcrumbList\",\"@id\":\"https:\/\/amel-paulukat.com\/online-sitzungen\/#breadcrumb\",\"itemListElement\":[{\"@type\":\"ListItem\",\"position\":1,\"name\":\"Home\",\"item\":\"https:\/\/amel-paulukat.com\/\"},{\"@type\":\"ListItem\",\"position\":2,\"name\":\"Online Sitzungen\"}]},{\"@type\":\"WebSite\",\"@id\":\"https:\/\/amel-paulukat.com\/#website\",\"url\":\"https:\/\/amel-paulukat.com\/\",\"name\":\"Amel Paulukat\",\"description\":\"Therapeutische Beratung Konfliktl\u00f6sung & Meditation\",\"publisher\":{\"@id\":\"https:\/\/amel-paulukat.com\/#\/schema\/person\/cd05944b0f597d1839ccee7266348297\"},\"potentialAction\":[{\"@type\":\"SearchAction\",\"target\":{\"@type\":\"EntryPoint\",\"urlTemplate\":\"https:\/\/amel-paulukat.com\/?s={search_term_string}\"},\"query-input\":{\"@type\":\"PropertyValueSpecification\",\"valueRequired\":true,\"valueName\":\"search_term_string\"}}],\"inLanguage\":\"en-US\"},{\"@type\":[\"Person\",\"Organization\"],\"@id\":\"https:\/\/amel-paulukat.com\/#\/schema\/person\/cd05944b0f597d1839ccee7266348297\",\"name\":\"Amel Paulukat\",\"image\":{\"@type\":\"ImageObject\",\"inLanguage\":\"en-US\",\"@id\":\"https:\/\/amel-paulukat.com\/#\/schema\/person\/image\/\",\"url\":\"https:\/\/amel-paulukat.com\/wp-content\/uploads\/2020\/05\/Amel-Manai_Logo.png\",\"contentUrl\":\"https:\/\/amel-paulukat.com\/wp-content\/uploads\/2020\/05\/Amel-Manai_Logo.png\",\"width\":507,\"height\":341,\"caption\":\"Amel Paulukat\"},\"logo\":{\"@id\":\"https:\/\/amel-paulukat.com\/#\/schema\/person\/image\/\"},\"sameAs\":[\"https:\/\/amel-paulukat.com\"]},{\"@type\":\"Person\",\"@id\":\"https:\/\/amel-paulukat.com\/#\/schema\/person\/2c32c3b1567bfea1878f29f33dec9a68\",\"name\":\"Iulia Constantinescu\",\"url\":\"https:\/\/amel-paulukat.com\/en\/author\/iulia\/\"}]}<\/script>\n<!-- \/ Yoast SEO plugin. -->","yoast_head_json":{"title":"Online Sitzungen","description":"Eine Online-Sitzung zur systemischen Familienaufstellung ist ein therapeutischer Prozess, bei dem famili\u00e4re Beziehungen und Dynamiken \u00fcber digitale Plattformen visualisiert und bearbeitet werden, um verborgene Konflikte und emotionale Verstrickungen aufzul\u00f6sen. Zahlreiche Studien haben gezeigt, dass Online-Psychotherapie ebenso wirksam ist wie traditionelle Psychotherapie und vergleichbare Ergebnisse liefert.","robots":{"index":"index","follow":"follow","max-snippet":"max-snippet:-1","max-image-preview":"max-image-preview:large","max-video-preview":"max-video-preview:-1"},"canonical":"https:\/\/amel-paulukat.com\/en\/online-sitzungen\/","og_locale":"en_US","og_type":"article","og_title":"[:de]Online Sitzungen[:] - Amel Paulukat","og_description":"[:de]Eine Online-Sitzung zur systemischen Familienaufstellung ist ein therapeutischer Prozess, bei dem famili\u00e4re Beziehungen und Dynamiken \u00fcber digitale Plattformen visualisiert und bearbeitet werden, um verborgene Konflikte und emotionale Verstrickungen aufzul\u00f6sen. Zahlreiche Studien haben gezeigt, dass Online-Psychotherapie ebenso wirksam ist wie traditionelle Psychotherapie und vergleichbare Ergebnisse liefert.[:]","og_url":"https:\/\/amel-paulukat.com\/en\/online-sitzungen\/","og_site_name":"Amel Paulukat","article_modified_time":"2026-02-25T18:16:05+00:00","og_image":[{"width":1904,"height":708,"url":"https:\/\/amel-paulukat.com\/wp-content\/uploads\/2024\/06\/Amel-Paulukat-online-sitzungent.jpg","type":"image\/jpeg"}],"twitter_card":"summary_large_image","twitter_misc":{"Est. reading time":"2 minutes"},"schema":{"@context":"https:\/\/schema.org","@graph":[{"@type":"Article","@id":"https:\/\/amel-paulukat.com\/online-sitzungen\/#article","isPartOf":{"@id":"https:\/\/amel-paulukat.com\/online-sitzungen\/"},"author":{"name":"Iulia Constantinescu","@id":"https:\/\/amel-paulukat.com\/#\/schema\/person\/2c32c3b1567bfea1878f29f33dec9a68"},"headline":"Online Sitzungen","datePublished":"2024-06-21T11:48:23+00:00","dateModified":"2026-02-25T18:16:05+00:00","mainEntityOfPage":{"@id":"https:\/\/amel-paulukat.com\/online-sitzungen\/"},"wordCount":338,"publisher":{"@id":"https:\/\/amel-paulukat.com\/#\/schema\/person\/cd05944b0f597d1839ccee7266348297"},"image":{"@id":"https:\/\/amel-paulukat.com\/online-sitzungen\/#primaryimage"},"thumbnailUrl":"https:\/\/amel-paulukat.com\/wp-content\/uploads\/2024\/06\/Amel-Paulukat-online-sitzungent.jpg","inLanguage":"en-US"},{"@type":"WebPage","@id":"https:\/\/amel-paulukat.com\/online-sitzungen\/","url":"https:\/\/amel-paulukat.com\/online-sitzungen\/","name":"Online Sitzungen","isPartOf":{"@id":"https:\/\/amel-paulukat.com\/#website"},"primaryImageOfPage":{"@id":"https:\/\/amel-paulukat.com\/online-sitzungen\/#primaryimage"},"image":{"@id":"https:\/\/amel-paulukat.com\/online-sitzungen\/#primaryimage"},"thumbnailUrl":"https:\/\/amel-paulukat.com\/wp-content\/uploads\/2024\/06\/Amel-Paulukat-online-sitzungent.jpg","datePublished":"2024-06-21T11:48:23+00:00","dateModified":"2026-02-25T18:16:05+00:00","description":"Eine Online-Sitzung zur systemischen Familienaufstellung ist ein therapeutischer Prozess, bei dem famili\u00e4re Beziehungen und Dynamiken \u00fcber digitale Plattformen visualisiert und bearbeitet werden, um verborgene Konflikte und emotionale Verstrickungen aufzul\u00f6sen. Zahlreiche Studien haben gezeigt, dass Online-Psychotherapie ebenso wirksam ist wie traditionelle Psychotherapie und vergleichbare Ergebnisse liefert.","breadcrumb":{"@id":"https:\/\/amel-paulukat.com\/online-sitzungen\/#breadcrumb"},"inLanguage":"en-US","potentialAction":[{"@type":"ReadAction","target":["https:\/\/amel-paulukat.com\/online-sitzungen\/"]}]},{"@type":"ImageObject","inLanguage":"en-US","@id":"https:\/\/amel-paulukat.com\/online-sitzungen\/#primaryimage","url":"https:\/\/amel-paulukat.com\/wp-content\/uploads\/2024\/06\/Amel-Paulukat-online-sitzungent.jpg","contentUrl":"https:\/\/amel-paulukat.com\/wp-content\/uploads\/2024\/06\/Amel-Paulukat-online-sitzungent.jpg","width":1904,"height":708},{"@type":"BreadcrumbList","@id":"https:\/\/amel-paulukat.com\/online-sitzungen\/#breadcrumb","itemListElement":[{"@type":"ListItem","position":1,"name":"Home","item":"https:\/\/amel-paulukat.com\/"},{"@type":"ListItem","position":2,"name":"Online Sitzungen"}]},{"@type":"WebSite","@id":"https:\/\/amel-paulukat.com\/#website","url":"https:\/\/amel-paulukat.com\/","name":"Amel Paulukat","description":"Therapeutische Beratung Konfliktl\u00f6sung & Meditation","publisher":{"@id":"https:\/\/amel-paulukat.com\/#\/schema\/person\/cd05944b0f597d1839ccee7266348297"},"potentialAction":[{"@type":"SearchAction","target":{"@type":"EntryPoint","urlTemplate":"https:\/\/amel-paulukat.com\/?s={search_term_string}"},"query-input":{"@type":"PropertyValueSpecification","valueRequired":true,"valueName":"search_term_string"}}],"inLanguage":"en-US"},{"@type":["Person","Organization"],"@id":"https:\/\/amel-paulukat.com\/#\/schema\/person\/cd05944b0f597d1839ccee7266348297","name":"Amel Paulukat","image":{"@type":"ImageObject","inLanguage":"en-US","@id":"https:\/\/amel-paulukat.com\/#\/schema\/person\/image\/","url":"https:\/\/amel-paulukat.com\/wp-content\/uploads\/2020\/05\/Amel-Manai_Logo.png","contentUrl":"https:\/\/amel-paulukat.com\/wp-content\/uploads\/2020\/05\/Amel-Manai_Logo.png","width":507,"height":341,"caption":"Amel Paulukat"},"logo":{"@id":"https:\/\/amel-paulukat.com\/#\/schema\/person\/image\/"},"sameAs":["https:\/\/amel-paulukat.com"]},{"@type":"Person","@id":"https:\/\/amel-paulukat.com\/#\/schema\/person\/2c32c3b1567bfea1878f29f33dec9a68","name":"Iulia Constantinescu","url":"https:\/\/amel-paulukat.com\/en\/author\/iulia\/"}]}},"_links":{"self":[{"href":"https:\/\/amel-paulukat.com\/en\/wp-json\/wp\/v2\/pages\/85282","targetHints":{"allow":["GET"]}}],"collection":[{"href":"https:\/\/amel-paulukat.com\/en\/wp-json\/wp\/v2\/pages"}],"about":[{"href":"https:\/\/amel-paulukat.com\/en\/wp-json\/wp\/v2\/types\/page"}],"author":[{"embeddable":true,"href":"https:\/\/amel-paulukat.com\/en\/wp-json\/wp\/v2\/users\/3"}],"replies":[{"embeddable":true,"href":"https:\/\/amel-paulukat.com\/en\/wp-json\/wp\/v2\/comments?post=85282"}],"version-history":[{"count":10,"href":"https:\/\/amel-paulukat.com\/en\/wp-json\/wp\/v2\/pages\/85282\/revisions"}],"predecessor-version":[{"id":86539,"href":"https:\/\/amel-paulukat.com\/en\/wp-json\/wp\/v2\/pages\/85282\/revisions\/86539"}],"wp:featuredmedia":[{"embeddable":true,"href":"https:\/\/amel-paulukat.com\/en\/wp-json\/wp\/v2\/media\/85294"}],"wp:attachment":[{"href":"https:\/\/amel-paulukat.com\/en\/wp-json\/wp\/v2\/media?parent=85282"}],"curies":[{"name":"wp","href":"https:\/\/api.w.org\/{rel}","templated":true}]}}