{"id":85400,"date":"2024-08-15T09:45:02","date_gmt":"2024-08-15T09:45:02","guid":{"rendered":"https:\/\/amel-paulukat.com\/?page_id=85400"},"modified":"2026-04-23T09:11:58","modified_gmt":"2026-04-23T09:11:58","slug":"traumatherapie","status":"publish","type":"page","link":"https:\/\/amel-paulukat.com\/en\/traumatherapie\/","title":{"rendered":"Traumatherapie"},"content":{"rendered":"<div class=\"wpb-content-wrapper\"><p>[vc_row row_height_percent=&#8221;0&#8243; override_padding=&#8221;yes&#8221; h_padding=&#8221;2&#8243; top_padding=&#8221;3&#8243; bottom_padding=&#8221;3&#8243; overlay_alpha=&#8221;50&#8243; gutter_size=&#8221;3&#8243; column_width_percent=&#8221;100&#8243; shift_y=&#8221;0&#8243; z_index=&#8221;0&#8243;][vc_column][vc_row_inner][vc_column_inner width=&#8221;1\/1&#8243;][vc_custom_heading text_color=&#8221;accent&#8221;]Traumatherapie[\/vc_custom_heading][vc_column_text]In meiner Praxis liegt mir ein besonderer Schwerpunkt am Herzen: die Traumatherapie. Diese spezielle Form der Therapie unterst\u00fctzt Menschen, die an posttraumatischer Belastungsst\u00f6rung oder anderen Traumafolgest\u00f6rungen leiden.<\/p>\n<p>F\u00fcr mich besteht eine der wichtigsten Aufgaben darin, die Klienten dabei zu unterst\u00fctzen, das durch traumatische Erfahrungen ersch\u00fctterte Vertrauen in sich selbst wiederzufinden und die eigenen Selbstheilungskr\u00e4fte zu aktivieren und zu st\u00e4rken.<\/p>\n<p>Erlebnisse, die mit intensiver Angst und hoher Adrenalin-Aussch\u00fcttung verbunden sind, werden im Gehirn anders verarbeitet als gew\u00f6hnliche Erfahrungen. W\u00e4hrend wir allt\u00e4gliche Ereignisse in Ruhe erinnern und wie eine Geschichte erz\u00e4hlen k\u00f6nnen, \u00fcberfluten uns bei der Erinnerung an traumatische Ereignisse oft die damaligen Gef\u00fchle, was k\u00f6rperliche Reaktionen wie Herzrasen, Starre, Bewusstseinsver\u00e4nderungen oder Benommenheit ausl\u00f6sen kann. Diese Erinnerungen sind oft schwer in Worte zu fassen, was dazu f\u00fchrt, dass Betroffene versuchen, sie zu vermeiden, sich aber bei ihrem Auftreten hilflos f\u00fchlen. Die erste Ma\u00dfnahme in der Trauma-spezifischen Therapie besteht daher darin, den Klienten zu helfen, schwierige Gef\u00fchle zu regulieren. Das n\u00e4chste Ziel ist es, das Trauma zu erinnern und dar\u00fcber zu sprechen, ohne von den damaligen Emotionen \u00fcberw\u00e4ltigt zu werden. Dies geschieht, indem das Trauma in einem sicheren Rahmen bearbeitet wird, wobei die zuvor erlernten Stabilisierungs\u00fcbungen und die Unterst\u00fctzung des Therapeuten helfen, mit den aufkommenden Emotionen umzugehen. Auf diese Weise lernt das Gehirn, das traumatische Ereignis ohne das Gef\u00fchl extremer Bedrohung zu erinnern und es als solche abzuspeichern, dass es abgerufen werden kann, ohne von belastenden Emotionen \u00fcberw\u00e4ltigt zu werden.<\/p>\n<p>Auch behandele ich transgenerationale Traumata. Transgenerationale\u00a0Traumata beziehen sich auf die Weitergabe von traumatischen Erfahrungen und deren Auswirkungen von einer Generation auf die n\u00e4chste. Diese Traumata k\u00f6nnen durch direkte Weitergabe von emotionalen, psychologischen oder sozialen Belastungen entstehen, die von den Vorfahren erlebt wurden, wie zum Beispiel durch Krieg, Gewalt oder andere extreme Erfahrungen. Die nachfolgenden Generationen k\u00f6nnen diese Belastungen sp\u00fcren, auch wenn sie die urspr\u00fcnglichen Ereignisse nicht selbst erlebt haben, was sich in Verhaltensmustern, emotionalen Reaktionen oder psychosozialen Problemen \u00e4u\u00dfern kann.<\/p>\n<p>Es werden EMDR und systemische Selbstintegration Aufstellungen sowie Entspannungstechniken angewendet, um das Trauma erfolgreich zu bew\u00e4ltigen und den Klienten bei der \u00dcberwindung von PTBS zu unterst\u00fctzen.<\/p>\n<p>\u201cUnlike other forms of psychological disorders, the core issue in trauma is reality.\u201d<\/p>\n<p>Bessel A. van der Kolk,[\/vc_column_text][vc_button button_color=&#8221;accent&#8221; border_width=&#8221;0&#8243; link=&#8221;url:https%3A%2F%2Famel-paulukat.com%2Famel-paulukat-kontakt%2F|title:Kontakt&#8221; el_class=&#8221;mobile-btn-large&#8221;]Kontakt aufnehmen[\/vc_button][\/vc_column_inner][\/vc_row_inner][\/vc_column][\/vc_row]<\/p>\n<\/div>","protected":false},"excerpt":{"rendered":"<p>[vc_row row_height_percent=&#8221;0&#8243; override_padding=&#8221;yes&#8221; h_padding=&#8221;2&#8243; top_padding=&#8221;3&#8243; bottom_padding=&#8221;3&#8243; overlay_alpha=&#8221;50&#8243; gutter_size=&#8221;3&#8243; column_width_percent=&#8221;100&#8243; shift_y=&#8221;0&#8243; z_index=&#8221;0&#8243;][vc_column][vc_row_inner][vc_column_inner width=&#8221;1\/1&#8243;][vc_custom_heading text_color=&#8221;accent&#8221;]Traumatherapie[\/vc_custom_heading][vc_column_text]In meiner Praxis liegt mir ein besonderer Schwerpunkt [&hellip;]<\/p>\n","protected":false},"author":2,"featured_media":83889,"parent":0,"menu_order":0,"comment_status":"closed","ping_status":"closed","template":"","meta":{"footnotes":""},"class_list":["post-85400","page","type-page","status-publish","has-post-thumbnail","hentry"],"yoast_head":"<!-- This site is optimized with the Yoast SEO plugin v26.3 - https:\/\/yoast.com\/wordpress\/plugins\/seo\/ -->\n<title>Traumatherapie<\/title>\n<meta name=\"description\" content=\"Traumatherapie ist ein psychotherapeutischer Ansatz, der darauf abzielt, die emotionalen und psychologischen Folgen traumatischer Erfahrungen zu heilen, indem er hilft, das Trauma zu verarbeiten, die Symptome zu lindern und das emotionale Gleichgewicht wiederherzustellen. Zur Anwendung kommen u.a. EMDR und Selbst Integration Aufstellung nach Dr. Langlotz.\" \/>\n<meta name=\"robots\" content=\"index, follow, max-snippet:-1, max-image-preview:large, max-video-preview:-1\" \/>\n<link rel=\"canonical\" href=\"https:\/\/amel-paulukat.com\/en\/traumatherapie\/\" \/>\n<meta property=\"og:locale\" content=\"en_US\" \/>\n<meta property=\"og:locale:alternate\" content=\"de_DE\" \/>\n<meta property=\"og:type\" content=\"article\" \/>\n<meta property=\"og:title\" content=\"Traumatherapie\" \/>\n<meta property=\"og:description\" content=\"Traumatherapie ist ein psychotherapeutischer Ansatz, der darauf abzielt, die emotionalen und psychologischen Folgen traumatischer Erfahrungen zu heilen, indem er hilft, das Trauma zu verarbeiten, die Symptome zu lindern und das emotionale Gleichgewicht wiederherzustellen. Zur Anwendung kommen u.a. EMDR und Selbst Integration Aufstellung nach Dr. Langlotz.\" \/>\n<meta property=\"og:url\" content=\"https:\/\/amel-paulukat.com\/en\/traumatherapie\/\" \/>\n<meta property=\"og:site_name\" content=\"Amel Paulukat\" \/>\n<meta property=\"article:modified_time\" content=\"2026-04-23T09:11:58+00:00\" \/>\n<meta property=\"og:image\" content=\"https:\/\/amel-paulukat.com\/wp-content\/uploads\/2020\/07\/mediation-konfliktloesung-bg.jpg\" \/>\n\t<meta property=\"og:image:width\" content=\"1500\" \/>\n\t<meta property=\"og:image:height\" content=\"634\" \/>\n\t<meta property=\"og:image:type\" content=\"image\/jpeg\" \/>\n<meta name=\"twitter:card\" content=\"summary_large_image\" \/>\n<meta name=\"twitter:label1\" content=\"Est. reading time\" \/>\n\t<meta name=\"twitter:data1\" content=\"2 minutes\" \/>\n<script type=\"application\/ld+json\" class=\"yoast-schema-graph\">{\"@context\":\"https:\/\/schema.org\",\"@graph\":[{\"@type\":\"Article\",\"@id\":\"https:\/\/amel-paulukat.com\/traumatherapie\/#article\",\"isPartOf\":{\"@id\":\"https:\/\/amel-paulukat.com\/traumatherapie\/\"},\"author\":{\"name\":\"Amel Paulukat\",\"@id\":\"https:\/\/amel-paulukat.com\/#\/schema\/person\/cd05944b0f597d1839ccee7266348297\"},\"headline\":\"Traumatherapie\",\"datePublished\":\"2024-08-15T09:45:02+00:00\",\"dateModified\":\"2026-04-23T09:11:58+00:00\",\"mainEntityOfPage\":{\"@id\":\"https:\/\/amel-paulukat.com\/traumatherapie\/\"},\"wordCount\":487,\"publisher\":{\"@id\":\"https:\/\/amel-paulukat.com\/#\/schema\/person\/cd05944b0f597d1839ccee7266348297\"},\"image\":{\"@id\":\"https:\/\/amel-paulukat.com\/traumatherapie\/#primaryimage\"},\"thumbnailUrl\":\"https:\/\/amel-paulukat.com\/wp-content\/uploads\/2020\/07\/mediation-konfliktloesung-bg.jpg\",\"inLanguage\":\"en-US\"},{\"@type\":\"WebPage\",\"@id\":\"https:\/\/amel-paulukat.com\/traumatherapie\/\",\"url\":\"https:\/\/amel-paulukat.com\/traumatherapie\/\",\"name\":\"Traumatherapie\",\"isPartOf\":{\"@id\":\"https:\/\/amel-paulukat.com\/#website\"},\"primaryImageOfPage\":{\"@id\":\"https:\/\/amel-paulukat.com\/traumatherapie\/#primaryimage\"},\"image\":{\"@id\":\"https:\/\/amel-paulukat.com\/traumatherapie\/#primaryimage\"},\"thumbnailUrl\":\"https:\/\/amel-paulukat.com\/wp-content\/uploads\/2020\/07\/mediation-konfliktloesung-bg.jpg\",\"datePublished\":\"2024-08-15T09:45:02+00:00\",\"dateModified\":\"2026-04-23T09:11:58+00:00\",\"description\":\"Traumatherapie ist ein psychotherapeutischer Ansatz, der darauf abzielt, die emotionalen und psychologischen Folgen traumatischer Erfahrungen zu heilen, indem er hilft, das Trauma zu verarbeiten, die Symptome zu lindern und das emotionale Gleichgewicht wiederherzustellen. Zur Anwendung kommen u.a. EMDR und Selbst Integration Aufstellung nach Dr. Langlotz.\",\"breadcrumb\":{\"@id\":\"https:\/\/amel-paulukat.com\/traumatherapie\/#breadcrumb\"},\"inLanguage\":\"en-US\",\"potentialAction\":[{\"@type\":\"ReadAction\",\"target\":[\"https:\/\/amel-paulukat.com\/traumatherapie\/\"]}]},{\"@type\":\"ImageObject\",\"inLanguage\":\"en-US\",\"@id\":\"https:\/\/amel-paulukat.com\/traumatherapie\/#primaryimage\",\"url\":\"https:\/\/amel-paulukat.com\/wp-content\/uploads\/2020\/07\/mediation-konfliktloesung-bg.jpg\",\"contentUrl\":\"https:\/\/amel-paulukat.com\/wp-content\/uploads\/2020\/07\/mediation-konfliktloesung-bg.jpg\",\"width\":1500,\"height\":634},{\"@type\":\"BreadcrumbList\",\"@id\":\"https:\/\/amel-paulukat.com\/traumatherapie\/#breadcrumb\",\"itemListElement\":[{\"@type\":\"ListItem\",\"position\":1,\"name\":\"Home\",\"item\":\"https:\/\/amel-paulukat.com\/\"},{\"@type\":\"ListItem\",\"position\":2,\"name\":\"Traumatherapie\"}]},{\"@type\":\"WebSite\",\"@id\":\"https:\/\/amel-paulukat.com\/#website\",\"url\":\"https:\/\/amel-paulukat.com\/\",\"name\":\"Amel Paulukat\",\"description\":\"Therapeutische Beratung Konfliktl\u00f6sung & Meditation\",\"publisher\":{\"@id\":\"https:\/\/amel-paulukat.com\/#\/schema\/person\/cd05944b0f597d1839ccee7266348297\"},\"potentialAction\":[{\"@type\":\"SearchAction\",\"target\":{\"@type\":\"EntryPoint\",\"urlTemplate\":\"https:\/\/amel-paulukat.com\/?s={search_term_string}\"},\"query-input\":{\"@type\":\"PropertyValueSpecification\",\"valueRequired\":true,\"valueName\":\"search_term_string\"}}],\"inLanguage\":\"en-US\"},{\"@type\":[\"Person\",\"Organization\"],\"@id\":\"https:\/\/amel-paulukat.com\/#\/schema\/person\/cd05944b0f597d1839ccee7266348297\",\"name\":\"Amel Paulukat\",\"image\":{\"@type\":\"ImageObject\",\"inLanguage\":\"en-US\",\"@id\":\"https:\/\/amel-paulukat.com\/#\/schema\/person\/image\/\",\"url\":\"https:\/\/amel-paulukat.com\/wp-content\/uploads\/2020\/05\/Amel-Manai_Logo.png\",\"contentUrl\":\"https:\/\/amel-paulukat.com\/wp-content\/uploads\/2020\/05\/Amel-Manai_Logo.png\",\"width\":507,\"height\":341,\"caption\":\"Amel Paulukat\"},\"logo\":{\"@id\":\"https:\/\/amel-paulukat.com\/#\/schema\/person\/image\/\"},\"sameAs\":[\"https:\/\/amel-paulukat.com\"],\"url\":\"https:\/\/amel-paulukat.com\/en\/author\/amel\/\"}]}<\/script>\n<!-- \/ Yoast SEO plugin. -->","yoast_head_json":{"title":"Traumatherapie","description":"Traumatherapie ist ein psychotherapeutischer Ansatz, der darauf abzielt, die emotionalen und psychologischen Folgen traumatischer Erfahrungen zu heilen, indem er hilft, das Trauma zu verarbeiten, die Symptome zu lindern und das emotionale Gleichgewicht wiederherzustellen. Zur Anwendung kommen u.a. EMDR und Selbst Integration Aufstellung nach Dr. Langlotz.","robots":{"index":"index","follow":"follow","max-snippet":"max-snippet:-1","max-image-preview":"max-image-preview:large","max-video-preview":"max-video-preview:-1"},"canonical":"https:\/\/amel-paulukat.com\/en\/traumatherapie\/","og_locale":"en_US","og_type":"article","og_title":"[:de]Traumatherapie[:] - Amel Paulukat","og_description":"[:de]Traumatherapie ist ein psychotherapeutischer Ansatz, der darauf abzielt, die emotionalen und psychologischen Folgen traumatischer Erfahrungen zu heilen, indem er hilft, das Trauma zu verarbeiten, die Symptome zu lindern und das emotionale Gleichgewicht wiederherzustellen. Zur Anwendung kommen u.a. EMDR und Selbst Integration Aufstellung nach Dr. Langlotz.[:]","og_url":"https:\/\/amel-paulukat.com\/en\/traumatherapie\/","og_site_name":"Amel Paulukat","article_modified_time":"2026-04-23T09:11:58+00:00","og_image":[{"width":1500,"height":634,"url":"https:\/\/amel-paulukat.com\/wp-content\/uploads\/2020\/07\/mediation-konfliktloesung-bg.jpg","type":"image\/jpeg"}],"twitter_card":"summary_large_image","twitter_misc":{"Est. reading time":"2 minutes"},"schema":{"@context":"https:\/\/schema.org","@graph":[{"@type":"Article","@id":"https:\/\/amel-paulukat.com\/traumatherapie\/#article","isPartOf":{"@id":"https:\/\/amel-paulukat.com\/traumatherapie\/"},"author":{"name":"Amel Paulukat","@id":"https:\/\/amel-paulukat.com\/#\/schema\/person\/cd05944b0f597d1839ccee7266348297"},"headline":"Traumatherapie","datePublished":"2024-08-15T09:45:02+00:00","dateModified":"2026-04-23T09:11:58+00:00","mainEntityOfPage":{"@id":"https:\/\/amel-paulukat.com\/traumatherapie\/"},"wordCount":487,"publisher":{"@id":"https:\/\/amel-paulukat.com\/#\/schema\/person\/cd05944b0f597d1839ccee7266348297"},"image":{"@id":"https:\/\/amel-paulukat.com\/traumatherapie\/#primaryimage"},"thumbnailUrl":"https:\/\/amel-paulukat.com\/wp-content\/uploads\/2020\/07\/mediation-konfliktloesung-bg.jpg","inLanguage":"en-US"},{"@type":"WebPage","@id":"https:\/\/amel-paulukat.com\/traumatherapie\/","url":"https:\/\/amel-paulukat.com\/traumatherapie\/","name":"Traumatherapie","isPartOf":{"@id":"https:\/\/amel-paulukat.com\/#website"},"primaryImageOfPage":{"@id":"https:\/\/amel-paulukat.com\/traumatherapie\/#primaryimage"},"image":{"@id":"https:\/\/amel-paulukat.com\/traumatherapie\/#primaryimage"},"thumbnailUrl":"https:\/\/amel-paulukat.com\/wp-content\/uploads\/2020\/07\/mediation-konfliktloesung-bg.jpg","datePublished":"2024-08-15T09:45:02+00:00","dateModified":"2026-04-23T09:11:58+00:00","description":"Traumatherapie ist ein psychotherapeutischer Ansatz, der darauf abzielt, die emotionalen und psychologischen Folgen traumatischer Erfahrungen zu heilen, indem er hilft, das Trauma zu verarbeiten, die Symptome zu lindern und das emotionale Gleichgewicht wiederherzustellen. Zur Anwendung kommen u.a. EMDR und Selbst Integration Aufstellung nach Dr. Langlotz.","breadcrumb":{"@id":"https:\/\/amel-paulukat.com\/traumatherapie\/#breadcrumb"},"inLanguage":"en-US","potentialAction":[{"@type":"ReadAction","target":["https:\/\/amel-paulukat.com\/traumatherapie\/"]}]},{"@type":"ImageObject","inLanguage":"en-US","@id":"https:\/\/amel-paulukat.com\/traumatherapie\/#primaryimage","url":"https:\/\/amel-paulukat.com\/wp-content\/uploads\/2020\/07\/mediation-konfliktloesung-bg.jpg","contentUrl":"https:\/\/amel-paulukat.com\/wp-content\/uploads\/2020\/07\/mediation-konfliktloesung-bg.jpg","width":1500,"height":634},{"@type":"BreadcrumbList","@id":"https:\/\/amel-paulukat.com\/traumatherapie\/#breadcrumb","itemListElement":[{"@type":"ListItem","position":1,"name":"Home","item":"https:\/\/amel-paulukat.com\/"},{"@type":"ListItem","position":2,"name":"Traumatherapie"}]},{"@type":"WebSite","@id":"https:\/\/amel-paulukat.com\/#website","url":"https:\/\/amel-paulukat.com\/","name":"Amel Paulukat","description":"Therapeutische Beratung Konfliktl\u00f6sung & Meditation","publisher":{"@id":"https:\/\/amel-paulukat.com\/#\/schema\/person\/cd05944b0f597d1839ccee7266348297"},"potentialAction":[{"@type":"SearchAction","target":{"@type":"EntryPoint","urlTemplate":"https:\/\/amel-paulukat.com\/?s={search_term_string}"},"query-input":{"@type":"PropertyValueSpecification","valueRequired":true,"valueName":"search_term_string"}}],"inLanguage":"en-US"},{"@type":["Person","Organization"],"@id":"https:\/\/amel-paulukat.com\/#\/schema\/person\/cd05944b0f597d1839ccee7266348297","name":"Amel Paulukat","image":{"@type":"ImageObject","inLanguage":"en-US","@id":"https:\/\/amel-paulukat.com\/#\/schema\/person\/image\/","url":"https:\/\/amel-paulukat.com\/wp-content\/uploads\/2020\/05\/Amel-Manai_Logo.png","contentUrl":"https:\/\/amel-paulukat.com\/wp-content\/uploads\/2020\/05\/Amel-Manai_Logo.png","width":507,"height":341,"caption":"Amel Paulukat"},"logo":{"@id":"https:\/\/amel-paulukat.com\/#\/schema\/person\/image\/"},"sameAs":["https:\/\/amel-paulukat.com"],"url":"https:\/\/amel-paulukat.com\/en\/author\/amel\/"}]}},"_links":{"self":[{"href":"https:\/\/amel-paulukat.com\/en\/wp-json\/wp\/v2\/pages\/85400","targetHints":{"allow":["GET"]}}],"collection":[{"href":"https:\/\/amel-paulukat.com\/en\/wp-json\/wp\/v2\/pages"}],"about":[{"href":"https:\/\/amel-paulukat.com\/en\/wp-json\/wp\/v2\/types\/page"}],"author":[{"embeddable":true,"href":"https:\/\/amel-paulukat.com\/en\/wp-json\/wp\/v2\/users\/2"}],"replies":[{"embeddable":true,"href":"https:\/\/amel-paulukat.com\/en\/wp-json\/wp\/v2\/comments?post=85400"}],"version-history":[{"count":5,"href":"https:\/\/amel-paulukat.com\/en\/wp-json\/wp\/v2\/pages\/85400\/revisions"}],"predecessor-version":[{"id":85625,"href":"https:\/\/amel-paulukat.com\/en\/wp-json\/wp\/v2\/pages\/85400\/revisions\/85625"}],"wp:featuredmedia":[{"embeddable":true,"href":"https:\/\/amel-paulukat.com\/en\/wp-json\/wp\/v2\/media\/83889"}],"wp:attachment":[{"href":"https:\/\/amel-paulukat.com\/en\/wp-json\/wp\/v2\/media?parent=85400"}],"curies":[{"name":"wp","href":"https:\/\/api.w.org\/{rel}","templated":true}]}}