{"id":85405,"date":"2024-08-15T10:36:24","date_gmt":"2024-08-15T10:36:24","guid":{"rendered":"https:\/\/amel-paulukat.com\/?page_id=85405"},"modified":"2024-08-23T12:11:41","modified_gmt":"2024-08-23T12:11:41","slug":"spagyrik","status":"publish","type":"page","link":"https:\/\/amel-paulukat.com\/en\/spagyrik\/","title":{"rendered":"Spagyrik"},"content":{"rendered":"<div class=\"wpb-content-wrapper\"><p>[vc_row row_height_percent=&#8221;0&#8243; override_padding=&#8221;yes&#8221; h_padding=&#8221;2&#8243; top_padding=&#8221;4&#8243; bottom_padding=&#8221;4&#8243; overlay_alpha=&#8221;50&#8243; gutter_size=&#8221;3&#8243; column_width_percent=&#8221;100&#8243; shift_y=&#8221;0&#8243; z_index=&#8221;0&#8243; shape_dividers=&#8221;&#8221;][vc_column width=&#8221;1\/1&#8243;][vc_row_inner][vc_column_inner width=&#8221;1\/1&#8243;][vc_custom_heading text_color=&#8221;accent&#8221;]Spagyrik[\/vc_custom_heading][vc_column_text]<\/p>\n<div class=\"sticky top-0 p-3 mb-1.5 flex items-center justify-between z-10 h-14 font-semibold bg-token-main-surface-primary\">\n<div class=\"flex items-center gap-2 pr-1 leading-[0]\">\n<div class=\"flex items-center justify-center overflow-hidden rounded-full\">In meiner Praxis setze ich Spagyrik zur Behandlung von psychosomatischen Beschwerden und zur Unterst\u00fctzung psychotherapeutischer Behandlungen ein.<\/div>\n<\/div>\n<\/div>\n<article class=\"w-full text-token-text-primary focus-visible:outline-2 focus-visible:outline-offset-[-4px]\" dir=\"auto\" tabindex=\"0\" data-testid=\"conversation-turn-93\" data-scroll-anchor=\"true\">\n<div class=\"text-base py-[18px] px-3 md:px-4 m-auto md:px-5\">\n<div class=\"mx-auto flex flex-1 gap-4 text-base md:gap-5 lg:gap-6 md:max-w-3xl lg:max-w-[40rem] xl:max-w-[48rem]\">\n<div class=\"group\/conversation-turn relative flex w-full min-w-0 flex-col agent-turn\">\n<div class=\"flex-col gap-1 md:gap-3\">\n<div class=\"flex max-w-full flex-col flex-grow\">\n<div class=\"min-h-[20px] text-message flex w-full flex-col items-end gap-2 whitespace-pre-wrap break-words [.text-message+&#038;]:mt-5 overflow-x-auto\" dir=\"auto\" data-message-author-role=\"assistant\" data-message-id=\"9a3178b8-9254-4249-a5f4-d01d3ab41a1a\">\n<div class=\"flex w-full flex-col gap-1 empty:hidden first:pt-[3px]\">\n<div class=\"markdown prose w-full break-words dark:prose-invert light\">\n<p>Die Spagyrik ist ein ganzheitliches Naturheilverfahren, das auf speziell hergestellten pflanzlichen Essenzen basiert. Ihr Grundprinzip besteht darin, den aus dem Gleichgewicht geratenen K\u00f6rper, Geist und Seele durch individuelle spagyrische Mischungen wieder in den gesunden Zustand zu bringen.<\/p>\n<p>Die Spagyrik arbeitet auf drei Ebenen: k\u00f6rperlich (physisch-symptomatisch), seelisch (emotional) und geistig (mental-spirituell). Der Name \u201eSpagyrik\u201c stammt aus dem Griechischen, wobei \u201espao\u201c \u201eherausziehen\u201c und \u201eageiro\u201c \u201evereinigen\u201c bedeutet, und beschreibt die pharmazeutische und therapeutische Umsetzung der Alchemie.<\/p>\n<p>In der Spagyrik werden Pflanzen durch spezielle Verfahren wie G\u00e4rung, Destillation und Veraschung bearbeitet, die alchemistische Verfahren widerspiegeln. Diese Schritte erm\u00f6glichen es, sowohl \u00e4therische \u00d6le und Aromastoffe als auch pflanzliche Mineralstoffe und Spurenelemente zu extrahieren, wodurch eine therapeutisch wirksame Essenz entsteht, die effektiver ist als die Ursprungspflanze.<\/p>\n<p>Die spagyrischen Essenzen werden typischerweise in Tropfenform unverd\u00fcnnt oder in Wasser eingenommen. Sie k\u00f6nnen auch als Spray oder in Form von Salben zur \u00e4u\u00dferlichen Anwendung verwendet werden.<\/p>\n<\/div>\n<\/div>\n<\/div>\n<\/div>\n<\/div>\n<\/div>\n<\/div>\n<\/div>\n<\/article>\n<p>[\/vc_column_text][\/vc_column_inner][\/vc_row_inner][\/vc_column][\/vc_row]<\/p>\n<\/div>","protected":false},"excerpt":{"rendered":"<p>[vc_row row_height_percent=&#8221;0&#8243; override_padding=&#8221;yes&#8221; h_padding=&#8221;2&#8243; top_padding=&#8221;4&#8243; bottom_padding=&#8221;4&#8243; overlay_alpha=&#8221;50&#8243; gutter_size=&#8221;3&#8243; column_width_percent=&#8221;100&#8243; shift_y=&#8221;0&#8243; z_index=&#8221;0&#8243; shape_dividers=&#8221;&#8221;][vc_column width=&#8221;1\/1&#8243;][vc_row_inner][vc_column_inner width=&#8221;1\/1&#8243;][vc_custom_heading text_color=&#8221;accent&#8221;]Spagyrik[\/vc_custom_heading][vc_column_text] In meiner Praxis setze ich [&hellip;]<\/p>\n","protected":false},"author":2,"featured_media":0,"parent":0,"menu_order":0,"comment_status":"closed","ping_status":"closed","template":"","meta":{"footnotes":""},"class_list":["post-85405","page","type-page","status-publish","hentry"],"yoast_head":"<!-- This site is optimized with the Yoast SEO plugin v26.3 - https:\/\/yoast.com\/wordpress\/plugins\/seo\/ -->\n<title>Spagyrik<\/title>\n<meta name=\"description\" content=\"Spagyrik ist ein ganzheitliches Naturheilverfahren, das durch alchemistische Verfahren hergestellte pflanzliche Essenzen verwendet, um das Gleichgewicht auf k\u00f6rperlicher, seelischer und geistiger Ebene wiederherzustellen. Ich setze individuell abgestimmte spagyrische Essenzen bei Bedarf erg\u00e4nzend zu den Therapieverfahren ein.\" \/>\n<meta name=\"robots\" content=\"index, follow, max-snippet:-1, max-image-preview:large, max-video-preview:-1\" \/>\n<link rel=\"canonical\" href=\"https:\/\/amel-paulukat.com\/en\/spagyrik\/\" \/>\n<meta property=\"og:locale\" content=\"en_US\" \/>\n<meta property=\"og:locale:alternate\" content=\"de_DE\" \/>\n<meta property=\"og:type\" content=\"article\" \/>\n<meta property=\"og:title\" content=\"Spagyrik\" \/>\n<meta property=\"og:description\" content=\"Spagyrik ist ein ganzheitliches Naturheilverfahren, das durch alchemistische Verfahren hergestellte pflanzliche Essenzen verwendet, um das Gleichgewicht auf k\u00f6rperlicher, seelischer und geistiger Ebene wiederherzustellen. Ich setze individuell abgestimmte spagyrische Essenzen bei Bedarf erg\u00e4nzend zu den Therapieverfahren ein.\" \/>\n<meta property=\"og:url\" content=\"https:\/\/amel-paulukat.com\/en\/spagyrik\/\" \/>\n<meta property=\"og:site_name\" content=\"Amel Paulukat\" \/>\n<meta property=\"article:modified_time\" content=\"2024-08-23T12:11:41+00:00\" \/>\n<meta property=\"og:image\" content=\"https:\/\/amel-paulukat.com\/wp-content\/uploads\/2024\/06\/amel-paulukat-social-ing.jpg\" \/>\n\t<meta property=\"og:image:width\" content=\"1200\" \/>\n\t<meta property=\"og:image:height\" content=\"675\" \/>\n\t<meta property=\"og:image:type\" content=\"image\/jpeg\" \/>\n<meta name=\"twitter:card\" content=\"summary_large_image\" \/>\n<meta name=\"twitter:label1\" content=\"Est. reading time\" \/>\n\t<meta name=\"twitter:data1\" content=\"1 minute\" \/>\n<script type=\"application\/ld+json\" class=\"yoast-schema-graph\">{\"@context\":\"https:\/\/schema.org\",\"@graph\":[{\"@type\":\"Article\",\"@id\":\"https:\/\/amel-paulukat.com\/spagyrik\/#article\",\"isPartOf\":{\"@id\":\"https:\/\/amel-paulukat.com\/spagyrik\/\"},\"author\":{\"name\":\"Amel Paulukat\",\"@id\":\"https:\/\/amel-paulukat.com\/#\/schema\/person\/cd05944b0f597d1839ccee7266348297\"},\"headline\":\"Spagyrik\",\"datePublished\":\"2024-08-15T10:36:24+00:00\",\"dateModified\":\"2024-08-23T12:11:41+00:00\",\"mainEntityOfPage\":{\"@id\":\"https:\/\/amel-paulukat.com\/spagyrik\/\"},\"wordCount\":238,\"publisher\":{\"@id\":\"https:\/\/amel-paulukat.com\/#\/schema\/person\/cd05944b0f597d1839ccee7266348297\"},\"inLanguage\":\"en-US\"},{\"@type\":\"WebPage\",\"@id\":\"https:\/\/amel-paulukat.com\/spagyrik\/\",\"url\":\"https:\/\/amel-paulukat.com\/spagyrik\/\",\"name\":\"Spagyrik\",\"isPartOf\":{\"@id\":\"https:\/\/amel-paulukat.com\/#website\"},\"datePublished\":\"2024-08-15T10:36:24+00:00\",\"dateModified\":\"2024-08-23T12:11:41+00:00\",\"description\":\"Spagyrik ist ein ganzheitliches Naturheilverfahren, das durch alchemistische Verfahren hergestellte pflanzliche Essenzen verwendet, um das Gleichgewicht auf k\u00f6rperlicher, seelischer und geistiger Ebene wiederherzustellen. Ich setze individuell abgestimmte spagyrische Essenzen bei Bedarf erg\u00e4nzend zu den Therapieverfahren ein.\",\"breadcrumb\":{\"@id\":\"https:\/\/amel-paulukat.com\/spagyrik\/#breadcrumb\"},\"inLanguage\":\"en-US\",\"potentialAction\":[{\"@type\":\"ReadAction\",\"target\":[\"https:\/\/amel-paulukat.com\/spagyrik\/\"]}]},{\"@type\":\"BreadcrumbList\",\"@id\":\"https:\/\/amel-paulukat.com\/spagyrik\/#breadcrumb\",\"itemListElement\":[{\"@type\":\"ListItem\",\"position\":1,\"name\":\"Home\",\"item\":\"https:\/\/amel-paulukat.com\/\"},{\"@type\":\"ListItem\",\"position\":2,\"name\":\"Spagyrik\"}]},{\"@type\":\"WebSite\",\"@id\":\"https:\/\/amel-paulukat.com\/#website\",\"url\":\"https:\/\/amel-paulukat.com\/\",\"name\":\"Amel Paulukat\",\"description\":\"Therapeutische Beratung Konfliktl\u00f6sung & Meditation\",\"publisher\":{\"@id\":\"https:\/\/amel-paulukat.com\/#\/schema\/person\/cd05944b0f597d1839ccee7266348297\"},\"potentialAction\":[{\"@type\":\"SearchAction\",\"target\":{\"@type\":\"EntryPoint\",\"urlTemplate\":\"https:\/\/amel-paulukat.com\/?s={search_term_string}\"},\"query-input\":{\"@type\":\"PropertyValueSpecification\",\"valueRequired\":true,\"valueName\":\"search_term_string\"}}],\"inLanguage\":\"en-US\"},{\"@type\":[\"Person\",\"Organization\"],\"@id\":\"https:\/\/amel-paulukat.com\/#\/schema\/person\/cd05944b0f597d1839ccee7266348297\",\"name\":\"Amel Paulukat\",\"image\":{\"@type\":\"ImageObject\",\"inLanguage\":\"en-US\",\"@id\":\"https:\/\/amel-paulukat.com\/#\/schema\/person\/image\/\",\"url\":\"https:\/\/amel-paulukat.com\/wp-content\/uploads\/2020\/05\/Amel-Manai_Logo.png\",\"contentUrl\":\"https:\/\/amel-paulukat.com\/wp-content\/uploads\/2020\/05\/Amel-Manai_Logo.png\",\"width\":507,\"height\":341,\"caption\":\"Amel Paulukat\"},\"logo\":{\"@id\":\"https:\/\/amel-paulukat.com\/#\/schema\/person\/image\/\"},\"sameAs\":[\"https:\/\/amel-paulukat.com\"],\"url\":\"https:\/\/amel-paulukat.com\/en\/author\/amel\/\"}]}<\/script>\n<!-- \/ Yoast SEO plugin. -->","yoast_head_json":{"title":"Spagyrik","description":"Spagyrik ist ein ganzheitliches Naturheilverfahren, das durch alchemistische Verfahren hergestellte pflanzliche Essenzen verwendet, um das Gleichgewicht auf k\u00f6rperlicher, seelischer und geistiger Ebene wiederherzustellen. Ich setze individuell abgestimmte spagyrische Essenzen bei Bedarf erg\u00e4nzend zu den Therapieverfahren ein.","robots":{"index":"index","follow":"follow","max-snippet":"max-snippet:-1","max-image-preview":"max-image-preview:large","max-video-preview":"max-video-preview:-1"},"canonical":"https:\/\/amel-paulukat.com\/en\/spagyrik\/","og_locale":"en_US","og_type":"article","og_title":"[:de]Spagyrik[:] - Amel Paulukat","og_description":"[:de]Spagyrik ist ein ganzheitliches Naturheilverfahren, das durch alchemistische Verfahren hergestellte pflanzliche Essenzen verwendet, um das Gleichgewicht auf k\u00f6rperlicher, seelischer und geistiger Ebene wiederherzustellen. Ich setze individuell abgestimmte spagyrische Essenzen bei Bedarf erg\u00e4nzend zu den Therapieverfahren ein.[:]","og_url":"https:\/\/amel-paulukat.com\/en\/spagyrik\/","og_site_name":"Amel Paulukat","article_modified_time":"2024-08-23T12:11:41+00:00","og_image":[{"width":1200,"height":675,"url":"https:\/\/amel-paulukat.com\/wp-content\/uploads\/2024\/06\/amel-paulukat-social-ing.jpg","type":"image\/jpeg"}],"twitter_card":"summary_large_image","twitter_misc":{"Est. reading time":"1 minute"},"schema":{"@context":"https:\/\/schema.org","@graph":[{"@type":"Article","@id":"https:\/\/amel-paulukat.com\/spagyrik\/#article","isPartOf":{"@id":"https:\/\/amel-paulukat.com\/spagyrik\/"},"author":{"name":"Amel Paulukat","@id":"https:\/\/amel-paulukat.com\/#\/schema\/person\/cd05944b0f597d1839ccee7266348297"},"headline":"Spagyrik","datePublished":"2024-08-15T10:36:24+00:00","dateModified":"2024-08-23T12:11:41+00:00","mainEntityOfPage":{"@id":"https:\/\/amel-paulukat.com\/spagyrik\/"},"wordCount":238,"publisher":{"@id":"https:\/\/amel-paulukat.com\/#\/schema\/person\/cd05944b0f597d1839ccee7266348297"},"inLanguage":"en-US"},{"@type":"WebPage","@id":"https:\/\/amel-paulukat.com\/spagyrik\/","url":"https:\/\/amel-paulukat.com\/spagyrik\/","name":"Spagyrik","isPartOf":{"@id":"https:\/\/amel-paulukat.com\/#website"},"datePublished":"2024-08-15T10:36:24+00:00","dateModified":"2024-08-23T12:11:41+00:00","description":"Spagyrik ist ein ganzheitliches Naturheilverfahren, das durch alchemistische Verfahren hergestellte pflanzliche Essenzen verwendet, um das Gleichgewicht auf k\u00f6rperlicher, seelischer und geistiger Ebene wiederherzustellen. Ich setze individuell abgestimmte spagyrische Essenzen bei Bedarf erg\u00e4nzend zu den Therapieverfahren ein.","breadcrumb":{"@id":"https:\/\/amel-paulukat.com\/spagyrik\/#breadcrumb"},"inLanguage":"en-US","potentialAction":[{"@type":"ReadAction","target":["https:\/\/amel-paulukat.com\/spagyrik\/"]}]},{"@type":"BreadcrumbList","@id":"https:\/\/amel-paulukat.com\/spagyrik\/#breadcrumb","itemListElement":[{"@type":"ListItem","position":1,"name":"Home","item":"https:\/\/amel-paulukat.com\/"},{"@type":"ListItem","position":2,"name":"Spagyrik"}]},{"@type":"WebSite","@id":"https:\/\/amel-paulukat.com\/#website","url":"https:\/\/amel-paulukat.com\/","name":"Amel Paulukat","description":"Therapeutische Beratung Konfliktl\u00f6sung & Meditation","publisher":{"@id":"https:\/\/amel-paulukat.com\/#\/schema\/person\/cd05944b0f597d1839ccee7266348297"},"potentialAction":[{"@type":"SearchAction","target":{"@type":"EntryPoint","urlTemplate":"https:\/\/amel-paulukat.com\/?s={search_term_string}"},"query-input":{"@type":"PropertyValueSpecification","valueRequired":true,"valueName":"search_term_string"}}],"inLanguage":"en-US"},{"@type":["Person","Organization"],"@id":"https:\/\/amel-paulukat.com\/#\/schema\/person\/cd05944b0f597d1839ccee7266348297","name":"Amel Paulukat","image":{"@type":"ImageObject","inLanguage":"en-US","@id":"https:\/\/amel-paulukat.com\/#\/schema\/person\/image\/","url":"https:\/\/amel-paulukat.com\/wp-content\/uploads\/2020\/05\/Amel-Manai_Logo.png","contentUrl":"https:\/\/amel-paulukat.com\/wp-content\/uploads\/2020\/05\/Amel-Manai_Logo.png","width":507,"height":341,"caption":"Amel Paulukat"},"logo":{"@id":"https:\/\/amel-paulukat.com\/#\/schema\/person\/image\/"},"sameAs":["https:\/\/amel-paulukat.com"],"url":"https:\/\/amel-paulukat.com\/en\/author\/amel\/"}]}},"_links":{"self":[{"href":"https:\/\/amel-paulukat.com\/en\/wp-json\/wp\/v2\/pages\/85405","targetHints":{"allow":["GET"]}}],"collection":[{"href":"https:\/\/amel-paulukat.com\/en\/wp-json\/wp\/v2\/pages"}],"about":[{"href":"https:\/\/amel-paulukat.com\/en\/wp-json\/wp\/v2\/types\/page"}],"author":[{"embeddable":true,"href":"https:\/\/amel-paulukat.com\/en\/wp-json\/wp\/v2\/users\/2"}],"replies":[{"embeddable":true,"href":"https:\/\/amel-paulukat.com\/en\/wp-json\/wp\/v2\/comments?post=85405"}],"version-history":[{"count":18,"href":"https:\/\/amel-paulukat.com\/en\/wp-json\/wp\/v2\/pages\/85405\/revisions"}],"predecessor-version":[{"id":85676,"href":"https:\/\/amel-paulukat.com\/en\/wp-json\/wp\/v2\/pages\/85405\/revisions\/85676"}],"wp:attachment":[{"href":"https:\/\/amel-paulukat.com\/en\/wp-json\/wp\/v2\/media?parent=85405"}],"curies":[{"name":"wp","href":"https:\/\/api.w.org\/{rel}","templated":true}]}}