{"id":85407,"date":"2024-08-15T10:54:56","date_gmt":"2024-08-15T10:54:56","guid":{"rendered":"https:\/\/amel-paulukat.com\/?page_id=85407"},"modified":"2024-08-27T06:02:18","modified_gmt":"2024-08-27T06:02:18","slug":"bachbluetentherapie","status":"publish","type":"page","link":"https:\/\/amel-paulukat.com\/en\/bachbluetentherapie\/","title":{"rendered":"Bachbl\u00fctentherapie"},"content":{"rendered":"<div class=\"wpb-content-wrapper\"><p>[vc_row row_height_percent=&#8221;0&#8243; override_padding=&#8221;yes&#8221; h_padding=&#8221;2&#8243; top_padding=&#8221;3&#8243; bottom_padding=&#8221;3&#8243; overlay_alpha=&#8221;50&#8243; gutter_size=&#8221;3&#8243; column_width_percent=&#8221;100&#8243; shift_y=&#8221;0&#8243; z_index=&#8221;0&#8243;][vc_column][vc_row_inner][vc_column_inner width=&#8221;1\/1&#8243;][vc_custom_heading text_color=&#8221;accent&#8221;]Bachbl\u00fctentherapie[\/vc_custom_heading][\/vc_column_inner][\/vc_row_inner][vc_column_text]Ich setze Bachbl\u00fcten haupts\u00e4chlich erg\u00e4nzend zur Gespr\u00e4chstherapie und Traumatherapie ein. In einigen individuellen F\u00e4llen wird die Bachbl\u00fctentherapie auch als alleinige Behandlungsmethode verwendet.<\/p>\n<p>Bereits in den 1930er Jahren entwickelte Dr. Edward Bach eine alternative naturheilkundliche Methode, die mich faszinierte, da er ebenfalls den ganzheitlichen Ansatz von K\u00f6rper, Geist und Seele betonte und somit ein fr\u00fcher Vertreter der psychosomatischen Medizin war. Durch eine ausf\u00fchrliche Anamnese werden die Gef\u00fchle, Gem\u00fctszust\u00e4nde und Denkweisen\u00a0 identifiziert.<\/p>\n<p>Mit gezielten Fragen zu den 38 Bachbl\u00fcten (plus der Notfallmischung Rescue) lassen sich sowohl aktuelle als auch lang zur\u00fcckliegende Zusammenh\u00e4nge aus der Kindheit aufdecken. Dies tr\u00e4gt erheblich zur Diagnostik und Therapie bei und bietet eine wertvolle Grundlage.<\/p>\n<p>\u00c4hnlich der Hom\u00f6opathie bestehen diese Essenzen aus schwingungsf\u00e4higen w\u00e4ssrigen Ausz\u00fcgen der Bl\u00fcten, wie z.B. Pine (Kiefer), Oak (Eiche) und Red Chestnut (rote Kastanie). Jede Bachbl\u00fcte steht f\u00fcr bestimmte Gem\u00fcts- und Seelenzust\u00e4nde wie Schuldgef\u00fchle, \u00c4ngste oder Lernschwierigkeiten und deren Potenziale zur F\u00f6rderung. Zudem besteht eine interessante Verbindung zur Musteraufl\u00f6sung in der \u201eBilderwelt der Seele\u201c nach C.G. Jung, wo oft Pflanzen im inneren Heilbild erscheinen, die den Bachbl\u00fcten entsprechen und eine nachhaltige heilende Wirkung haben k\u00f6nnen.<\/p>\n<p>Wichtig: Die Einnahme der Wildbl\u00fctenessenzen ist vollst\u00e4ndig nebenwirkungsfrei.[\/vc_column_text][\/vc_column][\/vc_row]<\/p>\n<\/div>","protected":false},"excerpt":{"rendered":"<p>[vc_row row_height_percent=&#8221;0&#8243; override_padding=&#8221;yes&#8221; h_padding=&#8221;2&#8243; top_padding=&#8221;3&#8243; bottom_padding=&#8221;3&#8243; overlay_alpha=&#8221;50&#8243; gutter_size=&#8221;3&#8243; column_width_percent=&#8221;100&#8243; shift_y=&#8221;0&#8243; z_index=&#8221;0&#8243;][vc_column][vc_row_inner][vc_column_inner width=&#8221;1\/1&#8243;][vc_custom_heading text_color=&#8221;accent&#8221;]Bachbl\u00fctentherapie[\/vc_custom_heading][\/vc_column_inner][\/vc_row_inner][vc_column_text]Ich setze Bachbl\u00fcten haupts\u00e4chlich erg\u00e4nzend zur Gespr\u00e4chstherapie und [&hellip;]<\/p>\n","protected":false},"author":2,"featured_media":0,"parent":0,"menu_order":0,"comment_status":"closed","ping_status":"closed","template":"","meta":{"footnotes":""},"class_list":["post-85407","page","type-page","status-publish","hentry"],"yoast_head":"<!-- This site is optimized with the Yoast SEO plugin v26.3 - https:\/\/yoast.com\/wordpress\/plugins\/seo\/ -->\n<title>Bachbl\u00fctentherapie<\/title>\n<meta name=\"description\" content=\"Die Bachbl\u00fctentherapie ist ein naturheilkundliches Verfahren, das durch die Anwendung von 38 verschiedenen Bl\u00fctenessenzen negative Emotionen behandelt und das emotionale Gleichgewicht f\u00f6rdert. Ich setze die Bachbl\u00fcten haupts\u00e4chlich erg\u00e4nzend zur Gespr\u00e4chstherapie und Traumatherapie ein. In einigen individuellen F\u00e4llen wird die Bachbl\u00fctentherapie auch als alleinige Behandlungsmethode verwendet.\" \/>\n<meta name=\"robots\" content=\"index, follow, max-snippet:-1, max-image-preview:large, max-video-preview:-1\" \/>\n<link rel=\"canonical\" href=\"https:\/\/amel-paulukat.com\/en\/bachbluetentherapie\/\" \/>\n<meta property=\"og:locale\" content=\"en_US\" \/>\n<meta property=\"og:locale:alternate\" content=\"de_DE\" \/>\n<meta property=\"og:type\" content=\"article\" \/>\n<meta property=\"og:title\" content=\"Bachbl\u00fctentherapie\" \/>\n<meta property=\"og:description\" content=\"Die Bachbl\u00fctentherapie ist ein naturheilkundliches Verfahren, das durch die Anwendung von 38 verschiedenen Bl\u00fctenessenzen negative Emotionen behandelt und das emotionale Gleichgewicht f\u00f6rdert. Ich setze die Bachbl\u00fcten haupts\u00e4chlich erg\u00e4nzend zur Gespr\u00e4chstherapie und Traumatherapie ein. In einigen individuellen F\u00e4llen wird die Bachbl\u00fctentherapie auch als alleinige Behandlungsmethode verwendet.\" \/>\n<meta property=\"og:url\" content=\"https:\/\/amel-paulukat.com\/en\/bachbluetentherapie\/\" \/>\n<meta property=\"og:site_name\" content=\"Amel Paulukat\" \/>\n<meta property=\"article:modified_time\" content=\"2024-08-27T06:02:18+00:00\" \/>\n<meta property=\"og:image\" content=\"https:\/\/amel-paulukat.com\/wp-content\/uploads\/2024\/06\/amel-paulukat-social-ing.jpg\" \/>\n\t<meta property=\"og:image:width\" content=\"1200\" \/>\n\t<meta property=\"og:image:height\" content=\"675\" \/>\n\t<meta property=\"og:image:type\" content=\"image\/jpeg\" \/>\n<meta name=\"twitter:card\" content=\"summary_large_image\" \/>\n<meta name=\"twitter:label1\" content=\"Est. reading time\" \/>\n\t<meta name=\"twitter:data1\" content=\"2 minutes\" \/>\n<script type=\"application\/ld+json\" class=\"yoast-schema-graph\">{\"@context\":\"https:\/\/schema.org\",\"@graph\":[{\"@type\":\"Article\",\"@id\":\"https:\/\/amel-paulukat.com\/bachbluetentherapie\/#article\",\"isPartOf\":{\"@id\":\"https:\/\/amel-paulukat.com\/bachbluetentherapie\/\"},\"author\":{\"name\":\"Amel Paulukat\",\"@id\":\"https:\/\/amel-paulukat.com\/#\/schema\/person\/cd05944b0f597d1839ccee7266348297\"},\"headline\":\"Bachbl\u00fctentherapie\",\"datePublished\":\"2024-08-15T10:54:56+00:00\",\"dateModified\":\"2024-08-27T06:02:18+00:00\",\"mainEntityOfPage\":{\"@id\":\"https:\/\/amel-paulukat.com\/bachbluetentherapie\/\"},\"wordCount\":287,\"publisher\":{\"@id\":\"https:\/\/amel-paulukat.com\/#\/schema\/person\/cd05944b0f597d1839ccee7266348297\"},\"inLanguage\":\"en-US\"},{\"@type\":\"WebPage\",\"@id\":\"https:\/\/amel-paulukat.com\/bachbluetentherapie\/\",\"url\":\"https:\/\/amel-paulukat.com\/bachbluetentherapie\/\",\"name\":\"Bachbl\u00fctentherapie\",\"isPartOf\":{\"@id\":\"https:\/\/amel-paulukat.com\/#website\"},\"datePublished\":\"2024-08-15T10:54:56+00:00\",\"dateModified\":\"2024-08-27T06:02:18+00:00\",\"description\":\"Die Bachbl\u00fctentherapie ist ein naturheilkundliches Verfahren, das durch die Anwendung von 38 verschiedenen Bl\u00fctenessenzen negative Emotionen behandelt und das emotionale Gleichgewicht f\u00f6rdert. Ich setze die Bachbl\u00fcten haupts\u00e4chlich erg\u00e4nzend zur Gespr\u00e4chstherapie und Traumatherapie ein. In einigen individuellen F\u00e4llen wird die Bachbl\u00fctentherapie auch als alleinige Behandlungsmethode verwendet.\",\"breadcrumb\":{\"@id\":\"https:\/\/amel-paulukat.com\/bachbluetentherapie\/#breadcrumb\"},\"inLanguage\":\"en-US\",\"potentialAction\":[{\"@type\":\"ReadAction\",\"target\":[\"https:\/\/amel-paulukat.com\/bachbluetentherapie\/\"]}]},{\"@type\":\"BreadcrumbList\",\"@id\":\"https:\/\/amel-paulukat.com\/bachbluetentherapie\/#breadcrumb\",\"itemListElement\":[{\"@type\":\"ListItem\",\"position\":1,\"name\":\"Home\",\"item\":\"https:\/\/amel-paulukat.com\/\"},{\"@type\":\"ListItem\",\"position\":2,\"name\":\"Bachbl\u00fctentherapie\"}]},{\"@type\":\"WebSite\",\"@id\":\"https:\/\/amel-paulukat.com\/#website\",\"url\":\"https:\/\/amel-paulukat.com\/\",\"name\":\"Amel Paulukat\",\"description\":\"Therapeutische Beratung Konfliktl\u00f6sung & Meditation\",\"publisher\":{\"@id\":\"https:\/\/amel-paulukat.com\/#\/schema\/person\/cd05944b0f597d1839ccee7266348297\"},\"potentialAction\":[{\"@type\":\"SearchAction\",\"target\":{\"@type\":\"EntryPoint\",\"urlTemplate\":\"https:\/\/amel-paulukat.com\/?s={search_term_string}\"},\"query-input\":{\"@type\":\"PropertyValueSpecification\",\"valueRequired\":true,\"valueName\":\"search_term_string\"}}],\"inLanguage\":\"en-US\"},{\"@type\":[\"Person\",\"Organization\"],\"@id\":\"https:\/\/amel-paulukat.com\/#\/schema\/person\/cd05944b0f597d1839ccee7266348297\",\"name\":\"Amel Paulukat\",\"image\":{\"@type\":\"ImageObject\",\"inLanguage\":\"en-US\",\"@id\":\"https:\/\/amel-paulukat.com\/#\/schema\/person\/image\/\",\"url\":\"https:\/\/amel-paulukat.com\/wp-content\/uploads\/2020\/05\/Amel-Manai_Logo.png\",\"contentUrl\":\"https:\/\/amel-paulukat.com\/wp-content\/uploads\/2020\/05\/Amel-Manai_Logo.png\",\"width\":507,\"height\":341,\"caption\":\"Amel Paulukat\"},\"logo\":{\"@id\":\"https:\/\/amel-paulukat.com\/#\/schema\/person\/image\/\"},\"sameAs\":[\"https:\/\/amel-paulukat.com\"],\"url\":\"https:\/\/amel-paulukat.com\/en\/author\/amel\/\"}]}<\/script>\n<!-- \/ Yoast SEO plugin. -->","yoast_head_json":{"title":"Bachbl\u00fctentherapie","description":"Die Bachbl\u00fctentherapie ist ein naturheilkundliches Verfahren, das durch die Anwendung von 38 verschiedenen Bl\u00fctenessenzen negative Emotionen behandelt und das emotionale Gleichgewicht f\u00f6rdert. Ich setze die Bachbl\u00fcten haupts\u00e4chlich erg\u00e4nzend zur Gespr\u00e4chstherapie und Traumatherapie ein. In einigen individuellen F\u00e4llen wird die Bachbl\u00fctentherapie auch als alleinige Behandlungsmethode verwendet.","robots":{"index":"index","follow":"follow","max-snippet":"max-snippet:-1","max-image-preview":"max-image-preview:large","max-video-preview":"max-video-preview:-1"},"canonical":"https:\/\/amel-paulukat.com\/en\/bachbluetentherapie\/","og_locale":"en_US","og_type":"article","og_title":"[:de]Bachbl\u00fctentherapie[:] - Amel Paulukat","og_description":"[:de]Die Bachbl\u00fctentherapie ist ein naturheilkundliches Verfahren, das durch die Anwendung von 38 verschiedenen Bl\u00fctenessenzen negative Emotionen behandelt und das emotionale Gleichgewicht f\u00f6rdert. Ich setze die Bachbl\u00fcten haupts\u00e4chlich erg\u00e4nzend zur Gespr\u00e4chstherapie und Traumatherapie ein. In einigen individuellen F\u00e4llen wird die Bachbl\u00fctentherapie auch als alleinige Behandlungsmethode verwendet.[:]","og_url":"https:\/\/amel-paulukat.com\/en\/bachbluetentherapie\/","og_site_name":"Amel Paulukat","article_modified_time":"2024-08-27T06:02:18+00:00","og_image":[{"width":1200,"height":675,"url":"https:\/\/amel-paulukat.com\/wp-content\/uploads\/2024\/06\/amel-paulukat-social-ing.jpg","type":"image\/jpeg"}],"twitter_card":"summary_large_image","twitter_misc":{"Est. reading time":"2 minutes"},"schema":{"@context":"https:\/\/schema.org","@graph":[{"@type":"Article","@id":"https:\/\/amel-paulukat.com\/bachbluetentherapie\/#article","isPartOf":{"@id":"https:\/\/amel-paulukat.com\/bachbluetentherapie\/"},"author":{"name":"Amel Paulukat","@id":"https:\/\/amel-paulukat.com\/#\/schema\/person\/cd05944b0f597d1839ccee7266348297"},"headline":"Bachbl\u00fctentherapie","datePublished":"2024-08-15T10:54:56+00:00","dateModified":"2024-08-27T06:02:18+00:00","mainEntityOfPage":{"@id":"https:\/\/amel-paulukat.com\/bachbluetentherapie\/"},"wordCount":287,"publisher":{"@id":"https:\/\/amel-paulukat.com\/#\/schema\/person\/cd05944b0f597d1839ccee7266348297"},"inLanguage":"en-US"},{"@type":"WebPage","@id":"https:\/\/amel-paulukat.com\/bachbluetentherapie\/","url":"https:\/\/amel-paulukat.com\/bachbluetentherapie\/","name":"Bachbl\u00fctentherapie","isPartOf":{"@id":"https:\/\/amel-paulukat.com\/#website"},"datePublished":"2024-08-15T10:54:56+00:00","dateModified":"2024-08-27T06:02:18+00:00","description":"Die Bachbl\u00fctentherapie ist ein naturheilkundliches Verfahren, das durch die Anwendung von 38 verschiedenen Bl\u00fctenessenzen negative Emotionen behandelt und das emotionale Gleichgewicht f\u00f6rdert. Ich setze die Bachbl\u00fcten haupts\u00e4chlich erg\u00e4nzend zur Gespr\u00e4chstherapie und Traumatherapie ein. In einigen individuellen F\u00e4llen wird die Bachbl\u00fctentherapie auch als alleinige Behandlungsmethode verwendet.","breadcrumb":{"@id":"https:\/\/amel-paulukat.com\/bachbluetentherapie\/#breadcrumb"},"inLanguage":"en-US","potentialAction":[{"@type":"ReadAction","target":["https:\/\/amel-paulukat.com\/bachbluetentherapie\/"]}]},{"@type":"BreadcrumbList","@id":"https:\/\/amel-paulukat.com\/bachbluetentherapie\/#breadcrumb","itemListElement":[{"@type":"ListItem","position":1,"name":"Home","item":"https:\/\/amel-paulukat.com\/"},{"@type":"ListItem","position":2,"name":"Bachbl\u00fctentherapie"}]},{"@type":"WebSite","@id":"https:\/\/amel-paulukat.com\/#website","url":"https:\/\/amel-paulukat.com\/","name":"Amel Paulukat","description":"Therapeutische Beratung Konfliktl\u00f6sung & Meditation","publisher":{"@id":"https:\/\/amel-paulukat.com\/#\/schema\/person\/cd05944b0f597d1839ccee7266348297"},"potentialAction":[{"@type":"SearchAction","target":{"@type":"EntryPoint","urlTemplate":"https:\/\/amel-paulukat.com\/?s={search_term_string}"},"query-input":{"@type":"PropertyValueSpecification","valueRequired":true,"valueName":"search_term_string"}}],"inLanguage":"en-US"},{"@type":["Person","Organization"],"@id":"https:\/\/amel-paulukat.com\/#\/schema\/person\/cd05944b0f597d1839ccee7266348297","name":"Amel Paulukat","image":{"@type":"ImageObject","inLanguage":"en-US","@id":"https:\/\/amel-paulukat.com\/#\/schema\/person\/image\/","url":"https:\/\/amel-paulukat.com\/wp-content\/uploads\/2020\/05\/Amel-Manai_Logo.png","contentUrl":"https:\/\/amel-paulukat.com\/wp-content\/uploads\/2020\/05\/Amel-Manai_Logo.png","width":507,"height":341,"caption":"Amel Paulukat"},"logo":{"@id":"https:\/\/amel-paulukat.com\/#\/schema\/person\/image\/"},"sameAs":["https:\/\/amel-paulukat.com"],"url":"https:\/\/amel-paulukat.com\/en\/author\/amel\/"}]}},"_links":{"self":[{"href":"https:\/\/amel-paulukat.com\/en\/wp-json\/wp\/v2\/pages\/85407","targetHints":{"allow":["GET"]}}],"collection":[{"href":"https:\/\/amel-paulukat.com\/en\/wp-json\/wp\/v2\/pages"}],"about":[{"href":"https:\/\/amel-paulukat.com\/en\/wp-json\/wp\/v2\/types\/page"}],"author":[{"embeddable":true,"href":"https:\/\/amel-paulukat.com\/en\/wp-json\/wp\/v2\/users\/2"}],"replies":[{"embeddable":true,"href":"https:\/\/amel-paulukat.com\/en\/wp-json\/wp\/v2\/comments?post=85407"}],"version-history":[{"count":6,"href":"https:\/\/amel-paulukat.com\/en\/wp-json\/wp\/v2\/pages\/85407\/revisions"}],"predecessor-version":[{"id":85692,"href":"https:\/\/amel-paulukat.com\/en\/wp-json\/wp\/v2\/pages\/85407\/revisions\/85692"}],"wp:attachment":[{"href":"https:\/\/amel-paulukat.com\/en\/wp-json\/wp\/v2\/media?parent=85407"}],"curies":[{"name":"wp","href":"https:\/\/api.w.org\/{rel}","templated":true}]}}