{"id":85856,"date":"2024-12-16T13:01:21","date_gmt":"2024-12-16T13:01:21","guid":{"rendered":"https:\/\/amel-paulukat.com\/?page_id=85856"},"modified":"2025-11-26T11:57:52","modified_gmt":"2025-11-26T11:57:52","slug":"famileinaufstellung-in-essen-blog","status":"publish","type":"page","link":"https:\/\/amel-paulukat.com\/en\/famileinaufstellung-in-essen-blog\/","title":{"rendered":"Blog (bitte NICHT editieren -> zu &#8216;Beitr\u00e4ge&#8217; gehen)"},"content":{"rendered":"<div class=\"wpb-content-wrapper\"><p>[vc_row row_height_percent=&#8221;0&#8243; override_padding=&#8221;yes&#8221; h_padding=&#8221;2&#8243; top_padding=&#8221;5&#8243; bottom_padding=&#8221;5&#8243; back_image=&#8221;85275&#8243; overlay_alpha=&#8221;100&#8243; gutter_size=&#8221;100&#8243; column_width_percent=&#8221;100&#8243; shift_y=&#8221;0&#8243; z_index=&#8221;0&#8243; medium_visibility=&#8221;yes&#8221; mobile_visibility=&#8221;yes&#8221; inverted_device_order=&#8221;yes&#8221; style=&#8221;inherited&#8221; row_name=&#8221;blog&#8221;][vc_column column_width_percent=&#8221;100&#8243; gutter_size=&#8221;3&#8243; overlay_alpha=&#8221;50&#8243; shift_x=&#8221;0&#8243; shift_y=&#8221;0&#8243; shift_y_down=&#8221;0&#8243; z_index=&#8221;0&#8243; medium_width=&#8221;0&#8243; mobile_width=&#8221;0&#8243; width=&#8221;1\/1&#8243;][vc_custom_heading text_font=&#8221;font-555555&#8243;]<\/p>\n<h1>Blog-Eintr\u00e4ge<\/h1>\n<p>[\/vc_custom_heading][uncode_index el_id=&#8221;index-1&#8243; loop=&#8221;size:12|order_by:date|order:DESC|post_type:post&#8221; style_preset=&#8221;metro&#8221; pagination=&#8221;yes&#8221; gutter_size=&#8221;2&#8243; post_items=&#8221;media|featured|onpost|original,title,author|sm_size|hide_qualification,date&#8221; page_items=&#8221;title,media,text,category&#8221; product_items=&#8221;title,media,text,category,price&#8221; portfolio_items=&#8221;title,media,text,category&#8221; screen_lg=&#8221;960&#8243; screen_md=&#8221;770&#8243; screen_sm=&#8221;640&#8243; single_text=&#8221;overlay&#8221; single_width=&#8221;3&#8243; single_height=&#8221;3&#8243; single_overlay_color=&#8221;color-nhtu&#8221; single_overlay_opacity=&#8221;50&#8243; single_overlay_visible=&#8221;yes&#8221; single_overlay_anim=&#8221;no&#8221; single_text_visible=&#8221;yes&#8221; single_text_anim=&#8221;no&#8221; single_v_position=&#8221;bottom&#8221; single_reduced=&#8221;three_quarter&#8221; single_padding=&#8221;2&#8243; single_border=&#8221;yes&#8221; single_css_animation=&#8221;bottom-t-top&#8221; single_animation_delay=&#8221;300&#8243; post_matrix=&#8221;matrix&#8221; matrix_amount=&#8221;3&#8243; lbox_skin=&#8221;white&#8221; single_title_uppercase=&#8221;&#8221; single_title_bold=&#8221;yes&#8221; footer_position=&#8221;left&#8221; carousel_rtl=&#8221;&#8221; single_no_background=&#8221;&#8221; order_ids=&#8221;4237,4231,4239,4233,4262,4245,4252,4243,4254,4247,4241,4629,4229,4636,4225,4193,20518,20520&#8243; matrix_items=&#8221;eyIwX2kiOnsic2luZ2xlX3dpZHRoIjoiNiIsInNpbmdsZV9oZWlnaHQiOiI2In19&#8243;][\/vc_column][\/vc_row][vc_row row_height_percent=&#8221;0&#8243; override_padding=&#8221;yes&#8221; h_padding=&#8221;2&#8243; top_padding=&#8221;5&#8243; bottom_padding=&#8221;5&#8243; back_image=&#8221;85275&#8243; overlay_alpha=&#8221;100&#8243; gutter_size=&#8221;100&#8243; column_width_percent=&#8221;100&#8243; shift_y=&#8221;0&#8243; z_index=&#8221;0&#8243; desktop_visibility=&#8221;yes&#8221; style=&#8221;inherited&#8221; row_name=&#8221;blog&#8221; el_class=&#8221;blogtitle-mobile&#8221;][vc_column column_width_percent=&#8221;100&#8243; gutter_size=&#8221;3&#8243; overlay_alpha=&#8221;50&#8243; shift_x=&#8221;0&#8243; shift_y=&#8221;0&#8243; shift_y_down=&#8221;0&#8243; z_index=&#8221;0&#8243; medium_width=&#8221;0&#8243; mobile_width=&#8221;0&#8243; width=&#8221;1\/1&#8243;][vc_custom_heading text_font=&#8221;font-555555&#8243;]<\/p>\n<h1>Blog-Eintr\u00e4ge<\/h1>\n<p>[\/vc_custom_heading][uncode_index el_id=&#8221;index-1&#8243; loop=&#8221;size:12|order_by:date|order:DESC|post_type:post&#8221; style_preset=&#8221;metro&#8221; pagination=&#8221;yes&#8221; gutter_size=&#8221;2&#8243; post_items=&#8221;media|featured|onpost|original,title,author|sm_size|hide_qualification,date&#8221; page_items=&#8221;title,media,text,category&#8221; product_items=&#8221;title,media,text,category,price&#8221; portfolio_items=&#8221;title,media,text,category&#8221; screen_lg=&#8221;960&#8243; screen_md=&#8221;770&#8243; screen_sm=&#8221;640&#8243; single_text=&#8221;overlay&#8221; single_width=&#8221;3&#8243; single_height=&#8221;3&#8243; single_overlay_color=&#8221;color-nhtu&#8221; single_overlay_opacity=&#8221;50&#8243; single_overlay_visible=&#8221;yes&#8221; single_overlay_anim=&#8221;no&#8221; single_text_visible=&#8221;yes&#8221; single_text_anim=&#8221;no&#8221; single_v_position=&#8221;bottom&#8221; single_padding=&#8221;2&#8243; single_text_lead=&#8221;yes&#8221; single_elements_click=&#8221;yes&#8221; single_title_family=&#8221;font-555555&#8243; single_title_dimension=&#8221;h2&#8243; single_border=&#8221;yes&#8221; single_css_animation=&#8221;bottom-t-top&#8221; single_animation_delay=&#8221;300&#8243; post_matrix=&#8221;matrix&#8221; matrix_amount=&#8221;3&#8243; lbox_skin=&#8221;white&#8221; single_title_uppercase=&#8221;&#8221; single_title_bold=&#8221;yes&#8221; footer_position=&#8221;left&#8221; carousel_rtl=&#8221;&#8221; single_no_background=&#8221;&#8221; order_ids=&#8221;4237,4231,4239,4233,4262,4245,4252,4243,4254,4247,4241,4629,4229,4636,4225,4193,20518,20520&#8243; matrix_items=&#8221;eyIwX2kiOnsic2luZ2xlX3dpZHRoIjoiNiIsInNpbmdsZV9oZWlnaHQiOiI2In19&#8243; el_class=&#8221;blogtitle-mobile&#8221;][\/vc_column][\/vc_row]<\/p>\n<\/div>","protected":false},"excerpt":{"rendered":"<p>[vc_row row_height_percent=&#8221;0&#8243; override_padding=&#8221;yes&#8221; h_padding=&#8221;2&#8243; top_padding=&#8221;5&#8243; bottom_padding=&#8221;5&#8243; back_image=&#8221;85275&#8243; overlay_alpha=&#8221;100&#8243; gutter_size=&#8221;100&#8243; column_width_percent=&#8221;100&#8243; shift_y=&#8221;0&#8243; z_index=&#8221;0&#8243; medium_visibility=&#8221;yes&#8221; mobile_visibility=&#8221;yes&#8221; inverted_device_order=&#8221;yes&#8221; style=&#8221;inherited&#8221; row_name=&#8221;blog&#8221;][vc_column column_width_percent=&#8221;100&#8243; gutter_size=&#8221;3&#8243; overlay_alpha=&#8221;50&#8243; [&hellip;]<\/p>\n","protected":false},"author":3,"featured_media":86388,"parent":0,"menu_order":0,"comment_status":"closed","ping_status":"closed","template":"","meta":{"footnotes":""},"class_list":["post-85856","page","type-page","status-publish","has-post-thumbnail","hentry"],"yoast_head":"<!-- This site is optimized with the Yoast SEO plugin v26.3 - https:\/\/yoast.com\/wordpress\/plugins\/seo\/ -->\n<title>Familienaufstellung &amp; systemische Therapie in Essen - Blog von Amel Paulukat<\/title>\n<meta name=\"description\" content=\"Entdecke in diesem Blog, wie systemische Familienaufstellungen und Traumaarbeit in Essen helfen k\u00f6nnen, innere Blockaden zu l\u00f6sen, famili\u00e4re Verstrickungen zu erkennen und Heilung auf k\u00f6rperlicher wie emotionaler Ebene zu erm\u00f6glichen \u2014 mit kompetenter Begleitung durch Amel Paulukat.\" \/>\n<meta name=\"robots\" content=\"index, follow, max-snippet:-1, max-image-preview:large, max-video-preview:-1\" \/>\n<link rel=\"canonical\" href=\"https:\/\/amel-paulukat.com\/en\/famileinaufstellung-in-essen-blog\/\" \/>\n<meta property=\"og:locale\" content=\"en_US\" \/>\n<meta property=\"og:locale:alternate\" content=\"de_DE\" \/>\n<meta property=\"og:type\" content=\"article\" \/>\n<meta property=\"og:title\" content=\"Familienaufstellung &amp; systemische Therapie in Essen - Blog von Amel Paulukat\" \/>\n<meta property=\"og:description\" content=\"Entdecke in diesem Blog, wie systemische Familienaufstellungen und Traumaarbeit in Essen helfen k\u00f6nnen, innere Blockaden zu l\u00f6sen, famili\u00e4re Verstrickungen zu erkennen und Heilung auf k\u00f6rperlicher wie emotionaler Ebene zu erm\u00f6glichen \u2014 mit kompetenter Begleitung durch Amel Paulukat.\" \/>\n<meta property=\"og:url\" content=\"https:\/\/amel-paulukat.com\/en\/famileinaufstellung-in-essen-blog\/\" \/>\n<meta property=\"og:site_name\" content=\"Amel Paulukat\" \/>\n<meta property=\"article:modified_time\" content=\"2025-11-26T11:57:52+00:00\" \/>\n<meta property=\"og:image\" content=\"https:\/\/amel-paulukat.com\/wp-content\/uploads\/2025\/11\/pexels-teju-215592370-34734993-scaled.jpg\" \/>\n\t<meta property=\"og:image:width\" content=\"1920\" \/>\n\t<meta property=\"og:image:height\" content=\"2560\" \/>\n\t<meta property=\"og:image:type\" content=\"image\/jpeg\" \/>\n<meta name=\"twitter:card\" content=\"summary_large_image\" \/>\n<meta name=\"twitter:label1\" content=\"Est. reading time\" \/>\n\t<meta name=\"twitter:data1\" content=\"1 minute\" \/>\n<script type=\"application\/ld+json\" class=\"yoast-schema-graph\">{\"@context\":\"https:\/\/schema.org\",\"@graph\":[{\"@type\":\"Article\",\"@id\":\"https:\/\/amel-paulukat.com\/famileinaufstellung-in-essen-blog\/#article\",\"isPartOf\":{\"@id\":\"https:\/\/amel-paulukat.com\/famileinaufstellung-in-essen-blog\/\"},\"author\":{\"name\":\"Iulia Constantinescu\",\"@id\":\"https:\/\/amel-paulukat.com\/#\/schema\/person\/2c32c3b1567bfea1878f29f33dec9a68\"},\"headline\":\"Blog (bitte NICHT editieren -> zu &#8216;Beitr\u00e4ge&#8217; gehen)\",\"datePublished\":\"2024-12-16T13:01:21+00:00\",\"dateModified\":\"2025-11-26T11:57:52+00:00\",\"mainEntityOfPage\":{\"@id\":\"https:\/\/amel-paulukat.com\/famileinaufstellung-in-essen-blog\/\"},\"wordCount\":470,\"publisher\":{\"@id\":\"https:\/\/amel-paulukat.com\/#\/schema\/person\/cd05944b0f597d1839ccee7266348297\"},\"image\":{\"@id\":\"https:\/\/amel-paulukat.com\/famileinaufstellung-in-essen-blog\/#primaryimage\"},\"thumbnailUrl\":\"https:\/\/amel-paulukat.com\/wp-content\/uploads\/2025\/11\/pexels-teju-215592370-34734993-scaled.jpg\",\"inLanguage\":\"en-US\"},{\"@type\":\"WebPage\",\"@id\":\"https:\/\/amel-paulukat.com\/famileinaufstellung-in-essen-blog\/\",\"url\":\"https:\/\/amel-paulukat.com\/famileinaufstellung-in-essen-blog\/\",\"name\":\"Familienaufstellung & systemische Therapie in Essen - Blog von Amel Paulukat\",\"isPartOf\":{\"@id\":\"https:\/\/amel-paulukat.com\/#website\"},\"primaryImageOfPage\":{\"@id\":\"https:\/\/amel-paulukat.com\/famileinaufstellung-in-essen-blog\/#primaryimage\"},\"image\":{\"@id\":\"https:\/\/amel-paulukat.com\/famileinaufstellung-in-essen-blog\/#primaryimage\"},\"thumbnailUrl\":\"https:\/\/amel-paulukat.com\/wp-content\/uploads\/2025\/11\/pexels-teju-215592370-34734993-scaled.jpg\",\"datePublished\":\"2024-12-16T13:01:21+00:00\",\"dateModified\":\"2025-11-26T11:57:52+00:00\",\"description\":\"Entdecke in diesem Blog, wie systemische Familienaufstellungen und Traumaarbeit in Essen helfen k\u00f6nnen, innere Blockaden zu l\u00f6sen, famili\u00e4re Verstrickungen zu erkennen und Heilung auf k\u00f6rperlicher wie emotionaler Ebene zu erm\u00f6glichen \u2014 mit kompetenter Begleitung durch Amel Paulukat.\",\"breadcrumb\":{\"@id\":\"https:\/\/amel-paulukat.com\/famileinaufstellung-in-essen-blog\/#breadcrumb\"},\"inLanguage\":\"en-US\",\"potentialAction\":[{\"@type\":\"ReadAction\",\"target\":[\"https:\/\/amel-paulukat.com\/famileinaufstellung-in-essen-blog\/\"]}]},{\"@type\":\"ImageObject\",\"inLanguage\":\"en-US\",\"@id\":\"https:\/\/amel-paulukat.com\/famileinaufstellung-in-essen-blog\/#primaryimage\",\"url\":\"https:\/\/amel-paulukat.com\/wp-content\/uploads\/2025\/11\/pexels-teju-215592370-34734993-scaled.jpg\",\"contentUrl\":\"https:\/\/amel-paulukat.com\/wp-content\/uploads\/2025\/11\/pexels-teju-215592370-34734993-scaled.jpg\",\"width\":1920,\"height\":2560},{\"@type\":\"BreadcrumbList\",\"@id\":\"https:\/\/amel-paulukat.com\/famileinaufstellung-in-essen-blog\/#breadcrumb\",\"itemListElement\":[{\"@type\":\"ListItem\",\"position\":1,\"name\":\"Home\",\"item\":\"https:\/\/amel-paulukat.com\/\"},{\"@type\":\"ListItem\",\"position\":2,\"name\":\"Blog (bitte NICHT editieren -> zu &#8218;Beitr\u00e4ge&#8216; gehen)\"}]},{\"@type\":\"WebSite\",\"@id\":\"https:\/\/amel-paulukat.com\/#website\",\"url\":\"https:\/\/amel-paulukat.com\/\",\"name\":\"Amel Paulukat\",\"description\":\"Therapeutische Beratung Konfliktl\u00f6sung & Meditation\",\"publisher\":{\"@id\":\"https:\/\/amel-paulukat.com\/#\/schema\/person\/cd05944b0f597d1839ccee7266348297\"},\"potentialAction\":[{\"@type\":\"SearchAction\",\"target\":{\"@type\":\"EntryPoint\",\"urlTemplate\":\"https:\/\/amel-paulukat.com\/?s={search_term_string}\"},\"query-input\":{\"@type\":\"PropertyValueSpecification\",\"valueRequired\":true,\"valueName\":\"search_term_string\"}}],\"inLanguage\":\"en-US\"},{\"@type\":[\"Person\",\"Organization\"],\"@id\":\"https:\/\/amel-paulukat.com\/#\/schema\/person\/cd05944b0f597d1839ccee7266348297\",\"name\":\"Amel Paulukat\",\"image\":{\"@type\":\"ImageObject\",\"inLanguage\":\"en-US\",\"@id\":\"https:\/\/amel-paulukat.com\/#\/schema\/person\/image\/\",\"url\":\"https:\/\/amel-paulukat.com\/wp-content\/uploads\/2020\/05\/Amel-Manai_Logo.png\",\"contentUrl\":\"https:\/\/amel-paulukat.com\/wp-content\/uploads\/2020\/05\/Amel-Manai_Logo.png\",\"width\":507,\"height\":341,\"caption\":\"Amel Paulukat\"},\"logo\":{\"@id\":\"https:\/\/amel-paulukat.com\/#\/schema\/person\/image\/\"},\"sameAs\":[\"https:\/\/amel-paulukat.com\"]},{\"@type\":\"Person\",\"@id\":\"https:\/\/amel-paulukat.com\/#\/schema\/person\/2c32c3b1567bfea1878f29f33dec9a68\",\"name\":\"Iulia Constantinescu\",\"url\":\"https:\/\/amel-paulukat.com\/en\/author\/iulia\/\"}]}<\/script>\n<!-- \/ Yoast SEO plugin. -->","yoast_head_json":{"title":"Familienaufstellung & systemische Therapie in Essen - Blog von Amel Paulukat","description":"Entdecke in diesem Blog, wie systemische Familienaufstellungen und Traumaarbeit in Essen helfen k\u00f6nnen, innere Blockaden zu l\u00f6sen, famili\u00e4re Verstrickungen zu erkennen und Heilung auf k\u00f6rperlicher wie emotionaler Ebene zu erm\u00f6glichen \u2014 mit kompetenter Begleitung durch Amel Paulukat.","robots":{"index":"index","follow":"follow","max-snippet":"max-snippet:-1","max-image-preview":"max-image-preview:large","max-video-preview":"max-video-preview:-1"},"canonical":"https:\/\/amel-paulukat.com\/en\/famileinaufstellung-in-essen-blog\/","og_locale":"en_US","og_type":"article","og_title":"[:de]Familienaufstellung & systemische Therapie in Essen - Blog von Amel Paulukat[:]","og_description":"[:de]Entdecke in diesem Blog, wie systemische Familienaufstellungen und Traumaarbeit in Essen helfen k\u00f6nnen, innere Blockaden zu l\u00f6sen, famili\u00e4re Verstrickungen zu erkennen und Heilung auf k\u00f6rperlicher wie emotionaler Ebene zu erm\u00f6glichen \u2014 mit kompetenter Begleitung durch Amel Paulukat.[:]","og_url":"https:\/\/amel-paulukat.com\/en\/famileinaufstellung-in-essen-blog\/","og_site_name":"Amel Paulukat","article_modified_time":"2025-11-26T11:57:52+00:00","og_image":[{"width":1920,"height":2560,"url":"https:\/\/amel-paulukat.com\/wp-content\/uploads\/2025\/11\/pexels-teju-215592370-34734993-scaled.jpg","type":"image\/jpeg"}],"twitter_card":"summary_large_image","twitter_misc":{"Est. reading time":"1 minute"},"schema":{"@context":"https:\/\/schema.org","@graph":[{"@type":"Article","@id":"https:\/\/amel-paulukat.com\/famileinaufstellung-in-essen-blog\/#article","isPartOf":{"@id":"https:\/\/amel-paulukat.com\/famileinaufstellung-in-essen-blog\/"},"author":{"name":"Iulia Constantinescu","@id":"https:\/\/amel-paulukat.com\/#\/schema\/person\/2c32c3b1567bfea1878f29f33dec9a68"},"headline":"Blog (bitte NICHT editieren -> zu &#8216;Beitr\u00e4ge&#8217; gehen)","datePublished":"2024-12-16T13:01:21+00:00","dateModified":"2025-11-26T11:57:52+00:00","mainEntityOfPage":{"@id":"https:\/\/amel-paulukat.com\/famileinaufstellung-in-essen-blog\/"},"wordCount":470,"publisher":{"@id":"https:\/\/amel-paulukat.com\/#\/schema\/person\/cd05944b0f597d1839ccee7266348297"},"image":{"@id":"https:\/\/amel-paulukat.com\/famileinaufstellung-in-essen-blog\/#primaryimage"},"thumbnailUrl":"https:\/\/amel-paulukat.com\/wp-content\/uploads\/2025\/11\/pexels-teju-215592370-34734993-scaled.jpg","inLanguage":"en-US"},{"@type":"WebPage","@id":"https:\/\/amel-paulukat.com\/famileinaufstellung-in-essen-blog\/","url":"https:\/\/amel-paulukat.com\/famileinaufstellung-in-essen-blog\/","name":"Familienaufstellung & systemische Therapie in Essen - Blog von Amel Paulukat","isPartOf":{"@id":"https:\/\/amel-paulukat.com\/#website"},"primaryImageOfPage":{"@id":"https:\/\/amel-paulukat.com\/famileinaufstellung-in-essen-blog\/#primaryimage"},"image":{"@id":"https:\/\/amel-paulukat.com\/famileinaufstellung-in-essen-blog\/#primaryimage"},"thumbnailUrl":"https:\/\/amel-paulukat.com\/wp-content\/uploads\/2025\/11\/pexels-teju-215592370-34734993-scaled.jpg","datePublished":"2024-12-16T13:01:21+00:00","dateModified":"2025-11-26T11:57:52+00:00","description":"Entdecke in diesem Blog, wie systemische Familienaufstellungen und Traumaarbeit in Essen helfen k\u00f6nnen, innere Blockaden zu l\u00f6sen, famili\u00e4re Verstrickungen zu erkennen und Heilung auf k\u00f6rperlicher wie emotionaler Ebene zu erm\u00f6glichen \u2014 mit kompetenter Begleitung durch Amel Paulukat.","breadcrumb":{"@id":"https:\/\/amel-paulukat.com\/famileinaufstellung-in-essen-blog\/#breadcrumb"},"inLanguage":"en-US","potentialAction":[{"@type":"ReadAction","target":["https:\/\/amel-paulukat.com\/famileinaufstellung-in-essen-blog\/"]}]},{"@type":"ImageObject","inLanguage":"en-US","@id":"https:\/\/amel-paulukat.com\/famileinaufstellung-in-essen-blog\/#primaryimage","url":"https:\/\/amel-paulukat.com\/wp-content\/uploads\/2025\/11\/pexels-teju-215592370-34734993-scaled.jpg","contentUrl":"https:\/\/amel-paulukat.com\/wp-content\/uploads\/2025\/11\/pexels-teju-215592370-34734993-scaled.jpg","width":1920,"height":2560},{"@type":"BreadcrumbList","@id":"https:\/\/amel-paulukat.com\/famileinaufstellung-in-essen-blog\/#breadcrumb","itemListElement":[{"@type":"ListItem","position":1,"name":"Home","item":"https:\/\/amel-paulukat.com\/"},{"@type":"ListItem","position":2,"name":"Blog (bitte NICHT editieren -> zu &#8218;Beitr\u00e4ge&#8216; gehen)"}]},{"@type":"WebSite","@id":"https:\/\/amel-paulukat.com\/#website","url":"https:\/\/amel-paulukat.com\/","name":"Amel Paulukat","description":"Therapeutische Beratung Konfliktl\u00f6sung & Meditation","publisher":{"@id":"https:\/\/amel-paulukat.com\/#\/schema\/person\/cd05944b0f597d1839ccee7266348297"},"potentialAction":[{"@type":"SearchAction","target":{"@type":"EntryPoint","urlTemplate":"https:\/\/amel-paulukat.com\/?s={search_term_string}"},"query-input":{"@type":"PropertyValueSpecification","valueRequired":true,"valueName":"search_term_string"}}],"inLanguage":"en-US"},{"@type":["Person","Organization"],"@id":"https:\/\/amel-paulukat.com\/#\/schema\/person\/cd05944b0f597d1839ccee7266348297","name":"Amel Paulukat","image":{"@type":"ImageObject","inLanguage":"en-US","@id":"https:\/\/amel-paulukat.com\/#\/schema\/person\/image\/","url":"https:\/\/amel-paulukat.com\/wp-content\/uploads\/2020\/05\/Amel-Manai_Logo.png","contentUrl":"https:\/\/amel-paulukat.com\/wp-content\/uploads\/2020\/05\/Amel-Manai_Logo.png","width":507,"height":341,"caption":"Amel Paulukat"},"logo":{"@id":"https:\/\/amel-paulukat.com\/#\/schema\/person\/image\/"},"sameAs":["https:\/\/amel-paulukat.com"]},{"@type":"Person","@id":"https:\/\/amel-paulukat.com\/#\/schema\/person\/2c32c3b1567bfea1878f29f33dec9a68","name":"Iulia Constantinescu","url":"https:\/\/amel-paulukat.com\/en\/author\/iulia\/"}]}},"_links":{"self":[{"href":"https:\/\/amel-paulukat.com\/en\/wp-json\/wp\/v2\/pages\/85856","targetHints":{"allow":["GET"]}}],"collection":[{"href":"https:\/\/amel-paulukat.com\/en\/wp-json\/wp\/v2\/pages"}],"about":[{"href":"https:\/\/amel-paulukat.com\/en\/wp-json\/wp\/v2\/types\/page"}],"author":[{"embeddable":true,"href":"https:\/\/amel-paulukat.com\/en\/wp-json\/wp\/v2\/users\/3"}],"replies":[{"embeddable":true,"href":"https:\/\/amel-paulukat.com\/en\/wp-json\/wp\/v2\/comments?post=85856"}],"version-history":[{"count":72,"href":"https:\/\/amel-paulukat.com\/en\/wp-json\/wp\/v2\/pages\/85856\/revisions"}],"predecessor-version":[{"id":86410,"href":"https:\/\/amel-paulukat.com\/en\/wp-json\/wp\/v2\/pages\/85856\/revisions\/86410"}],"wp:featuredmedia":[{"embeddable":true,"href":"https:\/\/amel-paulukat.com\/en\/wp-json\/wp\/v2\/media\/86388"}],"wp:attachment":[{"href":"https:\/\/amel-paulukat.com\/en\/wp-json\/wp\/v2\/media?parent=85856"}],"curies":[{"name":"wp","href":"https:\/\/api.w.org\/{rel}","templated":true}]}}