{"id":86520,"date":"2026-02-24T15:51:56","date_gmt":"2026-02-24T15:51:56","guid":{"rendered":"https:\/\/amel-paulukat.com\/?page_id=86520"},"modified":"2026-04-04T13:35:22","modified_gmt":"2026-04-04T13:35:22","slug":"systemische-traumaaufstellung-in-essen","status":"publish","type":"page","link":"https:\/\/amel-paulukat.com\/en\/systemische-traumaaufstellung-in-essen\/","title":{"rendered":"Systemische Traumaaufstellung in Essen"},"content":{"rendered":"<div class=\"wpb-content-wrapper\"><p>[vc_row row_height_percent=&#8221;0&#8243; override_padding=&#8221;yes&#8221; h_padding=&#8221;2&#8243; top_padding=&#8221;4&#8243; bottom_padding=&#8221;4&#8243; overlay_alpha=&#8221;50&#8243; gutter_size=&#8221;3&#8243; column_width_percent=&#8221;100&#8243; shift_y=&#8221;0&#8243; z_index=&#8221;0&#8243;][vc_column][vc_row_inner limit_content=&#8221;&#8221;][vc_column_inner column_width_percent=&#8221;100&#8243; gutter_size=&#8221;3&#8243; overlay_alpha=&#8221;50&#8243; shift_x=&#8221;0&#8243; shift_y=&#8221;0&#8243; shift_y_down=&#8221;0&#8243; z_index=&#8221;0&#8243; medium_width=&#8221;0&#8243; mobile_width=&#8221;0&#8243; width=&#8221;7\/12&#8243;][vc_custom_heading text_color=&#8221;accent&#8221; sub_reduced=&#8221;yes&#8221; subheading=&#8221;<b>Innere Klarheit, Selbstverbindung und Abgrenzung von belastenden Erfahrungen.<\/b>&#8220;]Systemische Traumaaufstellung[\/vc_custom_heading][vc_column_text]Die systemische Traumaaufstellung ist ein traumasensibler Ansatz, der innere Dynamiken sichtbar macht, die durch belastende Erfahrungen, Beziehungsmuster oder fr\u00fche Bindungsverletzungen entstanden sind. Der Fokus liegt auf Sicherheit, Regulation und <strong>klarer innerer Orientierung<\/strong>.[\/vc_column_text][vc_column_text]<\/p>\n<h4>Die systemische Traumaaufstellung kann mir helfen,..<\/h4>\n<p>[\/vc_column_text][uncode_list icon=&#8221;fa fa-check&#8221; icon_color=&#8221;accent&#8221;]<\/p>\n<ul>\n<li>mich von \u00dcberanpassung, R\u00fcckzug oder \u00fcberm\u00e4\u00dfiger Kontrolle zu befreien<\/li>\n<li>meine Selbstzweifel zu verringern und meinen Selbstwert zu st\u00e4rken<\/li>\n<li>innere Unruhe, Schlafprobleme oder Anspannung zu lindern<\/li>\n<li>traumabezogene Stressreaktionen und PTBS besser zu verstehen<\/li>\n<li>die Folgen von Entwicklungstrauma und fr\u00fchen Belastungen zu verarbeiten<\/li>\n<li>die Folgen von Entwicklungstrauma und fr\u00fchen Belastungen zu verarbeiten<\/li>\n<li>Beziehungsmuster und Bindungsdynamiken klarer zu erkennen<\/li>\n<li>berufliche Klarheit zu gewinnen und innere Blockaden zu l\u00f6sen<\/li>\n<li>meine Selbstregulation und innere Orientierung zu st\u00e4rken<\/li>\n<li>mein Nervensystem und meine Reaktionen besser zu verstehen<\/li>\n<\/ul>\n<p>[\/uncode_list][vc_button button_color=&#8221;accent&#8221; size=&#8221;btn-lg&#8221; hover_fx=&#8221;full-colored&#8221; border_width=&#8221;0&#8243; css_animation=&#8221;bottom-t-top&#8221; link=&#8221;url:%2Famel-paulukat-kontakt%2F&#8221;]Jetzt Kontakt aufnehmen[\/vc_button][vc_column_text]<em>Ich m\u00f6chte mehr \u00fcber die systemische Traumaaufstellung erfahren und einen Termin vereinbaren. Sicherer Raum, individuelle Begleitung, sp\u00fcrbare Entlastung.<\/em>[\/vc_column_text][\/vc_column_inner][vc_column_inner column_width_percent=&#8221;100&#8243; gutter_size=&#8221;3&#8243; back_color=&#8221;color-xsdn&#8221; overlay_alpha=&#8221;50&#8243; shift_x=&#8221;0&#8243; shift_y=&#8221;-2&#8243; shift_y_down=&#8221;0&#8243; z_index=&#8221;0&#8243; medium_width=&#8221;0&#8243; mobile_width=&#8221;0&#8243; shadow=&#8221;sm&#8221; radius=&#8221;sm&#8221; width=&#8221;5\/12&#8243;][vc_custom_heading heading_semantic=&#8221;h3&#8243; text_color=&#8221;color-jevc&#8221; subheading=&#8221;Wenn du dich von der systemischen Traumaaufstellung angesprochen f\u00fchlst oder unsicher bist, ob diese Methode das Richtige f\u00fcr dich ist, kannst du mir jederzeit eine Nachricht senden. Ich melde mich zeitnah, damit wir gemeinsam herausfinden, was du gerade brauchst und wie ich dich auf deinem Weg zu mehr innerer Klarheit, Selbstverbindung und Stabilit\u00e4t unterst\u00fctzen kann.<\/p>\n<p>Du kannst kurz schildern, welche Belastungen oder Herausforderungen dich im Moment besch\u00e4ftigen \u2013 in deinem Tempo und nur so viel, wie sich f\u00fcr dich stimmig anf\u00fchlt. Alles, was du mit mir teilst, bleibt selbstverst\u00e4ndlich vertraulich.&#8221;]<\/p>\n<h3><a href=\"https:\/\/amel-paulukat.com\/amel-paulukat-kontakt\/\">Anfrage Senden<\/a><\/h3>\n<p>[\/vc_custom_heading][vc_empty_space empty_h=&#8221;0&#8243;][vc_icon position=&#8221;left&#8221; title_aligned_icon=&#8221;yes&#8221; icon=&#8221;fa fa-phone&#8221; icon_color=&#8221;accent&#8221; size=&#8221;fa-2x&#8221; heading_semantic=&#8221;h6&#8243; text_size=&#8221;h6&#8243; linked_title=&#8221;yes&#8221; title=&#8221;+49 15566443975&#8243; link=&#8221;url:tel%3A%2B49%2015566443975&#8243;]Anmeldungen auch per Telefon moglich[\/vc_icon][vc_button button_color=&#8221;accent&#8221; size=&#8221;btn-lg&#8221; wide=&#8221;yes&#8221; hover_fx=&#8221;full-colored&#8221; border_width=&#8221;0&#8243; css_animation=&#8221;bottom-t-top&#8221; link=&#8221;url:%2Famel-paulukat-kontakt%2F&#8221; el_class=&#8221;desktop-hidden&#8221;]Jetzt Anfrage senden[\/vc_button][\/vc_column_inner][\/vc_row_inner][\/vc_column][\/vc_row][vc_row row_height_percent=&#8221;0&#8243; override_padding=&#8221;yes&#8221; h_padding=&#8221;2&#8243; top_padding=&#8221;2&#8243; bottom_padding=&#8221;0&#8243; overlay_alpha=&#8221;50&#8243; gutter_size=&#8221;3&#8243; column_width_percent=&#8221;100&#8243; shift_y=&#8221;0&#8243; z_index=&#8221;0&#8243;][vc_column column_width_percent=&#8221;100&#8243; gutter_size=&#8221;0&#8243; override_padding=&#8221;yes&#8221; column_padding=&#8221;0&#8243; back_color=&#8221;color-xsdn&#8221; overlay_alpha=&#8221;50&#8243; shift_x=&#8221;0&#8243; shift_y=&#8221;0&#8243; shift_y_down=&#8221;0&#8243; z_index=&#8221;0&#8243; medium_width=&#8221;0&#8243; mobile_width=&#8221;0&#8243;][vc_row_inner row_inner_height_percent=&#8221;0&#8243; overlay_alpha=&#8221;50&#8243; gutter_size=&#8221;1&#8243; shift_y=&#8221;0&#8243; z_index=&#8221;0&#8243; limit_content=&#8221;&#8221;][vc_column_inner column_width_percent=&#8221;100&#8243; gutter_size=&#8221;0&#8243; override_padding=&#8221;yes&#8221; column_padding=&#8221;2&#8243; overlay_alpha=&#8221;50&#8243; shift_x=&#8221;0&#8243; shift_y=&#8221;-1&#8243; shift_y_down=&#8221;0&#8243; z_index=&#8221;0&#8243; medium_width=&#8221;0&#8243; mobile_width=&#8221;0&#8243; width=&#8221;1\/1&#8243; el_class=&#8221;right-col-set&#8221;][vc_column_text]<\/p>\n<h2>Was ist eine systemische Traumaaufstellung?<\/h2>\n<p>Die systemische Traumaaufstellung ist ein klar strukturierter Ansatz, der innere Prozesse sichtbar macht, die durch Trauma oder traumabezogene Belastungen entstanden sind. Besonders bei Menschen, die unter den Folgen belastender Erfahrungen leiden, kann das innere Erleben widerspr\u00fcchlich oder schwer zug\u00e4nglich wirken. Die Aufstellung schafft einen sicheren Raum, um diese Dynamiken zu verstehen \u2013 ohne \u00dcberforderung.[\/vc_column_text][\/vc_column_inner][\/vc_row_inner][\/vc_column][\/vc_row][vc_row row_height_percent=&#8221;0&#8243; override_padding=&#8221;yes&#8221; h_padding=&#8221;2&#8243; top_padding=&#8221;2&#8243; bottom_padding=&#8221;2&#8243; overlay_alpha=&#8221;50&#8243; gutter_size=&#8221;3&#8243; column_width_percent=&#8221;100&#8243; shift_y=&#8221;0&#8243; z_index=&#8221;0&#8243;][vc_column column_width_percent=&#8221;100&#8243; gutter_size=&#8221;3&#8243; back_color=&#8221;color-lxmt&#8221; overlay_alpha=&#8221;98&#8243; shift_x=&#8221;0&#8243; shift_y=&#8221;0&#8243; shift_y_down=&#8221;0&#8243; z_index=&#8221;0&#8243; medium_width=&#8221;0&#8243; mobile_width=&#8221;0&#8243;][vc_custom_heading text_color=&#8221;color-jevc&#8221; separator=&#8221;yes&#8221; separator_color=&#8221;yes&#8221;]Wie arbeitet diese Methode?[\/vc_custom_heading][vc_column_text el_class=&#8221;text-mobile&#8221;]In dieser traumatherapeutischen Arbeit werden innere Anteile angesprochen, die belastende Erfahrungen getragen haben. Wenn diese verletzten Bereiche gesehen und begleitet werden, kann sich die angestaute Spannung l\u00f6sen und die Verbindung zu dir selbst wird wieder sp\u00fcrbar.<br \/>\nGleichzeitig wird die innere Beziehung zu den Menschen oder Systemen gekl\u00e4rt, die die Verletzungen gepr\u00e4gt haben. Dadurch entstehen Abgrenzung, Klarheit und innerer Schutz \u2013 und dein inneres System kann sich stabilisieren.[\/vc_column_text][\/vc_column][\/vc_row][vc_row row_height_percent=&#8221;0&#8243; override_padding=&#8221;yes&#8221; h_padding=&#8221;2&#8243; top_padding=&#8221;1&#8243; bottom_padding=&#8221;2&#8243; overlay_alpha=&#8221;50&#8243; gutter_size=&#8221;3&#8243; column_width_percent=&#8221;100&#8243; shift_y=&#8221;0&#8243; z_index=&#8221;0&#8243;][vc_column column_width_percent=&#8221;100&#8243; gutter_size=&#8221;3&#8243; back_color=&#8221;color-lxmt&#8221; overlay_alpha=&#8221;98&#8243; shift_x=&#8221;0&#8243; shift_y=&#8221;0&#8243; shift_y_down=&#8221;0&#8243; z_index=&#8221;0&#8243; medium_width=&#8221;0&#8243; mobile_width=&#8221;0&#8243; width=&#8221;1\/2&#8243;][vc_column_text text_lead=&#8221;yes&#8221; el_class=&#8221;text-mobile&#8221;]F\u00fcr wen eignet sich die Methode?<br \/>\nDie systemische Traumaaufstellung eignet sich f\u00fcr Menschen, die unter den Folgen belastender Erfahrungen leiden, sich in wiederkehrenden Mustern oder schwierigen Beziehungen wiederfinden, mehr innere Klarheit suchen oder einen sicheren Rahmen f\u00fcr tiefgehende innere Arbeit w\u00fcnschen.[\/vc_column_text][\/vc_column][vc_column column_width_percent=&#8221;100&#8243; gutter_size=&#8221;3&#8243; back_color=&#8221;color-lxmt&#8221; overlay_alpha=&#8221;50&#8243; shift_x=&#8221;0&#8243; shift_y=&#8221;0&#8243; shift_y_down=&#8221;0&#8243; z_index=&#8221;0&#8243; medium_width=&#8221;0&#8243; mobile_width=&#8221;0&#8243; width=&#8221;1\/2&#8243;][vc_column_text el_class=&#8221;text-mobile&#8221;]<\/p>\n<h2>Wof\u00fcr wird diese Methode eingesetzt?<\/h2>\n<ul>\n<li>\u00dcberanpassung, R\u00fcckzug, \u00dcberkontrolle, Selbstzweifel<\/li>\n<li>Innere Unruhe, Schlaflosigkeit, Ersch\u00f6pfung<\/li>\n<li>PTBS, Entwicklungstrauma, Bindungsdynamiken<\/li>\n<li>Berufliche Orientierung, innere Blockaden l\u00f6sen<\/li>\n<li>Selbstregulation und Nervensystem besser verstehen<\/li>\n<\/ul>\n<p>[\/vc_column_text][\/vc_column][\/vc_row][vc_row row_height_percent=&#8221;0&#8243; override_padding=&#8221;yes&#8221; h_padding=&#8221;0&#8243; top_padding=&#8221;1&#8243; bottom_padding=&#8221;2&#8243; overlay_alpha=&#8221;50&#8243; gutter_size=&#8221;3&#8243; column_width_percent=&#8221;100&#8243; shift_y=&#8221;0&#8243; z_index=&#8221;0&#8243;][vc_column column_width_percent=&#8221;100&#8243; gutter_size=&#8221;1&#8243; back_color=&#8221;color-xsdn&#8221; overlay_alpha=&#8221;98&#8243; shift_x=&#8221;0&#8243; shift_y=&#8221;0&#8243; shift_y_down=&#8221;0&#8243; z_index=&#8221;0&#8243; medium_width=&#8221;0&#8243; mobile_width=&#8221;0&#8243;][vc_column_text]Wirkungen der systemischen Traumaaufstellung<br \/>\nDie Arbeit bringt oft mehr innere Klarheit, Ruhe und Orientierung. Belastende emotionale Spannungen k\u00f6nnen sich l\u00f6sen, Beziehungen und biografische Themen werden verst\u00e4ndlicher, und das Trauma verliert an Einfluss auf dein heutiges Erleben. Dadurch entsteht mehr Stabilit\u00e4t, Selbstwert und eine sp\u00fcrbar st\u00e4rkere Verbindung zu dir selbst.[\/vc_column_text][vc_empty_space empty_h=&#8221;1&#8243;][vc_button button_color=&#8221;accent&#8221; size=&#8221;btn-lg&#8221; hover_fx=&#8221;full-colored&#8221; border_width=&#8221;0&#8243; css_animation=&#8221;bottom-t-top&#8221; link=&#8221;url:%2Famel-paulukat-kontakt%2F&#8221;]Kontakt aufnehmen[\/vc_button][\/vc_column][\/vc_row][vc_row row_height_percent=&#8221;0&#8243; override_padding=&#8221;yes&#8221; h_padding=&#8221;0&#8243; top_padding=&#8221;1&#8243; bottom_padding=&#8221;2&#8243; overlay_alpha=&#8221;50&#8243; gutter_size=&#8221;3&#8243; column_width_percent=&#8221;100&#8243; shift_y=&#8221;0&#8243; z_index=&#8221;0&#8243;][vc_column column_width_percent=&#8221;100&#8243; gutter_size=&#8221;1&#8243; back_color=&#8221;color-xsdn&#8221; overlay_alpha=&#8221;98&#8243; shift_x=&#8221;0&#8243; shift_y=&#8221;0&#8243; shift_y_down=&#8221;0&#8243; z_index=&#8221;0&#8243; medium_width=&#8221;0&#8243; mobile_width=&#8221;0&#8243;][vc_custom_heading text_color=&#8221;color-jevc&#8221; separator=&#8221;yes&#8221; separator_color=&#8221;yes&#8221; el_class=&#8221;center-aligned-title&#8221;]<\/p>\n<h2>Anfahrt<\/h2>\n<p>[\/vc_custom_heading][vc_empty_space empty_h=&#8221;1&#8243;][vc_raw_html]JTNDaWZyYW1lJTIwc3JjJTNEJTIyaHR0cHMlM0ElMkYlMkZ3d3cuZ29vZ2xlLmNvbSUyRm1hcHMlMkZlbWJlZCUzRnBiJTNEJTIxMW0xOCUyMTFtMTIlMjExbTMlMjExZDI0ODcuOTc4MTk4NTM1MDUzJTIxMmQ3LjAyMzg5NjY3ODcxNzY3JTIxM2Q1MS40MjE4MjcxMTk0OTQyMyUyMTJtMyUyMTFmMCUyMTJmMCUyMTNmMCUyMTNtMiUyMTFpMTAyNCUyMTJpNzY4JTIxNGYxMy4xJTIxM20zJTIxMW0yJTIxMXMweDQ3YjhkY2RhZWFiMjM5NzElMjUzQTB4NWE0MTcwYTcyNzg1MWZlMCUyMTJzRnJhbmtlbnN0cmElMjVDMyUyNTlGZSUyNTIwMjU2JTI1MkMlMjUyMDQ1MTM0JTI1MjBFc3NlbiUyNTJDJTI1MjBHZXJtYW55JTIxNWUwJTIxM20yJTIxMXNlbiUyMTJzcm8lMjE0djE3Mjc3MDMxNTYyNDQlMjE1bTIlMjExc2VuJTIxMnNybyUyMiUyMHdpZHRoJTNEJTIyNjAwJTIyJTIwaGVpZ2h0JTNEJTIyMzgwJTIyJTIwc3R5bGUlM0QlMjJib3JkZXIlM0Fzb2xpZCUyMDRweCUyMCUyM2ZmZiUzQiUyMiUyMGFsbG93ZnVsbHNjcmVlbiUzRCUyMiUyMiUyMGxvYWRpbmclM0QlMjJsYXp5JTIyJTIwcmVmZXJyZXJwb2xpY3klM0QlMjJuby1yZWZlcnJlci13aGVuLWRvd25ncmFkZSUyMiUzRSUzQyUyRmlmcmFtZSUzRQ==[\/vc_raw_html][\/vc_column][\/vc_row][vc_row row_height_percent=&#8221;50&#8243; override_padding=&#8221;yes&#8221; h_padding=&#8221;2&#8243; top_padding=&#8221;0&#8243; bottom_padding=&#8221;0&#8243; back_color=&#8221;accent&#8221; overlay_alpha=&#8221;50&#8243; gutter_size=&#8221;3&#8243; column_width_percent=&#8221;100&#8243; shift_y=&#8221;0&#8243; z_index=&#8221;0&#8243; el_class=&#8221;attend-now-last-sec&#8221;][vc_column column_width_use_pixel=&#8221;yes&#8221; position_vertical=&#8221;middle&#8221; align_horizontal=&#8221;align_center&#8221; gutter_size=&#8221;0&#8243; style=&#8221;dark&#8221; overlay_alpha=&#8221;50&#8243; shift_x=&#8221;0&#8243; shift_y=&#8221;0&#8243; shift_y_down=&#8221;0&#8243; z_index=&#8221;0&#8243; align_medium=&#8221;align_center_tablet&#8221; medium_width=&#8221;0&#8243; align_mobile=&#8221;align_center_mobile&#8221; mobile_width=&#8221;0&#8243; width=&#8221;1\/1&#8243; column_width_pixel=&#8221;900&#8243; mobile_height=&#8221;150&#8243;][vc_custom_heading heading_semantic=&#8221;h3&#8243; text_size=&#8221;h3&#8243;]<\/p>\n<h3 style=\"width: 100%; text-align: center; line-height: 1.7em;\">Durch die systemische Traumaaufstellung gewinnen viele Menschen mehr innere Klarheit, Stabilit\u00e4t und Selbstverbindung. Belastende Erfahrungen verlieren ihren dominierenden Einfluss, und das eigene Erleben kann sich neu ordnen \u2013 f\u00fcr mehr Ruhe, Orientierung und Handlungskraft im Alltag.<\/h3>\n<p>[\/vc_custom_heading][vc_empty_space empty_h=&#8221;1&#8243;][vc_button button_color=&#8221;color-xsdn&#8221; size=&#8221;btn-lg&#8221; hover_fx=&#8221;outlined&#8221; outline=&#8221;yes&#8221; text_skin=&#8221;yes&#8221; border_width=&#8221;0&#8243; css_animation=&#8221;bottom-t-top&#8221; link=&#8221;url:%2Famel-paulukat-kontakt%2F&#8221; el_class=&#8221;amel-event-cta&#8221; width=&#8221;270&#8243;]Jetzt Kontakt aufnehmen[\/vc_button][vc_empty_space empty_h=&#8221;1&#8243;][vc_column_text]<\/p>\n<p style=\"text-align: center;\"><em>Sicherer, traumasensibler Raum f\u00fcr Ihre pers\u00f6nliche Arbeit mit der systemischen Traumaaufstellung.<\/em><\/p>\n<p>[\/vc_column_text][\/vc_column][\/vc_row]<\/p>\n<\/div>","protected":false},"excerpt":{"rendered":"<p>[vc_row row_height_percent=&#8221;0&#8243; override_padding=&#8221;yes&#8221; h_padding=&#8221;2&#8243; top_padding=&#8221;4&#8243; bottom_padding=&#8221;4&#8243; overlay_alpha=&#8221;50&#8243; gutter_size=&#8221;3&#8243; column_width_percent=&#8221;100&#8243; shift_y=&#8221;0&#8243; z_index=&#8221;0&#8243;][vc_column][vc_row_inner limit_content=&#8221;&#8221;][vc_column_inner column_width_percent=&#8221;100&#8243; gutter_size=&#8221;3&#8243; overlay_alpha=&#8221;50&#8243; shift_x=&#8221;0&#8243; shift_y=&#8221;0&#8243; shift_y_down=&#8221;0&#8243; z_index=&#8221;0&#8243; medium_width=&#8221;0&#8243; [&hellip;]<\/p>\n","protected":false},"author":3,"featured_media":0,"parent":0,"menu_order":0,"comment_status":"closed","ping_status":"closed","template":"","meta":{"footnotes":""},"class_list":["post-86520","page","type-page","status-publish","hentry"],"yoast_head":"<!-- This site is optimized with the Yoast SEO plugin v26.3 - https:\/\/yoast.com\/wordpress\/plugins\/seo\/ -->\n<title>Systemische Traumaaufstellung in Essen | Amel Paulukat<\/title>\n<meta name=\"description\" content=\"Systemische Traumaaufstellung in Essen f\u00fcr innere Klarheit, Selbstregulation und stabile Selbstverbindung. Sicherer Raum zur Verarbeitung belastender Erfahrungen.\" \/>\n<meta name=\"robots\" content=\"index, follow, max-snippet:-1, max-image-preview:large, max-video-preview:-1\" \/>\n<link rel=\"canonical\" href=\"https:\/\/amel-paulukat.com\/en\/systemische-traumaaufstellung-in-essen\/\" \/>\n<meta property=\"og:locale\" content=\"en_US\" \/>\n<meta property=\"og:locale:alternate\" content=\"de_DE\" \/>\n<meta property=\"og:type\" content=\"article\" \/>\n<meta property=\"og:title\" content=\"Traumasensible Trauerbegleitung in Essen \u2013 Amel Paulukat\" \/>\n<meta property=\"og:description\" content=\"Wenn Verlust Spuren hinterl\u00e4sst \u2013 ein sicherer Ort f\u00fcr Trauer und Trauma. Traumasensible Begleitung in Essen mit Amel Paulukat.\" \/>\n<meta property=\"og:url\" content=\"https:\/\/amel-paulukat.com\/en\/systemische-traumaaufstellung-in-essen\/\" \/>\n<meta property=\"og:site_name\" content=\"Amel Paulukat\" \/>\n<meta property=\"article:modified_time\" content=\"2026-04-04T13:35:22+00:00\" \/>\n<meta property=\"og:image\" content=\"https:\/\/amel-paulukat.com\/wp-content\/uploads\/2026\/02\/Trauerbegleitung-essen-amel-paulukat-s.jpg\" \/>\n\t<meta property=\"og:image:width\" content=\"516\" \/>\n\t<meta property=\"og:image:height\" content=\"516\" \/>\n\t<meta property=\"og:image:type\" content=\"image\/jpeg\" \/>\n<meta name=\"twitter:card\" content=\"summary_large_image\" \/>\n<meta name=\"twitter:label1\" content=\"Est. reading time\" \/>\n\t<meta name=\"twitter:data1\" content=\"7 minutes\" \/>\n<script type=\"application\/ld+json\" class=\"yoast-schema-graph\">{\"@context\":\"https:\/\/schema.org\",\"@graph\":[{\"@type\":\"Article\",\"@id\":\"https:\/\/amel-paulukat.com\/systemische-traumaaufstellung-in-essen\/#article\",\"isPartOf\":{\"@id\":\"https:\/\/amel-paulukat.com\/systemische-traumaaufstellung-in-essen\/\"},\"author\":{\"name\":\"Iulia Constantinescu\",\"@id\":\"https:\/\/amel-paulukat.com\/#\/schema\/person\/2c32c3b1567bfea1878f29f33dec9a68\"},\"headline\":\"Systemische Traumaaufstellung in Essen\",\"datePublished\":\"2026-02-24T15:51:56+00:00\",\"dateModified\":\"2026-04-04T13:35:22+00:00\",\"mainEntityOfPage\":{\"@id\":\"https:\/\/amel-paulukat.com\/systemische-traumaaufstellung-in-essen\/\"},\"wordCount\":1513,\"publisher\":{\"@id\":\"https:\/\/amel-paulukat.com\/#\/schema\/person\/cd05944b0f597d1839ccee7266348297\"},\"inLanguage\":\"en-US\"},{\"@type\":\"WebPage\",\"@id\":\"https:\/\/amel-paulukat.com\/systemische-traumaaufstellung-in-essen\/\",\"url\":\"https:\/\/amel-paulukat.com\/systemische-traumaaufstellung-in-essen\/\",\"name\":\"Systemische Traumaaufstellung in Essen | Amel Paulukat\",\"isPartOf\":{\"@id\":\"https:\/\/amel-paulukat.com\/#website\"},\"datePublished\":\"2026-02-24T15:51:56+00:00\",\"dateModified\":\"2026-04-04T13:35:22+00:00\",\"description\":\"Systemische Traumaaufstellung in Essen f\u00fcr innere Klarheit, Selbstregulation und stabile Selbstverbindung. Sicherer Raum zur Verarbeitung belastender Erfahrungen.\",\"breadcrumb\":{\"@id\":\"https:\/\/amel-paulukat.com\/systemische-traumaaufstellung-in-essen\/#breadcrumb\"},\"inLanguage\":\"en-US\",\"potentialAction\":[{\"@type\":\"ReadAction\",\"target\":[\"https:\/\/amel-paulukat.com\/systemische-traumaaufstellung-in-essen\/\"]}]},{\"@type\":\"BreadcrumbList\",\"@id\":\"https:\/\/amel-paulukat.com\/systemische-traumaaufstellung-in-essen\/#breadcrumb\",\"itemListElement\":[{\"@type\":\"ListItem\",\"position\":1,\"name\":\"Home\",\"item\":\"https:\/\/amel-paulukat.com\/\"},{\"@type\":\"ListItem\",\"position\":2,\"name\":\"Systemische Traumaaufstellung in Essen\"}]},{\"@type\":\"WebSite\",\"@id\":\"https:\/\/amel-paulukat.com\/#website\",\"url\":\"https:\/\/amel-paulukat.com\/\",\"name\":\"Amel Paulukat\",\"description\":\"Therapeutische Beratung Konfliktl\u00f6sung & Meditation\",\"publisher\":{\"@id\":\"https:\/\/amel-paulukat.com\/#\/schema\/person\/cd05944b0f597d1839ccee7266348297\"},\"potentialAction\":[{\"@type\":\"SearchAction\",\"target\":{\"@type\":\"EntryPoint\",\"urlTemplate\":\"https:\/\/amel-paulukat.com\/?s={search_term_string}\"},\"query-input\":{\"@type\":\"PropertyValueSpecification\",\"valueRequired\":true,\"valueName\":\"search_term_string\"}}],\"inLanguage\":\"en-US\"},{\"@type\":[\"Person\",\"Organization\"],\"@id\":\"https:\/\/amel-paulukat.com\/#\/schema\/person\/cd05944b0f597d1839ccee7266348297\",\"name\":\"Amel Paulukat\",\"image\":{\"@type\":\"ImageObject\",\"inLanguage\":\"en-US\",\"@id\":\"https:\/\/amel-paulukat.com\/#\/schema\/person\/image\/\",\"url\":\"https:\/\/amel-paulukat.com\/wp-content\/uploads\/2020\/05\/Amel-Manai_Logo.png\",\"contentUrl\":\"https:\/\/amel-paulukat.com\/wp-content\/uploads\/2020\/05\/Amel-Manai_Logo.png\",\"width\":507,\"height\":341,\"caption\":\"Amel Paulukat\"},\"logo\":{\"@id\":\"https:\/\/amel-paulukat.com\/#\/schema\/person\/image\/\"},\"sameAs\":[\"https:\/\/amel-paulukat.com\"]},{\"@type\":\"Person\",\"@id\":\"https:\/\/amel-paulukat.com\/#\/schema\/person\/2c32c3b1567bfea1878f29f33dec9a68\",\"name\":\"Iulia Constantinescu\",\"url\":\"https:\/\/amel-paulukat.com\/en\/author\/iulia\/\"}]}<\/script>\n<!-- \/ Yoast SEO plugin. -->","yoast_head_json":{"title":"Systemische Traumaaufstellung in Essen | Amel Paulukat","description":"Systemische Traumaaufstellung in Essen f\u00fcr innere Klarheit, Selbstregulation und stabile Selbstverbindung. Sicherer Raum zur Verarbeitung belastender Erfahrungen.","robots":{"index":"index","follow":"follow","max-snippet":"max-snippet:-1","max-image-preview":"max-image-preview:large","max-video-preview":"max-video-preview:-1"},"canonical":"https:\/\/amel-paulukat.com\/en\/systemische-traumaaufstellung-in-essen\/","og_locale":"en_US","og_type":"article","og_title":"Traumasensible Trauerbegleitung in Essen \u2013 Amel Paulukat","og_description":"Wenn Verlust Spuren hinterl\u00e4sst \u2013 ein sicherer Ort f\u00fcr Trauer und Trauma. Traumasensible Begleitung in Essen mit Amel Paulukat.","og_url":"https:\/\/amel-paulukat.com\/en\/systemische-traumaaufstellung-in-essen\/","og_site_name":"Amel Paulukat","article_modified_time":"2026-04-04T13:35:22+00:00","og_image":[{"width":516,"height":516,"url":"https:\/\/amel-paulukat.com\/wp-content\/uploads\/2026\/02\/Trauerbegleitung-essen-amel-paulukat-s.jpg","type":"image\/jpeg"}],"twitter_card":"summary_large_image","twitter_misc":{"Est. reading time":"7 minutes"},"schema":{"@context":"https:\/\/schema.org","@graph":[{"@type":"Article","@id":"https:\/\/amel-paulukat.com\/systemische-traumaaufstellung-in-essen\/#article","isPartOf":{"@id":"https:\/\/amel-paulukat.com\/systemische-traumaaufstellung-in-essen\/"},"author":{"name":"Iulia Constantinescu","@id":"https:\/\/amel-paulukat.com\/#\/schema\/person\/2c32c3b1567bfea1878f29f33dec9a68"},"headline":"Systemische Traumaaufstellung in Essen","datePublished":"2026-02-24T15:51:56+00:00","dateModified":"2026-04-04T13:35:22+00:00","mainEntityOfPage":{"@id":"https:\/\/amel-paulukat.com\/systemische-traumaaufstellung-in-essen\/"},"wordCount":1513,"publisher":{"@id":"https:\/\/amel-paulukat.com\/#\/schema\/person\/cd05944b0f597d1839ccee7266348297"},"inLanguage":"en-US"},{"@type":"WebPage","@id":"https:\/\/amel-paulukat.com\/systemische-traumaaufstellung-in-essen\/","url":"https:\/\/amel-paulukat.com\/systemische-traumaaufstellung-in-essen\/","name":"Systemische Traumaaufstellung in Essen | Amel Paulukat","isPartOf":{"@id":"https:\/\/amel-paulukat.com\/#website"},"datePublished":"2026-02-24T15:51:56+00:00","dateModified":"2026-04-04T13:35:22+00:00","description":"Systemische Traumaaufstellung in Essen f\u00fcr innere Klarheit, Selbstregulation und stabile Selbstverbindung. Sicherer Raum zur Verarbeitung belastender Erfahrungen.","breadcrumb":{"@id":"https:\/\/amel-paulukat.com\/systemische-traumaaufstellung-in-essen\/#breadcrumb"},"inLanguage":"en-US","potentialAction":[{"@type":"ReadAction","target":["https:\/\/amel-paulukat.com\/systemische-traumaaufstellung-in-essen\/"]}]},{"@type":"BreadcrumbList","@id":"https:\/\/amel-paulukat.com\/systemische-traumaaufstellung-in-essen\/#breadcrumb","itemListElement":[{"@type":"ListItem","position":1,"name":"Home","item":"https:\/\/amel-paulukat.com\/"},{"@type":"ListItem","position":2,"name":"Systemische Traumaaufstellung in Essen"}]},{"@type":"WebSite","@id":"https:\/\/amel-paulukat.com\/#website","url":"https:\/\/amel-paulukat.com\/","name":"Amel Paulukat","description":"Therapeutische Beratung Konfliktl\u00f6sung & Meditation","publisher":{"@id":"https:\/\/amel-paulukat.com\/#\/schema\/person\/cd05944b0f597d1839ccee7266348297"},"potentialAction":[{"@type":"SearchAction","target":{"@type":"EntryPoint","urlTemplate":"https:\/\/amel-paulukat.com\/?s={search_term_string}"},"query-input":{"@type":"PropertyValueSpecification","valueRequired":true,"valueName":"search_term_string"}}],"inLanguage":"en-US"},{"@type":["Person","Organization"],"@id":"https:\/\/amel-paulukat.com\/#\/schema\/person\/cd05944b0f597d1839ccee7266348297","name":"Amel Paulukat","image":{"@type":"ImageObject","inLanguage":"en-US","@id":"https:\/\/amel-paulukat.com\/#\/schema\/person\/image\/","url":"https:\/\/amel-paulukat.com\/wp-content\/uploads\/2020\/05\/Amel-Manai_Logo.png","contentUrl":"https:\/\/amel-paulukat.com\/wp-content\/uploads\/2020\/05\/Amel-Manai_Logo.png","width":507,"height":341,"caption":"Amel Paulukat"},"logo":{"@id":"https:\/\/amel-paulukat.com\/#\/schema\/person\/image\/"},"sameAs":["https:\/\/amel-paulukat.com"]},{"@type":"Person","@id":"https:\/\/amel-paulukat.com\/#\/schema\/person\/2c32c3b1567bfea1878f29f33dec9a68","name":"Iulia Constantinescu","url":"https:\/\/amel-paulukat.com\/en\/author\/iulia\/"}]}},"_links":{"self":[{"href":"https:\/\/amel-paulukat.com\/en\/wp-json\/wp\/v2\/pages\/86520","targetHints":{"allow":["GET"]}}],"collection":[{"href":"https:\/\/amel-paulukat.com\/en\/wp-json\/wp\/v2\/pages"}],"about":[{"href":"https:\/\/amel-paulukat.com\/en\/wp-json\/wp\/v2\/types\/page"}],"author":[{"embeddable":true,"href":"https:\/\/amel-paulukat.com\/en\/wp-json\/wp\/v2\/users\/3"}],"replies":[{"embeddable":true,"href":"https:\/\/amel-paulukat.com\/en\/wp-json\/wp\/v2\/comments?post=86520"}],"version-history":[{"count":14,"href":"https:\/\/amel-paulukat.com\/en\/wp-json\/wp\/v2\/pages\/86520\/revisions"}],"predecessor-version":[{"id":86671,"href":"https:\/\/amel-paulukat.com\/en\/wp-json\/wp\/v2\/pages\/86520\/revisions\/86671"}],"wp:attachment":[{"href":"https:\/\/amel-paulukat.com\/en\/wp-json\/wp\/v2\/media?parent=86520"}],"curies":[{"name":"wp","href":"https:\/\/api.w.org\/{rel}","templated":true}]}}