{"id":86542,"date":"2026-02-25T19:44:39","date_gmt":"2026-02-25T19:44:39","guid":{"rendered":"https:\/\/amel-paulukat.com\/?page_id=86542"},"modified":"2026-02-25T20:23:14","modified_gmt":"2026-02-25T20:23:14","slug":"eft-emotional-freedom-techniques-in-essen","status":"publish","type":"page","link":"https:\/\/amel-paulukat.com\/en\/eft-emotional-freedom-techniques-in-essen\/","title":{"rendered":"EFT (Emotional Freedom Techniques)"},"content":{"rendered":"<div class=\"wpb-content-wrapper\"><p>[vc_row row_height_percent=&#8221;0&#8243; override_padding=&#8221;yes&#8221; h_padding=&#8221;2&#8243; top_padding=&#8221;5&#8243; bottom_padding=&#8221;5&#8243; overlay_alpha=&#8221;0&#8243; equal_height=&#8221;yes&#8221; gutter_size=&#8221;3&#8243; column_width_percent=&#8221;100&#8243; shift_y=&#8221;0&#8243; z_index=&#8221;0&#8243; bottom_divider=&#8221;gradient&#8221; el_class=&#8221;row-letaral section-lateral row-horizontal-display overflow-hidden shape-bg additions&#8221;][vc_column column_width_use_pixel=&#8221;yes&#8221; position_vertical=&#8221;middle&#8221; align_horizontal=&#8221;align_center&#8221; gutter_size=&#8221;3&#8243; overlay_alpha=&#8221;50&#8243; shift_x=&#8221;0&#8243; shift_y=&#8221;0&#8243; shift_y_down=&#8221;0&#8243; z_index=&#8221;0&#8243; medium_width=&#8221;0&#8243; mobile_width=&#8221;0&#8243; width=&#8221;1\/1&#8243;][vc_row_inner row_inner_height_percent=&#8221;0&#8243; force_width_grid=&#8221;yes&#8221; overlay_alpha=&#8221;50&#8243; gutter_size=&#8221;3&#8243; shift_y=&#8221;-1&#8243; z_index=&#8221;0&#8243;][vc_column_inner column_width_use_pixel=&#8221;yes&#8221; align_horizontal=&#8221;align_center&#8221; gutter_size=&#8221;2&#8243; overlay_alpha=&#8221;50&#8243; shift_x=&#8221;0&#8243; shift_y=&#8221;0&#8243; shift_y_down=&#8221;0&#8243; z_index=&#8221;0&#8243; medium_width=&#8221;0&#8243; mobile_width=&#8221;0&#8243; width=&#8221;1\/1&#8243; column_width_pixel=&#8221;800&#8243;][vc_custom_heading text_color=&#8221;accent&#8221;]EFT \u2013 Sanfte Klopftechnik zur emotionalen Stabilisierung[\/vc_custom_heading][vc_empty_space empty_h=&#8221;2&#8243;][vc_column_text]<strong>EFT (Emotional Freedom Techniques)<\/strong> ist eine achtsame, k\u00f6rperorientierte Methode, die dabei unterst\u00fctzt, Stress, innere Anspannung und emotionale \u00dcbererregung zu reduzieren. Durch das sanfte Klopfen bestimmter Akupunkturpunkte in Kombination mit bewusster Selbstwahrnehmung wird das Nervensystem beruhigt und die F\u00e4higkeit zur Selbstregulation gest\u00e4rkt. EFT verbindet Elemente aus der modernen Stressforschung, der Psychologie und der K\u00f6rperarbeit und eignet sich besonders gut als erg\u00e4nzende Methode in traumatherapeutischen Prozessen.<\/p>\n<h4>Was EFT auszeichnet<\/h4>\n<p>EFT kann helfen,<\/p>\n<ul>\n<li>innere Anspannung zu l\u00f6sen<\/li>\n<li>Stressreaktionen zu beruhigen<\/li>\n<li>emotionale \u00dcberflutung zu reduzieren<\/li>\n<li>das Gef\u00fchl von Kontrolle und Selbstwirksamkeit zu st\u00e4rken<\/li>\n<li>das Nervensystem zu stabilisieren<\/li>\n<li>innere Sicherheit aufzubauen<\/li>\n<\/ul>\n<p>[\/vc_column_text][vc_empty_space empty_h=&#8221;2&#8243;][vc_column_text]<\/p>\n<h2 class=\"text-accent-color\">EFT als Erg\u00e4nzung zur Traumatherapie<\/h2>\n<p>In meiner Praxis nutze ich EFT nicht als eigenst\u00e4ndige Traumatherapie, sondern als unterst\u00fctzende, stabilisierende Methode, die den therapeutischen Prozess begleitet.<\/p>\n<p>Besonders in der Vorbereitungs\u2011 und Stabilisierungsphase ist EFT hilfreich, um das Nervensystem zu regulieren, innere Sicherheit aufzubauen und die Grundlage f\u00fcr eine behutsame Traumabearbeitung zu schaffen.<\/p>\n<p>W\u00e4hrend der Traumatherapie kann EFT eingesetzt werden, um:<\/p>\n<ul>\n<li>emotionale Intensit\u00e4t zu reduzieren<\/li>\n<li>innere Distanz zu belastenden Erinnerungen zu erm\u00f6glichen<\/li>\n<li>Triggerreaktionen abzumildern<\/li>\n<li>den K\u00f6rper aus Stressmustern herauszuf\u00fchren<\/li>\n<li>Ressourcen und innere Stabilit\u00e4t zu st\u00e4rken<\/li>\n<\/ul>\n<p>EFT wirkt wie ein regulierendes Werkzeug, das den therapeutischen Prozess sanft unterst\u00fctzt, ohne das System zu \u00fcberfordern.<\/p>\n<h4>Mein Ansatz<\/h4>\n<p>Ich vermittle EFT klar strukturiert, traumasensibel und immer angepasst an deine individuelle Situation. Die Methode wird so eingesetzt, dass sie dich st\u00e4rkt, stabilisiert und dir Sicherheit gibt \u2013 sowohl in der Sitzung als auch im therapeutischen Gesamtprozess.[\/vc_column_text][vc_empty_space empty_h=&#8221;1&#8243;][vc_button button_color=&#8221;accent&#8221; border_width=&#8221;0&#8243; link=&#8221;url:%2Famel-paulukat-kontakt%2F|title:Kontakt&#8221;]Kontakt Aufnehmen[\/vc_button][\/vc_column_inner][\/vc_row_inner][vc_empty_space empty_h=&#8221;2&#8243;][\/vc_column][\/vc_row]<\/p>\n<\/div>","protected":false},"excerpt":{"rendered":"<p>[vc_row row_height_percent=&#8221;0&#8243; override_padding=&#8221;yes&#8221; h_padding=&#8221;2&#8243; top_padding=&#8221;5&#8243; bottom_padding=&#8221;5&#8243; overlay_alpha=&#8221;0&#8243; equal_height=&#8221;yes&#8221; gutter_size=&#8221;3&#8243; column_width_percent=&#8221;100&#8243; shift_y=&#8221;0&#8243; z_index=&#8221;0&#8243; bottom_divider=&#8221;gradient&#8221; el_class=&#8221;row-letaral section-lateral row-horizontal-display overflow-hidden shape-bg additions&#8221;][vc_column column_width_use_pixel=&#8221;yes&#8221; [&hellip;]<\/p>\n","protected":false},"author":3,"featured_media":86558,"parent":0,"menu_order":0,"comment_status":"closed","ping_status":"closed","template":"","meta":{"footnotes":""},"class_list":["post-86542","page","type-page","status-publish","has-post-thumbnail","hentry"],"yoast_head":"<!-- This site is optimized with the Yoast SEO plugin v26.3 - https:\/\/yoast.com\/wordpress\/plugins\/seo\/ -->\n<title>EFT (Emotional Freedom Techniques)<\/title>\n<meta name=\"description\" content=\"EFT (Emotional Freedom Techniques) Durch das sanfte Klopfen bestimmter Akupunkturpunkte in Kombination mit bewusster Selbstwahrnehmung wird das Nervensystem beruhigt und die F\u00e4higkeit zur Selbstregulation gest\u00e4rkt.\" \/>\n<meta name=\"robots\" content=\"index, follow, max-snippet:-1, max-image-preview:large, max-video-preview:-1\" \/>\n<link rel=\"canonical\" href=\"https:\/\/amel-paulukat.com\/en\/eft-emotional-freedom-techniques-in-essen\/\" \/>\n<meta property=\"og:locale\" content=\"en_US\" \/>\n<meta property=\"og:locale:alternate\" content=\"de_DE\" \/>\n<meta property=\"og:type\" content=\"article\" \/>\n<meta property=\"og:title\" content=\"EFT (Emotional Freedom Techniques)\" \/>\n<meta property=\"og:description\" content=\"EFT (Emotional Freedom Techniques) Durch das sanfte Klopfen bestimmter Akupunkturpunkte in Kombination mit bewusster Selbstwahrnehmung wird das Nervensystem beruhigt und die F\u00e4higkeit zur Selbstregulation gest\u00e4rkt.\" \/>\n<meta property=\"og:url\" content=\"https:\/\/amel-paulukat.com\/en\/eft-emotional-freedom-techniques-in-essen\/\" \/>\n<meta property=\"og:site_name\" content=\"Amel Paulukat\" \/>\n<meta property=\"article:modified_time\" content=\"2026-02-25T20:23:14+00:00\" \/>\n<meta property=\"og:image\" content=\"https:\/\/amel-paulukat.com\/wp-content\/uploads\/2026\/02\/eft-klopftechnik-essen.jpg\" \/>\n\t<meta property=\"og:image:width\" content=\"516\" \/>\n\t<meta property=\"og:image:height\" content=\"516\" \/>\n\t<meta property=\"og:image:type\" content=\"image\/jpeg\" \/>\n<meta name=\"twitter:card\" content=\"summary_large_image\" \/>\n<meta name=\"twitter:label1\" content=\"Est. reading time\" \/>\n\t<meta name=\"twitter:data1\" content=\"2 minutes\" \/>\n<script type=\"application\/ld+json\" class=\"yoast-schema-graph\">{\"@context\":\"https:\/\/schema.org\",\"@graph\":[{\"@type\":\"Article\",\"@id\":\"https:\/\/amel-paulukat.com\/eft-emotional-freedom-techniques-in-essen\/#article\",\"isPartOf\":{\"@id\":\"https:\/\/amel-paulukat.com\/eft-emotional-freedom-techniques-in-essen\/\"},\"author\":{\"name\":\"Iulia Constantinescu\",\"@id\":\"https:\/\/amel-paulukat.com\/#\/schema\/person\/2c32c3b1567bfea1878f29f33dec9a68\"},\"headline\":\"EFT (Emotional Freedom Techniques)\",\"datePublished\":\"2026-02-25T19:44:39+00:00\",\"dateModified\":\"2026-02-25T20:23:14+00:00\",\"mainEntityOfPage\":{\"@id\":\"https:\/\/amel-paulukat.com\/eft-emotional-freedom-techniques-in-essen\/\"},\"wordCount\":460,\"publisher\":{\"@id\":\"https:\/\/amel-paulukat.com\/#\/schema\/person\/cd05944b0f597d1839ccee7266348297\"},\"image\":{\"@id\":\"https:\/\/amel-paulukat.com\/eft-emotional-freedom-techniques-in-essen\/#primaryimage\"},\"thumbnailUrl\":\"https:\/\/amel-paulukat.com\/wp-content\/uploads\/2026\/02\/eft-klopftechnik-essen.jpg\",\"inLanguage\":\"en-US\"},{\"@type\":\"WebPage\",\"@id\":\"https:\/\/amel-paulukat.com\/eft-emotional-freedom-techniques-in-essen\/\",\"url\":\"https:\/\/amel-paulukat.com\/eft-emotional-freedom-techniques-in-essen\/\",\"name\":\"EFT (Emotional Freedom Techniques)\",\"isPartOf\":{\"@id\":\"https:\/\/amel-paulukat.com\/#website\"},\"primaryImageOfPage\":{\"@id\":\"https:\/\/amel-paulukat.com\/eft-emotional-freedom-techniques-in-essen\/#primaryimage\"},\"image\":{\"@id\":\"https:\/\/amel-paulukat.com\/eft-emotional-freedom-techniques-in-essen\/#primaryimage\"},\"thumbnailUrl\":\"https:\/\/amel-paulukat.com\/wp-content\/uploads\/2026\/02\/eft-klopftechnik-essen.jpg\",\"datePublished\":\"2026-02-25T19:44:39+00:00\",\"dateModified\":\"2026-02-25T20:23:14+00:00\",\"description\":\"EFT (Emotional Freedom Techniques) Durch das sanfte Klopfen bestimmter Akupunkturpunkte in Kombination mit bewusster Selbstwahrnehmung wird das Nervensystem beruhigt und die F\u00e4higkeit zur Selbstregulation gest\u00e4rkt.\",\"breadcrumb\":{\"@id\":\"https:\/\/amel-paulukat.com\/eft-emotional-freedom-techniques-in-essen\/#breadcrumb\"},\"inLanguage\":\"en-US\",\"potentialAction\":[{\"@type\":\"ReadAction\",\"target\":[\"https:\/\/amel-paulukat.com\/eft-emotional-freedom-techniques-in-essen\/\"]}]},{\"@type\":\"ImageObject\",\"inLanguage\":\"en-US\",\"@id\":\"https:\/\/amel-paulukat.com\/eft-emotional-freedom-techniques-in-essen\/#primaryimage\",\"url\":\"https:\/\/amel-paulukat.com\/wp-content\/uploads\/2026\/02\/eft-klopftechnik-essen.jpg\",\"contentUrl\":\"https:\/\/amel-paulukat.com\/wp-content\/uploads\/2026\/02\/eft-klopftechnik-essen.jpg\",\"width\":516,\"height\":516},{\"@type\":\"BreadcrumbList\",\"@id\":\"https:\/\/amel-paulukat.com\/eft-emotional-freedom-techniques-in-essen\/#breadcrumb\",\"itemListElement\":[{\"@type\":\"ListItem\",\"position\":1,\"name\":\"Home\",\"item\":\"https:\/\/amel-paulukat.com\/\"},{\"@type\":\"ListItem\",\"position\":2,\"name\":\"EFT (Emotional Freedom Techniques)\"}]},{\"@type\":\"WebSite\",\"@id\":\"https:\/\/amel-paulukat.com\/#website\",\"url\":\"https:\/\/amel-paulukat.com\/\",\"name\":\"Amel Paulukat\",\"description\":\"Therapeutische Beratung Konfliktl\u00f6sung & Meditation\",\"publisher\":{\"@id\":\"https:\/\/amel-paulukat.com\/#\/schema\/person\/cd05944b0f597d1839ccee7266348297\"},\"potentialAction\":[{\"@type\":\"SearchAction\",\"target\":{\"@type\":\"EntryPoint\",\"urlTemplate\":\"https:\/\/amel-paulukat.com\/?s={search_term_string}\"},\"query-input\":{\"@type\":\"PropertyValueSpecification\",\"valueRequired\":true,\"valueName\":\"search_term_string\"}}],\"inLanguage\":\"en-US\"},{\"@type\":[\"Person\",\"Organization\"],\"@id\":\"https:\/\/amel-paulukat.com\/#\/schema\/person\/cd05944b0f597d1839ccee7266348297\",\"name\":\"Amel Paulukat\",\"image\":{\"@type\":\"ImageObject\",\"inLanguage\":\"en-US\",\"@id\":\"https:\/\/amel-paulukat.com\/#\/schema\/person\/image\/\",\"url\":\"https:\/\/amel-paulukat.com\/wp-content\/uploads\/2020\/05\/Amel-Manai_Logo.png\",\"contentUrl\":\"https:\/\/amel-paulukat.com\/wp-content\/uploads\/2020\/05\/Amel-Manai_Logo.png\",\"width\":507,\"height\":341,\"caption\":\"Amel Paulukat\"},\"logo\":{\"@id\":\"https:\/\/amel-paulukat.com\/#\/schema\/person\/image\/\"},\"sameAs\":[\"https:\/\/amel-paulukat.com\"]},{\"@type\":\"Person\",\"@id\":\"https:\/\/amel-paulukat.com\/#\/schema\/person\/2c32c3b1567bfea1878f29f33dec9a68\",\"name\":\"Iulia Constantinescu\",\"url\":\"https:\/\/amel-paulukat.com\/en\/author\/iulia\/\"}]}<\/script>\n<!-- \/ Yoast SEO plugin. -->","yoast_head_json":{"title":"EFT (Emotional Freedom Techniques)","description":"EFT (Emotional Freedom Techniques) Durch das sanfte Klopfen bestimmter Akupunkturpunkte in Kombination mit bewusster Selbstwahrnehmung wird das Nervensystem beruhigt und die F\u00e4higkeit zur Selbstregulation gest\u00e4rkt.","robots":{"index":"index","follow":"follow","max-snippet":"max-snippet:-1","max-image-preview":"max-image-preview:large","max-video-preview":"max-video-preview:-1"},"canonical":"https:\/\/amel-paulukat.com\/en\/eft-emotional-freedom-techniques-in-essen\/","og_locale":"en_US","og_type":"article","og_title":"[:de]EFT (Emotional Freedom Techniques)[:] - Amel Paulukat","og_description":"[:de]EFT (Emotional Freedom Techniques) Durch das sanfte Klopfen bestimmter Akupunkturpunkte in Kombination mit bewusster Selbstwahrnehmung wird das Nervensystem beruhigt und die F\u00e4higkeit zur Selbstregulation gest\u00e4rkt.[:]","og_url":"https:\/\/amel-paulukat.com\/en\/eft-emotional-freedom-techniques-in-essen\/","og_site_name":"Amel Paulukat","article_modified_time":"2026-02-25T20:23:14+00:00","og_image":[{"width":516,"height":516,"url":"https:\/\/amel-paulukat.com\/wp-content\/uploads\/2026\/02\/eft-klopftechnik-essen.jpg","type":"image\/jpeg"}],"twitter_card":"summary_large_image","twitter_misc":{"Est. reading time":"2 minutes"},"schema":{"@context":"https:\/\/schema.org","@graph":[{"@type":"Article","@id":"https:\/\/amel-paulukat.com\/eft-emotional-freedom-techniques-in-essen\/#article","isPartOf":{"@id":"https:\/\/amel-paulukat.com\/eft-emotional-freedom-techniques-in-essen\/"},"author":{"name":"Iulia Constantinescu","@id":"https:\/\/amel-paulukat.com\/#\/schema\/person\/2c32c3b1567bfea1878f29f33dec9a68"},"headline":"EFT (Emotional Freedom Techniques)","datePublished":"2026-02-25T19:44:39+00:00","dateModified":"2026-02-25T20:23:14+00:00","mainEntityOfPage":{"@id":"https:\/\/amel-paulukat.com\/eft-emotional-freedom-techniques-in-essen\/"},"wordCount":460,"publisher":{"@id":"https:\/\/amel-paulukat.com\/#\/schema\/person\/cd05944b0f597d1839ccee7266348297"},"image":{"@id":"https:\/\/amel-paulukat.com\/eft-emotional-freedom-techniques-in-essen\/#primaryimage"},"thumbnailUrl":"https:\/\/amel-paulukat.com\/wp-content\/uploads\/2026\/02\/eft-klopftechnik-essen.jpg","inLanguage":"en-US"},{"@type":"WebPage","@id":"https:\/\/amel-paulukat.com\/eft-emotional-freedom-techniques-in-essen\/","url":"https:\/\/amel-paulukat.com\/eft-emotional-freedom-techniques-in-essen\/","name":"EFT (Emotional Freedom Techniques)","isPartOf":{"@id":"https:\/\/amel-paulukat.com\/#website"},"primaryImageOfPage":{"@id":"https:\/\/amel-paulukat.com\/eft-emotional-freedom-techniques-in-essen\/#primaryimage"},"image":{"@id":"https:\/\/amel-paulukat.com\/eft-emotional-freedom-techniques-in-essen\/#primaryimage"},"thumbnailUrl":"https:\/\/amel-paulukat.com\/wp-content\/uploads\/2026\/02\/eft-klopftechnik-essen.jpg","datePublished":"2026-02-25T19:44:39+00:00","dateModified":"2026-02-25T20:23:14+00:00","description":"EFT (Emotional Freedom Techniques) Durch das sanfte Klopfen bestimmter Akupunkturpunkte in Kombination mit bewusster Selbstwahrnehmung wird das Nervensystem beruhigt und die F\u00e4higkeit zur Selbstregulation gest\u00e4rkt.","breadcrumb":{"@id":"https:\/\/amel-paulukat.com\/eft-emotional-freedom-techniques-in-essen\/#breadcrumb"},"inLanguage":"en-US","potentialAction":[{"@type":"ReadAction","target":["https:\/\/amel-paulukat.com\/eft-emotional-freedom-techniques-in-essen\/"]}]},{"@type":"ImageObject","inLanguage":"en-US","@id":"https:\/\/amel-paulukat.com\/eft-emotional-freedom-techniques-in-essen\/#primaryimage","url":"https:\/\/amel-paulukat.com\/wp-content\/uploads\/2026\/02\/eft-klopftechnik-essen.jpg","contentUrl":"https:\/\/amel-paulukat.com\/wp-content\/uploads\/2026\/02\/eft-klopftechnik-essen.jpg","width":516,"height":516},{"@type":"BreadcrumbList","@id":"https:\/\/amel-paulukat.com\/eft-emotional-freedom-techniques-in-essen\/#breadcrumb","itemListElement":[{"@type":"ListItem","position":1,"name":"Home","item":"https:\/\/amel-paulukat.com\/"},{"@type":"ListItem","position":2,"name":"EFT (Emotional Freedom Techniques)"}]},{"@type":"WebSite","@id":"https:\/\/amel-paulukat.com\/#website","url":"https:\/\/amel-paulukat.com\/","name":"Amel Paulukat","description":"Therapeutische Beratung Konfliktl\u00f6sung & Meditation","publisher":{"@id":"https:\/\/amel-paulukat.com\/#\/schema\/person\/cd05944b0f597d1839ccee7266348297"},"potentialAction":[{"@type":"SearchAction","target":{"@type":"EntryPoint","urlTemplate":"https:\/\/amel-paulukat.com\/?s={search_term_string}"},"query-input":{"@type":"PropertyValueSpecification","valueRequired":true,"valueName":"search_term_string"}}],"inLanguage":"en-US"},{"@type":["Person","Organization"],"@id":"https:\/\/amel-paulukat.com\/#\/schema\/person\/cd05944b0f597d1839ccee7266348297","name":"Amel Paulukat","image":{"@type":"ImageObject","inLanguage":"en-US","@id":"https:\/\/amel-paulukat.com\/#\/schema\/person\/image\/","url":"https:\/\/amel-paulukat.com\/wp-content\/uploads\/2020\/05\/Amel-Manai_Logo.png","contentUrl":"https:\/\/amel-paulukat.com\/wp-content\/uploads\/2020\/05\/Amel-Manai_Logo.png","width":507,"height":341,"caption":"Amel Paulukat"},"logo":{"@id":"https:\/\/amel-paulukat.com\/#\/schema\/person\/image\/"},"sameAs":["https:\/\/amel-paulukat.com"]},{"@type":"Person","@id":"https:\/\/amel-paulukat.com\/#\/schema\/person\/2c32c3b1567bfea1878f29f33dec9a68","name":"Iulia Constantinescu","url":"https:\/\/amel-paulukat.com\/en\/author\/iulia\/"}]}},"_links":{"self":[{"href":"https:\/\/amel-paulukat.com\/en\/wp-json\/wp\/v2\/pages\/86542","targetHints":{"allow":["GET"]}}],"collection":[{"href":"https:\/\/amel-paulukat.com\/en\/wp-json\/wp\/v2\/pages"}],"about":[{"href":"https:\/\/amel-paulukat.com\/en\/wp-json\/wp\/v2\/types\/page"}],"author":[{"embeddable":true,"href":"https:\/\/amel-paulukat.com\/en\/wp-json\/wp\/v2\/users\/3"}],"replies":[{"embeddable":true,"href":"https:\/\/amel-paulukat.com\/en\/wp-json\/wp\/v2\/comments?post=86542"}],"version-history":[{"count":8,"href":"https:\/\/amel-paulukat.com\/en\/wp-json\/wp\/v2\/pages\/86542\/revisions"}],"predecessor-version":[{"id":86563,"href":"https:\/\/amel-paulukat.com\/en\/wp-json\/wp\/v2\/pages\/86542\/revisions\/86563"}],"wp:featuredmedia":[{"embeddable":true,"href":"https:\/\/amel-paulukat.com\/en\/wp-json\/wp\/v2\/media\/86558"}],"wp:attachment":[{"href":"https:\/\/amel-paulukat.com\/en\/wp-json\/wp\/v2\/media?parent=86542"}],"curies":[{"name":"wp","href":"https:\/\/api.w.org\/{rel}","templated":true}]}}